
{"id":19151,"date":"2021-03-09T10:35:33","date_gmt":"2019-02-01T09:54:56","guid":{"rendered":"http:\/\/fireware.sites.hyperhosting.co\/?post_type=product&#038;p=19151"},"modified":"2022-09-30T12:19:15","modified_gmt":"2022-09-30T12:19:15","slug":"brennende-muelltonne","status":"publish","type":"product","link":"https:\/\/www.fireware.nl\/de\/product\/brennende-muelltonne\/","title":{"rendered":"Brennende M\u00fclltonne V3"},"content":{"rendered":"\r\n<h2>Vollst\u00e4ndiges Szenario eines Brandes in einem M\u00fcllcontainer<\/h2>\r\n<p>Der Brennende M\u00fclltonne bietet die vollst\u00e4ndige Simulation eines M\u00fcllcontainerbrandes. Mit einem Tastendruck auf Ihrem eigenen Smartphone oder Tablet haben Sie ein komplettes Szenario mit Flammen, Rauch und Ger\u00e4uschen. Und das ist alles in einen rollenden M\u00fcllcontainer eingebaut.<\/p>\r\n<h2>M\u00fcllcontainerbrand inszenieren<\/h2>\r\n<p>Eine <a href=\"https:\/\/www.fireware.nl\/de\/produkt\/nimbo\/\" target=\"_blank\" rel=\"noopener\">Nimbo Rauchmaschine<\/a>, Lautsprecher und eine <a href=\"https:\/\/www.fireware.nl\/de\/produkt\/mini-silkflame\/\" target=\"_blank\" rel=\"noopener\">Mini-Silkflame LED<\/a> wurden im Brennende M\u00fclltonne verbaut. Dar\u00fcber hinaus wurde auch das Gehirn der neuen <a href=\"https:\/\/www.fireware.nl\/de\/produkt\/fireware-pandoras-box\/\" target=\"_blank\" rel=\"noopener\">B\u00fcchse der Pandora V3<\/a> in diese \u00fcberarbeitete Version aufgenommen. Auf diese Weise kann der Ausbilder alle Effekte f\u00fcr die Simulation mit seinem eigenen Smart-Ger\u00e4t steuern. Die Pandora schafft ein WLAN-Netz, an dem Sie sich anmelden k\u00f6nnen, indem Sie einen QR-Code scannen oder manuell diesen Code eingeben. Es wird also keine komplizierte Software ben\u00f6tigt.<\/p>\r\n<p>Nat\u00fcrlich wurde im Brennende M\u00fclltonne auch das Brandger\u00e4usch integriert. Dar\u00fcber hinaus k\u00f6nnen Sie der \u00dcbung beispielsweise das Ger\u00e4usch von Funken, einer Explosion oder eines weinenden Kleinkindes hinzuf\u00fcgen. Damit k\u00f6nnen Sie einen erstaunlichen \u00dcberraschungseffekt f\u00fcr den Sch\u00fcler erzeugen! \u00dcber Ihr Smartphone k\u00f6nnen Sie alle Sounds gleichzeitig abspielen und sogar einen Mix daraus machen.<\/p>\r\n<h2>Containerbrand<\/h2>\r\n<p>Der Brennende M\u00fclltonne sieht aus wie eine echte M\u00fclltonne. Deshalb ist die Inszenierung sehr realistisch. Alle Kabel sind ordentlich verborgen. Zus\u00e4tzlich wurde im Kliko eine Plattform montiert, auf der Papier oder andere Abf\u00e4lle gelagert werden k\u00f6nnen. Auf diese Weise machen Sie die \u00dcbung lebensecht! In Kombination mit den <a href=\"https:\/\/www.fireware.nl\/de\/produkt-kategorie\/uebungs-loeschmitteln\/\" target=\"_blank\" rel=\"noopener\">Apollo LED-\u00dcbungsschauml\u00f6schern<\/a> oder einem CO2-L\u00f6scher k\u00f6nnen Sie sogar eine L\u00f6sch\u00fcbung durchf\u00fchren. Wie realistisch wollen Sie es haben?<\/p>\r\n<p>Wie ein normaler Kliko M\u00fcllcontainer ist die Simulationseinheit verfahrbar. Deshalb ist kann einfach mitgenommen und an vielen Orten eingesetzt werden. Verwenden Sie den Kliko beispielsweise f\u00fcr eine Feuerwehr\u00fcbung in einem Wohngebiet oder Lagerhaus.<\/p>\r\n<p>Mit dem gebrauchsfertigen Szenario wird ein mit mittelstarker Rauchfl\u00fcssigkeit voller Tank mitgeliefert. Um den Effekt noch realistischer zu gestalten und die Nase zu stimulieren, k\u00f6nnen Sie das <a href=\"https:\/\/www.fireware.nl\/de\/produkt\/fireware-burning-smell-spray\/\" target=\"_blank\" rel=\"noopener\">Brandgeruch-Spray<\/a> verwenden.<\/p>\r\n<h2>Sehen Sie sich das Video hier an<\/h2>\r\n<p><iframe src=\"https:\/\/www.youtube.com\/embed\/THtqRCO3oOs?rel=0&amp;hl=de&amp;cc_lang_pref=de&amp;cc_load_policy=1\" width=\"560\" height=\"315\" frameborder=\"0\" allowfullscreen=\"allowfullscreen\"><\/iframe><\/p>\r\n","protected":false},"excerpt":{"rendered":"<ul>\n<li>M\u00fcllcontainer mit eingebauten Flammen-, Rauch- und Soundeffekten;<\/li>\n<li>Steuern Sie die Effekte mit Ihrem eigenen Smartphone oder Tablet;<\/li>\n<li>Spielen Sie alle Soundeffekte gleichzeitig ab oder erstellen Sie einen Mix daraus;<\/li>\n<li>Machen Sie die \u00dcbung lebensecht, indem Sie Papier oder andere Fremdk\u00f6rper auf die Plattform legen;<\/li>\n<li>Ausgestattet mit R\u00e4dern, also einfach zu transportieren;<\/li>\n<li>Die Kabel sind sauber verborgen, um einen realistischen Effekt zu erzielen;<\/li>\n<li>Farbe optional in Gr\u00fcn, Blau, Rot oder Schwarz.<\/li>\n<\/ul>\n","protected":false},"featured_media":57958,"template":"","meta":[],"product_brand":[],"product_cat":[93,216],"product_tag":[],"class_list":{"0":"post-19151","1":"product","2":"type-product","3":"status-publish","4":"has-post-thumbnail","6":"product_cat-demo-produkte","7":"product_cat-simuliertes-feuer","8":"pa_kleuren-blau","9":"pa_kleuren-grun","10":"pa_kleuren-rot","11":"pa_kleuren-schwarz","13":"first","14":"instock","15":"taxable","16":"shipping-taxable","17":"purchasable","18":"product-type-variable"},"yoast_head":"<!-- This site is optimized with the Yoast SEO plugin v27.4 - https:\/\/yoast.com\/product\/yoast-seo-wordpress\/ -->\n<title>Brennende M\u00fclltonne V3 - FireWare<\/title>\n<meta name=\"robots\" content=\"index, follow, max-snippet:-1, max-image-preview:large, max-video-preview:-1\" \/>\n<link rel=\"canonical\" href=\"https:\/\/www.fireware.nl\/de\/product\/brennende-muelltonne\/\" \/>\n<meta property=\"og:locale\" content=\"de_DE\" \/>\n<meta property=\"og:type\" content=\"article\" \/>\n<meta property=\"og:title\" content=\"Brennende M\u00fclltonne V3 - FireWare\" \/>\n<meta property=\"og:description\" content=\"M\u00fcllcontainer mit eingebauten Flammen-, Rauch- und Soundeffekten; Steuern Sie die Effekte mit Ihrem eigenen Smartphone oder Tablet; Spielen Sie alle Soundeffekte gleichzeitig ab oder erstellen Sie einen Mix daraus; Machen Sie die \u00dcbung lebensecht, indem Sie Papier oder andere Fremdk\u00f6rper auf die Plattform legen; Ausgestattet mit R\u00e4dern, also einfach zu transportieren; Die Kabel sind sauber verborgen, um einen realistischen Effekt zu erzielen; Farbe optional in Gr\u00fcn, Blau, Rot oder Schwarz.\" \/>\n<meta property=\"og:url\" content=\"https:\/\/www.fireware.nl\/de\/product\/brennende-muelltonne\/\" \/>\n<meta property=\"og:site_name\" content=\"FireWare\" \/>\n<meta property=\"article:publisher\" content=\"https:\/\/www.facebook.com\/FireWareBV\/\" \/>\n<meta property=\"article:modified_time\" content=\"2022-09-30T12:19:15+00:00\" \/>\n<meta property=\"og:image\" content=\"https:\/\/www.fireware.nl\/wp-content\/uploads\/2019\/01\/025-028-005-Brandende-kliko.jpg\" \/>\n\t<meta property=\"og:image:width\" content=\"600\" \/>\n\t<meta property=\"og:image:height\" content=\"600\" \/>\n\t<meta property=\"og:image:type\" content=\"image\/jpeg\" \/>\n<meta name=\"twitter:card\" content=\"summary_large_image\" \/>\n<meta name=\"twitter:site\" content=\"@FireWarebv\" \/>\n<meta name=\"twitter:label1\" content=\"Gesch\u00e4tzte Lesezeit\" \/>\n\t<meta name=\"twitter:data1\" content=\"2\u00a0Minuten\" \/>\n<script type=\"application\/ld+json\" class=\"yoast-schema-graph\">{\"@context\":\"https:\\\/\\\/schema.org\",\"@graph\":[{\"@type\":\"WebPage\",\"@id\":\"https:\\\/\\\/www.fireware.nl\\\/de\\\/product\\\/brennende-muelltonne\\\/\",\"url\":\"https:\\\/\\\/www.fireware.nl\\\/de\\\/product\\\/brennende-muelltonne\\\/\",\"name\":\"Brennende M\u00fclltonne V3 - FireWare\",\"isPartOf\":{\"@id\":\"https:\\\/\\\/www.fireware.nl\\\/de\\\/#website\"},\"primaryImageOfPage\":{\"@id\":\"https:\\\/\\\/www.fireware.nl\\\/de\\\/product\\\/brennende-muelltonne\\\/#primaryimage\"},\"image\":{\"@id\":\"https:\\\/\\\/www.fireware.nl\\\/de\\\/product\\\/brennende-muelltonne\\\/#primaryimage\"},\"thumbnailUrl\":\"https:\\\/\\\/www.fireware.nl\\\/wp-content\\\/uploads\\\/2019\\\/01\\\/025-028-005-Brandende-kliko.jpg\",\"datePublished\":\"2019-02-01T09:54:56+00:00\",\"dateModified\":\"2022-09-30T12:19:15+00:00\",\"breadcrumb\":{\"@id\":\"https:\\\/\\\/www.fireware.nl\\\/de\\\/product\\\/brennende-muelltonne\\\/#breadcrumb\"},\"inLanguage\":\"de\",\"potentialAction\":[{\"@type\":\"ReadAction\",\"target\":[\"https:\\\/\\\/www.fireware.nl\\\/de\\\/product\\\/brennende-muelltonne\\\/\"]}]},{\"@type\":\"ImageObject\",\"inLanguage\":\"de\",\"@id\":\"https:\\\/\\\/www.fireware.nl\\\/de\\\/product\\\/brennende-muelltonne\\\/#primaryimage\",\"url\":\"https:\\\/\\\/www.fireware.nl\\\/wp-content\\\/uploads\\\/2019\\\/01\\\/025-028-005-Brandende-kliko.jpg\",\"contentUrl\":\"https:\\\/\\\/www.fireware.nl\\\/wp-content\\\/uploads\\\/2019\\\/01\\\/025-028-005-Brandende-kliko.jpg\",\"width\":600,\"height\":600},{\"@type\":\"BreadcrumbList\",\"@id\":\"https:\\\/\\\/www.fireware.nl\\\/de\\\/product\\\/brennende-muelltonne\\\/#breadcrumb\",\"itemListElement\":[{\"@type\":\"ListItem\",\"position\":1,\"name\":\"Home\",\"item\":\"https:\\\/\\\/www.fireware.nl\\\/de\\\/\"},{\"@type\":\"ListItem\",\"position\":2,\"name\":\"Produkte\",\"item\":\"https:\\\/\\\/www.fireware.nl\\\/de\\\/produkte\\\/\"},{\"@type\":\"ListItem\",\"position\":3,\"name\":\"Brennende M\u00fclltonne V3\"}]},{\"@type\":\"WebSite\",\"@id\":\"https:\\\/\\\/www.fireware.nl\\\/de\\\/#website\",\"url\":\"https:\\\/\\\/www.fireware.nl\\\/de\\\/\",\"name\":\"FireWare\",\"description\":\"CREATING REALISTIC  TRAINING ENVIRONMENTS\",\"publisher\":{\"@id\":\"https:\\\/\\\/www.fireware.nl\\\/de\\\/#organization\"},\"potentialAction\":[{\"@type\":\"SearchAction\",\"target\":{\"@type\":\"EntryPoint\",\"urlTemplate\":\"https:\\\/\\\/www.fireware.nl\\\/de\\\/?s={search_term_string}\"},\"query-input\":{\"@type\":\"PropertyValueSpecification\",\"valueRequired\":true,\"valueName\":\"search_term_string\"}}],\"inLanguage\":\"de\"},{\"@type\":\"Organization\",\"@id\":\"https:\\\/\\\/www.fireware.nl\\\/de\\\/#organization\",\"name\":\"FireWare\",\"url\":\"https:\\\/\\\/www.fireware.nl\\\/de\\\/\",\"logo\":{\"@type\":\"ImageObject\",\"inLanguage\":\"de\",\"@id\":\"https:\\\/\\\/www.fireware.nl\\\/de\\\/#\\\/schema\\\/logo\\\/image\\\/\",\"url\":\"https:\\\/\\\/www.fireware.nl\\\/wp-content\\\/uploads\\\/2018\\\/10\\\/fireware-logo.png\",\"contentUrl\":\"https:\\\/\\\/www.fireware.nl\\\/wp-content\\\/uploads\\\/2018\\\/10\\\/fireware-logo.png\",\"width\":200,\"height\":86,\"caption\":\"FireWare\"},\"image\":{\"@id\":\"https:\\\/\\\/www.fireware.nl\\\/de\\\/#\\\/schema\\\/logo\\\/image\\\/\"},\"sameAs\":[\"https:\\\/\\\/www.facebook.com\\\/FireWareBV\\\/\",\"https:\\\/\\\/x.com\\\/FireWarebv\",\"https:\\\/\\\/www.instagram.com\\\/fireware_nl\\\/\",\"https:\\\/\\\/www.linkedin.com\\\/company\\\/3586017\\\/\",\"https:\\\/\\\/www.youtube.com\\\/user\\\/firesalesrentconsult\"]}]}<\/script>\n<!-- \/ Yoast SEO plugin. -->","yoast_head_json":{"title":"Brennende M\u00fclltonne V3 - FireWare","robots":{"index":"index","follow":"follow","max-snippet":"max-snippet:-1","max-image-preview":"max-image-preview:large","max-video-preview":"max-video-preview:-1"},"canonical":"https:\/\/www.fireware.nl\/de\/product\/brennende-muelltonne\/","og_locale":"de_DE","og_type":"article","og_title":"Brennende M\u00fclltonne V3 - FireWare","og_description":"M\u00fcllcontainer mit eingebauten Flammen-, Rauch- und Soundeffekten; Steuern Sie die Effekte mit Ihrem eigenen Smartphone oder Tablet; Spielen Sie alle Soundeffekte gleichzeitig ab oder erstellen Sie einen Mix daraus; Machen Sie die \u00dcbung lebensecht, indem Sie Papier oder andere Fremdk\u00f6rper auf die Plattform legen; Ausgestattet mit R\u00e4dern, also einfach zu transportieren; Die Kabel sind sauber verborgen, um einen realistischen Effekt zu erzielen; Farbe optional in Gr\u00fcn, Blau, Rot oder Schwarz.","og_url":"https:\/\/www.fireware.nl\/de\/product\/brennende-muelltonne\/","og_site_name":"FireWare","article_publisher":"https:\/\/www.facebook.com\/FireWareBV\/","article_modified_time":"2022-09-30T12:19:15+00:00","og_image":[{"width":600,"height":600,"url":"https:\/\/www.fireware.nl\/wp-content\/uploads\/2019\/01\/025-028-005-Brandende-kliko.jpg","type":"image\/jpeg"}],"twitter_card":"summary_large_image","twitter_site":"@FireWarebv","twitter_misc":{"Gesch\u00e4tzte Lesezeit":"2\u00a0Minuten"},"schema":{"@context":"https:\/\/schema.org","@graph":[{"@type":"WebPage","@id":"https:\/\/www.fireware.nl\/de\/product\/brennende-muelltonne\/","url":"https:\/\/www.fireware.nl\/de\/product\/brennende-muelltonne\/","name":"Brennende M\u00fclltonne V3 - FireWare","isPartOf":{"@id":"https:\/\/www.fireware.nl\/de\/#website"},"primaryImageOfPage":{"@id":"https:\/\/www.fireware.nl\/de\/product\/brennende-muelltonne\/#primaryimage"},"image":{"@id":"https:\/\/www.fireware.nl\/de\/product\/brennende-muelltonne\/#primaryimage"},"thumbnailUrl":"https:\/\/www.fireware.nl\/wp-content\/uploads\/2019\/01\/025-028-005-Brandende-kliko.jpg","datePublished":"2019-02-01T09:54:56+00:00","dateModified":"2022-09-30T12:19:15+00:00","breadcrumb":{"@id":"https:\/\/www.fireware.nl\/de\/product\/brennende-muelltonne\/#breadcrumb"},"inLanguage":"de","potentialAction":[{"@type":"ReadAction","target":["https:\/\/www.fireware.nl\/de\/product\/brennende-muelltonne\/"]}]},{"@type":"ImageObject","inLanguage":"de","@id":"https:\/\/www.fireware.nl\/de\/product\/brennende-muelltonne\/#primaryimage","url":"https:\/\/www.fireware.nl\/wp-content\/uploads\/2019\/01\/025-028-005-Brandende-kliko.jpg","contentUrl":"https:\/\/www.fireware.nl\/wp-content\/uploads\/2019\/01\/025-028-005-Brandende-kliko.jpg","width":600,"height":600},{"@type":"BreadcrumbList","@id":"https:\/\/www.fireware.nl\/de\/product\/brennende-muelltonne\/#breadcrumb","itemListElement":[{"@type":"ListItem","position":1,"name":"Home","item":"https:\/\/www.fireware.nl\/de\/"},{"@type":"ListItem","position":2,"name":"Produkte","item":"https:\/\/www.fireware.nl\/de\/produkte\/"},{"@type":"ListItem","position":3,"name":"Brennende M\u00fclltonne V3"}]},{"@type":"WebSite","@id":"https:\/\/www.fireware.nl\/de\/#website","url":"https:\/\/www.fireware.nl\/de\/","name":"FireWare","description":"CREATING REALISTIC  TRAINING ENVIRONMENTS","publisher":{"@id":"https:\/\/www.fireware.nl\/de\/#organization"},"potentialAction":[{"@type":"SearchAction","target":{"@type":"EntryPoint","urlTemplate":"https:\/\/www.fireware.nl\/de\/?s={search_term_string}"},"query-input":{"@type":"PropertyValueSpecification","valueRequired":true,"valueName":"search_term_string"}}],"inLanguage":"de"},{"@type":"Organization","@id":"https:\/\/www.fireware.nl\/de\/#organization","name":"FireWare","url":"https:\/\/www.fireware.nl\/de\/","logo":{"@type":"ImageObject","inLanguage":"de","@id":"https:\/\/www.fireware.nl\/de\/#\/schema\/logo\/image\/","url":"https:\/\/www.fireware.nl\/wp-content\/uploads\/2018\/10\/fireware-logo.png","contentUrl":"https:\/\/www.fireware.nl\/wp-content\/uploads\/2018\/10\/fireware-logo.png","width":200,"height":86,"caption":"FireWare"},"image":{"@id":"https:\/\/www.fireware.nl\/de\/#\/schema\/logo\/image\/"},"sameAs":["https:\/\/www.facebook.com\/FireWareBV\/","https:\/\/x.com\/FireWarebv","https:\/\/www.instagram.com\/fireware_nl\/","https:\/\/www.linkedin.com\/company\/3586017\/","https:\/\/www.youtube.com\/user\/firesalesrentconsult"]}]}},"publishpress_future_workflow_manual_trigger":{"enabledWorkflows":[]},"_links":{"self":[{"href":"https:\/\/www.fireware.nl\/de\/wp-json\/wp\/v2\/product\/19151","targetHints":{"allow":["GET"]}}],"collection":[{"href":"https:\/\/www.fireware.nl\/de\/wp-json\/wp\/v2\/product"}],"about":[{"href":"https:\/\/www.fireware.nl\/de\/wp-json\/wp\/v2\/types\/product"}],"wp:featuredmedia":[{"embeddable":true,"href":"https:\/\/www.fireware.nl\/de\/wp-json\/wp\/v2\/media\/57958"}],"wp:attachment":[{"href":"https:\/\/www.fireware.nl\/de\/wp-json\/wp\/v2\/media?parent=19151"}],"wp:term":[{"taxonomy":"product_brand","embeddable":true,"href":"https:\/\/www.fireware.nl\/de\/wp-json\/wp\/v2\/product_brand?post=19151"},{"taxonomy":"product_cat","embeddable":true,"href":"https:\/\/www.fireware.nl\/de\/wp-json\/wp\/v2\/product_cat?post=19151"},{"taxonomy":"product_tag","embeddable":true,"href":"https:\/\/www.fireware.nl\/de\/wp-json\/wp\/v2\/product_tag?post=19151"}],"curies":[{"name":"wp","href":"https:\/\/api.w.org\/{rel}","templated":true}]}}