
{"id":19131,"date":"2019-01-23T12:15:29","date_gmt":"2019-02-01T09:48:03","guid":{"rendered":"http:\/\/fireware.sites.hyperhosting.co\/?post_type=product&#038;p=19131"},"modified":"2024-09-09T14:49:50","modified_gmt":"2024-09-09T14:49:50","slug":"mini-trainer-brandverhalten","status":"publish","type":"product","link":"https:\/\/www.fireware.nl\/de\/product\/mini-trainer-brandverhalten\/","title":{"rendered":"Mini-Trainer Brandverhalten V2"},"content":{"rendered":"\r\n<h2>Unterricht zum Brandverhalten in kleinem Ma\u00dfstab<\/h2>\r\n<p>Der Mini-Trainer Brandverhalten V2 ist ein ma\u00dfstabgetreues Modell, das den Ausbilder dabei hilft, einen Unterricht zum Thema Brandverhalten durchzuf\u00fchren. Mit diesem Lerntool k\u00f6nnen Lehrgangsteilnehmer studieren, wie Flammen aufgebaut sind und den gesamten Prozess eines Feuers beobachten. Die Ausbilder benutzen dieses Tool auch, um die Lehrgangsteilnehmer mit Rauch, Durchfluss, Temperaturen und Flammen \u00fcben zu lassen. Dar\u00fcber hinaus k\u00f6nnen Sie ein Pflanzenspray als L\u00f6schmittel verwenden, um das L\u00f6schen eines Brandes zu unterrichten. In einem solchen Kurs kann es viele Mikro-Lernmomente geben.<\/p>\r\n<p>Der Trainer ist mit Wolle gef\u00fcllt und hat ein Geh\u00e4use aus rostfreiem Edelstahl. Das Produkt besteht aus einem Heizkesselraum und einem Pyrolyseraum. Diese R\u00e4ume k\u00f6nnen mit einer Schiebet\u00fcr abgetrennt werden und sind jeweils mit einer Au\u00dfent\u00fcr versehen. Die Sauerstoffzufuhr und der Rauchabzug k\u00f6nnen mithilfe eines Schiebedachs auf dem Trainer gesteuert werden.<\/p>\r\n<p>Der Pyrolyseraum hat ein Fenster, durch das man die Entwicklung des Feuers verfolgen kann. Es wurden auch St\u00fctzen angebracht, mit denen die Entwicklung eines Feuers in R\u00e4umen mit einer H\u00e4ngedecke demonstriert werden kann.<\/p>\r\n<h3>Video<\/h3>\r\n<p><iframe src=\"https:\/\/player.vimeo.com\/video\/392218992\" width=\"640\" height=\"564\" frameborder=\"0\" allowfullscreen=\"allowfullscreen\"><\/iframe><\/p>\r\n","protected":false},"excerpt":{"rendered":"<ul>\n<li>Kursmaterial f\u00fcr den Unterrichten zum Thema Brandverhalten. Unterst\u00fctzt den Theorieunterricht zur Brandbek\u00e4mpfung.<\/li>\n<li>Geeignet f\u00fcr das Training mit Rauch, Durchfluss, Temperaturen und Flammen.<\/li>\n<li>Beobachtung der gesamten Entwicklung und \u00dcbung der T\u00fcrprozeduren.<\/li>\n<li>Der Trainer wird mit Holz betrieben und hat ein Edelstahlgeh\u00e4use.<\/li>\n<li>Der Heizkesselraum und der Pyrolyseraum sind durch eine Schiebet\u00fcr getrennt und mit jeweils einer Au\u00dfent\u00fcr versehen.<\/li>\n<li>Die Sauerstoffversorgung und der Rauchabzug k\u00f6nnen mit einem Schiebedach geregelt werden.<\/li>\n<li>Option zum Trainieren mit einer H\u00e4ngedecke.<\/li>\n<\/ul>\n","protected":false},"featured_media":21004,"template":"","meta":[],"product_brand":[],"product_cat":[93],"product_tag":[],"class_list":{"0":"post-19131","1":"product","2":"type-product","3":"status-publish","4":"has-post-thumbnail","6":"product_cat-demo-produkte","8":"first","9":"instock","10":"taxable","11":"shipping-taxable","12":"purchasable","13":"product-type-simple"},"yoast_head":"<!-- This site is optimized with the Yoast SEO plugin v27.4 - https:\/\/yoast.com\/product\/yoast-seo-wordpress\/ -->\n<title>Mini-Trainer Brandverhalten V2 - FireWare<\/title>\n<meta name=\"robots\" content=\"index, follow, max-snippet:-1, max-image-preview:large, max-video-preview:-1\" \/>\n<link rel=\"canonical\" href=\"https:\/\/www.fireware.nl\/de\/product\/mini-trainer-brandverhalten\/\" \/>\n<meta property=\"og:locale\" content=\"de_DE\" \/>\n<meta property=\"og:type\" content=\"article\" \/>\n<meta property=\"og:title\" content=\"Mini-Trainer Brandverhalten V2 - FireWare\" \/>\n<meta property=\"og:description\" content=\"Kursmaterial f\u00fcr den Unterrichten zum Thema Brandverhalten. Unterst\u00fctzt den Theorieunterricht zur Brandbek\u00e4mpfung. Geeignet f\u00fcr das Training mit Rauch, Durchfluss, Temperaturen und Flammen. Beobachtung der gesamten Entwicklung und \u00dcbung der T\u00fcrprozeduren. Der Trainer wird mit Holz betrieben und hat ein Edelstahlgeh\u00e4use. Der Heizkesselraum und der Pyrolyseraum sind durch eine Schiebet\u00fcr getrennt und mit jeweils einer Au\u00dfent\u00fcr versehen. Die Sauerstoffversorgung und der Rauchabzug k\u00f6nnen mit einem Schiebedach geregelt werden. Option zum Trainieren mit einer H\u00e4ngedecke.\" \/>\n<meta property=\"og:url\" content=\"https:\/\/www.fireware.nl\/de\/product\/mini-trainer-brandverhalten\/\" \/>\n<meta property=\"og:site_name\" content=\"FireWare\" \/>\n<meta property=\"article:publisher\" content=\"https:\/\/www.facebook.com\/FireWareBV\/\" \/>\n<meta property=\"article:modified_time\" content=\"2024-09-09T14:49:50+00:00\" \/>\n<meta property=\"og:image\" content=\"https:\/\/www.fireware.nl\/wp-content\/uploads\/2019\/01\/049-027-001-Mini-Flashover-Trainer-Voorkant-Dicht.jpg\" \/>\n\t<meta property=\"og:image:width\" content=\"600\" \/>\n\t<meta property=\"og:image:height\" content=\"600\" \/>\n\t<meta property=\"og:image:type\" content=\"image\/jpeg\" \/>\n<meta name=\"twitter:card\" content=\"summary_large_image\" \/>\n<meta name=\"twitter:site\" content=\"@FireWarebv\" \/>\n<meta name=\"twitter:label1\" content=\"Gesch\u00e4tzte Lesezeit\" \/>\n\t<meta name=\"twitter:data1\" content=\"2\u00a0Minuten\" \/>\n<script type=\"application\/ld+json\" class=\"yoast-schema-graph\">{\"@context\":\"https:\\\/\\\/schema.org\",\"@graph\":[{\"@type\":\"WebPage\",\"@id\":\"https:\\\/\\\/www.fireware.nl\\\/de\\\/product\\\/mini-trainer-brandverhalten\\\/\",\"url\":\"https:\\\/\\\/www.fireware.nl\\\/de\\\/product\\\/mini-trainer-brandverhalten\\\/\",\"name\":\"Mini-Trainer Brandverhalten V2 - FireWare\",\"isPartOf\":{\"@id\":\"https:\\\/\\\/www.fireware.nl\\\/de\\\/#website\"},\"primaryImageOfPage\":{\"@id\":\"https:\\\/\\\/www.fireware.nl\\\/de\\\/product\\\/mini-trainer-brandverhalten\\\/#primaryimage\"},\"image\":{\"@id\":\"https:\\\/\\\/www.fireware.nl\\\/de\\\/product\\\/mini-trainer-brandverhalten\\\/#primaryimage\"},\"thumbnailUrl\":\"https:\\\/\\\/www.fireware.nl\\\/wp-content\\\/uploads\\\/2019\\\/01\\\/049-027-001-Mini-Flashover-Trainer-Voorkant-Dicht.jpg\",\"datePublished\":\"2019-02-01T09:48:03+00:00\",\"dateModified\":\"2024-09-09T14:49:50+00:00\",\"breadcrumb\":{\"@id\":\"https:\\\/\\\/www.fireware.nl\\\/de\\\/product\\\/mini-trainer-brandverhalten\\\/#breadcrumb\"},\"inLanguage\":\"de\",\"potentialAction\":[{\"@type\":\"ReadAction\",\"target\":[\"https:\\\/\\\/www.fireware.nl\\\/de\\\/product\\\/mini-trainer-brandverhalten\\\/\"]}]},{\"@type\":\"ImageObject\",\"inLanguage\":\"de\",\"@id\":\"https:\\\/\\\/www.fireware.nl\\\/de\\\/product\\\/mini-trainer-brandverhalten\\\/#primaryimage\",\"url\":\"https:\\\/\\\/www.fireware.nl\\\/wp-content\\\/uploads\\\/2019\\\/01\\\/049-027-001-Mini-Flashover-Trainer-Voorkant-Dicht.jpg\",\"contentUrl\":\"https:\\\/\\\/www.fireware.nl\\\/wp-content\\\/uploads\\\/2019\\\/01\\\/049-027-001-Mini-Flashover-Trainer-Voorkant-Dicht.jpg\",\"width\":600,\"height\":600,\"caption\":\"049-027-001 Mini Flashover Trainer Voorkant Dicht\"},{\"@type\":\"BreadcrumbList\",\"@id\":\"https:\\\/\\\/www.fireware.nl\\\/de\\\/product\\\/mini-trainer-brandverhalten\\\/#breadcrumb\",\"itemListElement\":[{\"@type\":\"ListItem\",\"position\":1,\"name\":\"Home\",\"item\":\"https:\\\/\\\/www.fireware.nl\\\/de\\\/\"},{\"@type\":\"ListItem\",\"position\":2,\"name\":\"Produkte\",\"item\":\"https:\\\/\\\/www.fireware.nl\\\/de\\\/produkte\\\/\"},{\"@type\":\"ListItem\",\"position\":3,\"name\":\"Mini-Trainer Brandverhalten V2\"}]},{\"@type\":\"WebSite\",\"@id\":\"https:\\\/\\\/www.fireware.nl\\\/de\\\/#website\",\"url\":\"https:\\\/\\\/www.fireware.nl\\\/de\\\/\",\"name\":\"FireWare\",\"description\":\"CREATING REALISTIC  TRAINING ENVIRONMENTS\",\"publisher\":{\"@id\":\"https:\\\/\\\/www.fireware.nl\\\/de\\\/#organization\"},\"potentialAction\":[{\"@type\":\"SearchAction\",\"target\":{\"@type\":\"EntryPoint\",\"urlTemplate\":\"https:\\\/\\\/www.fireware.nl\\\/de\\\/?s={search_term_string}\"},\"query-input\":{\"@type\":\"PropertyValueSpecification\",\"valueRequired\":true,\"valueName\":\"search_term_string\"}}],\"inLanguage\":\"de\"},{\"@type\":\"Organization\",\"@id\":\"https:\\\/\\\/www.fireware.nl\\\/de\\\/#organization\",\"name\":\"FireWare\",\"url\":\"https:\\\/\\\/www.fireware.nl\\\/de\\\/\",\"logo\":{\"@type\":\"ImageObject\",\"inLanguage\":\"de\",\"@id\":\"https:\\\/\\\/www.fireware.nl\\\/de\\\/#\\\/schema\\\/logo\\\/image\\\/\",\"url\":\"https:\\\/\\\/www.fireware.nl\\\/wp-content\\\/uploads\\\/2018\\\/10\\\/fireware-logo.png\",\"contentUrl\":\"https:\\\/\\\/www.fireware.nl\\\/wp-content\\\/uploads\\\/2018\\\/10\\\/fireware-logo.png\",\"width\":200,\"height\":86,\"caption\":\"FireWare\"},\"image\":{\"@id\":\"https:\\\/\\\/www.fireware.nl\\\/de\\\/#\\\/schema\\\/logo\\\/image\\\/\"},\"sameAs\":[\"https:\\\/\\\/www.facebook.com\\\/FireWareBV\\\/\",\"https:\\\/\\\/x.com\\\/FireWarebv\",\"https:\\\/\\\/www.instagram.com\\\/fireware_nl\\\/\",\"https:\\\/\\\/www.linkedin.com\\\/company\\\/3586017\\\/\",\"https:\\\/\\\/www.youtube.com\\\/user\\\/firesalesrentconsult\"]}]}<\/script>\n<!-- \/ Yoast SEO plugin. -->","yoast_head_json":{"title":"Mini-Trainer Brandverhalten V2 - FireWare","robots":{"index":"index","follow":"follow","max-snippet":"max-snippet:-1","max-image-preview":"max-image-preview:large","max-video-preview":"max-video-preview:-1"},"canonical":"https:\/\/www.fireware.nl\/de\/product\/mini-trainer-brandverhalten\/","og_locale":"de_DE","og_type":"article","og_title":"Mini-Trainer Brandverhalten V2 - FireWare","og_description":"Kursmaterial f\u00fcr den Unterrichten zum Thema Brandverhalten. Unterst\u00fctzt den Theorieunterricht zur Brandbek\u00e4mpfung. Geeignet f\u00fcr das Training mit Rauch, Durchfluss, Temperaturen und Flammen. Beobachtung der gesamten Entwicklung und \u00dcbung der T\u00fcrprozeduren. Der Trainer wird mit Holz betrieben und hat ein Edelstahlgeh\u00e4use. Der Heizkesselraum und der Pyrolyseraum sind durch eine Schiebet\u00fcr getrennt und mit jeweils einer Au\u00dfent\u00fcr versehen. Die Sauerstoffversorgung und der Rauchabzug k\u00f6nnen mit einem Schiebedach geregelt werden. Option zum Trainieren mit einer H\u00e4ngedecke.","og_url":"https:\/\/www.fireware.nl\/de\/product\/mini-trainer-brandverhalten\/","og_site_name":"FireWare","article_publisher":"https:\/\/www.facebook.com\/FireWareBV\/","article_modified_time":"2024-09-09T14:49:50+00:00","og_image":[{"width":600,"height":600,"url":"https:\/\/www.fireware.nl\/wp-content\/uploads\/2019\/01\/049-027-001-Mini-Flashover-Trainer-Voorkant-Dicht.jpg","type":"image\/jpeg"}],"twitter_card":"summary_large_image","twitter_site":"@FireWarebv","twitter_misc":{"Gesch\u00e4tzte Lesezeit":"2\u00a0Minuten"},"schema":{"@context":"https:\/\/schema.org","@graph":[{"@type":"WebPage","@id":"https:\/\/www.fireware.nl\/de\/product\/mini-trainer-brandverhalten\/","url":"https:\/\/www.fireware.nl\/de\/product\/mini-trainer-brandverhalten\/","name":"Mini-Trainer Brandverhalten V2 - FireWare","isPartOf":{"@id":"https:\/\/www.fireware.nl\/de\/#website"},"primaryImageOfPage":{"@id":"https:\/\/www.fireware.nl\/de\/product\/mini-trainer-brandverhalten\/#primaryimage"},"image":{"@id":"https:\/\/www.fireware.nl\/de\/product\/mini-trainer-brandverhalten\/#primaryimage"},"thumbnailUrl":"https:\/\/www.fireware.nl\/wp-content\/uploads\/2019\/01\/049-027-001-Mini-Flashover-Trainer-Voorkant-Dicht.jpg","datePublished":"2019-02-01T09:48:03+00:00","dateModified":"2024-09-09T14:49:50+00:00","breadcrumb":{"@id":"https:\/\/www.fireware.nl\/de\/product\/mini-trainer-brandverhalten\/#breadcrumb"},"inLanguage":"de","potentialAction":[{"@type":"ReadAction","target":["https:\/\/www.fireware.nl\/de\/product\/mini-trainer-brandverhalten\/"]}]},{"@type":"ImageObject","inLanguage":"de","@id":"https:\/\/www.fireware.nl\/de\/product\/mini-trainer-brandverhalten\/#primaryimage","url":"https:\/\/www.fireware.nl\/wp-content\/uploads\/2019\/01\/049-027-001-Mini-Flashover-Trainer-Voorkant-Dicht.jpg","contentUrl":"https:\/\/www.fireware.nl\/wp-content\/uploads\/2019\/01\/049-027-001-Mini-Flashover-Trainer-Voorkant-Dicht.jpg","width":600,"height":600,"caption":"049-027-001 Mini Flashover Trainer Voorkant Dicht"},{"@type":"BreadcrumbList","@id":"https:\/\/www.fireware.nl\/de\/product\/mini-trainer-brandverhalten\/#breadcrumb","itemListElement":[{"@type":"ListItem","position":1,"name":"Home","item":"https:\/\/www.fireware.nl\/de\/"},{"@type":"ListItem","position":2,"name":"Produkte","item":"https:\/\/www.fireware.nl\/de\/produkte\/"},{"@type":"ListItem","position":3,"name":"Mini-Trainer Brandverhalten V2"}]},{"@type":"WebSite","@id":"https:\/\/www.fireware.nl\/de\/#website","url":"https:\/\/www.fireware.nl\/de\/","name":"FireWare","description":"CREATING REALISTIC  TRAINING ENVIRONMENTS","publisher":{"@id":"https:\/\/www.fireware.nl\/de\/#organization"},"potentialAction":[{"@type":"SearchAction","target":{"@type":"EntryPoint","urlTemplate":"https:\/\/www.fireware.nl\/de\/?s={search_term_string}"},"query-input":{"@type":"PropertyValueSpecification","valueRequired":true,"valueName":"search_term_string"}}],"inLanguage":"de"},{"@type":"Organization","@id":"https:\/\/www.fireware.nl\/de\/#organization","name":"FireWare","url":"https:\/\/www.fireware.nl\/de\/","logo":{"@type":"ImageObject","inLanguage":"de","@id":"https:\/\/www.fireware.nl\/de\/#\/schema\/logo\/image\/","url":"https:\/\/www.fireware.nl\/wp-content\/uploads\/2018\/10\/fireware-logo.png","contentUrl":"https:\/\/www.fireware.nl\/wp-content\/uploads\/2018\/10\/fireware-logo.png","width":200,"height":86,"caption":"FireWare"},"image":{"@id":"https:\/\/www.fireware.nl\/de\/#\/schema\/logo\/image\/"},"sameAs":["https:\/\/www.facebook.com\/FireWareBV\/","https:\/\/x.com\/FireWarebv","https:\/\/www.instagram.com\/fireware_nl\/","https:\/\/www.linkedin.com\/company\/3586017\/","https:\/\/www.youtube.com\/user\/firesalesrentconsult"]}]}},"publishpress_future_workflow_manual_trigger":{"enabledWorkflows":[]},"_links":{"self":[{"href":"https:\/\/www.fireware.nl\/de\/wp-json\/wp\/v2\/product\/19131","targetHints":{"allow":["GET"]}}],"collection":[{"href":"https:\/\/www.fireware.nl\/de\/wp-json\/wp\/v2\/product"}],"about":[{"href":"https:\/\/www.fireware.nl\/de\/wp-json\/wp\/v2\/types\/product"}],"wp:featuredmedia":[{"embeddable":true,"href":"https:\/\/www.fireware.nl\/de\/wp-json\/wp\/v2\/media\/21004"}],"wp:attachment":[{"href":"https:\/\/www.fireware.nl\/de\/wp-json\/wp\/v2\/media?parent=19131"}],"wp:term":[{"taxonomy":"product_brand","embeddable":true,"href":"https:\/\/www.fireware.nl\/de\/wp-json\/wp\/v2\/product_brand?post=19131"},{"taxonomy":"product_cat","embeddable":true,"href":"https:\/\/www.fireware.nl\/de\/wp-json\/wp\/v2\/product_cat?post=19131"},{"taxonomy":"product_tag","embeddable":true,"href":"https:\/\/www.fireware.nl\/de\/wp-json\/wp\/v2\/product_tag?post=19131"}],"curies":[{"name":"wp","href":"https:\/\/api.w.org\/{rel}","templated":true}]}}