
{"id":19015,"date":"2019-01-23T12:16:10","date_gmt":"2019-02-01T09:15:27","guid":{"rendered":"http:\/\/fireware.sites.hyperhosting.co\/?post_type=product&#038;p=19015"},"modified":"2022-11-11T09:23:42","modified_gmt":"2022-11-11T09:23:42","slug":"verlaufstueck-cirrus","status":"publish","type":"product","link":"https:\/\/www.fireware.nl\/de\/produkt\/verlaufstueck-cirrus\/","title":{"rendered":"Verlaufst\u00fcck Cirrus"},"content":{"rendered":"<p>Sie k\u00f6nnen mit diesem Verlaufst\u00fcck ein Schlauchst\u00fcck an Ihre Nebelmaschine kuppeln. Man befestigt den Adapter mit zwei Schrauben an der Maschine. Danach braucht man diesen nicht mehr zu entfernen.<\/p>\n<p>Sie k\u00f6nnen dann einen Silikonschlauch mit einem Durchmesser von 32 Millimetern an die Maschine kuppeln. Dieser Adapter ist f\u00fcr die Akku-Nebelmaschine Cirrus geeignet.<\/p>\n<p>So einen Schlauch verwendet man vor allem\u00a0verwendet, wenn die Nebelmaschine weiter vom Inszenierungsort entfernt stehen muss. Zum Beispiel, weil man bei einer \u00dcbung Wasser verwendet. Ein Nebelschlauch kann auch bei der Simulation von Leckagen praktisch sein.<\/p>\n<p>Manchmal passt eine Nebelmaschine auch nicht ganz in ein Effekteger\u00e4t. Ein Nebelschlauch kann auch hervorragend zur Simulation eines Brandes in einem Ofen, einem M\u00fclleimer oder einem Bildschirm geeignet sein.<\/p>\n","protected":false},"excerpt":{"rendered":"<ul>\n<li>Verlaufst\u00fcck zum Anschluss eines Silikonschlauchs.<\/li>\n<li>F\u00fcr die Akku-Nebelmaschinen Cirrus.<\/li>\n<li>Eignet sich f\u00fcr einen Schlauch mit einem Durchmesser von 32 Millimetern.<\/li>\n<li>L\u00e4sst sich leicht mit zwei Schrauben befestigen<\/li>\n<\/ul>\n","protected":false},"featured_media":20754,"template":"","meta":[],"product_brand":[],"product_cat":[83],"product_tag":[],"class_list":{"0":"post-19015","1":"product","2":"type-product","3":"status-publish","4":"has-post-thumbnail","6":"product_cat-extras-fuer-nebelmaschinen","8":"first","9":"instock","10":"taxable","11":"shipping-taxable","12":"purchasable","13":"product-type-simple"},"yoast_head":"<!-- This site is optimized with the Yoast SEO plugin v27.2 - https:\/\/yoast.com\/product\/yoast-seo-wordpress\/ -->\n<title>Verlaufst\u00fcck Cirrus - FireWare<\/title>\n<meta name=\"robots\" content=\"index, follow, max-snippet:-1, max-image-preview:large, max-video-preview:-1\" \/>\n<link rel=\"canonical\" href=\"https:\/\/www.fireware.nl\/de\/produkt\/verlaufstueck-cirrus\/\" \/>\n<meta property=\"og:locale\" content=\"de_DE\" \/>\n<meta property=\"og:type\" content=\"article\" \/>\n<meta property=\"og:title\" content=\"Verlaufst\u00fcck Cirrus - FireWare\" \/>\n<meta property=\"og:description\" content=\"Verlaufst\u00fcck zum Anschluss eines Silikonschlauchs.  F\u00fcr die Akku-Nebelmaschinen Cirrus.  Eignet sich f\u00fcr einen Schlauch mit einem Durchmesser von 32 Millimetern.  L\u00e4sst sich leicht mit zwei Schrauben befestigen\" \/>\n<meta property=\"og:url\" content=\"https:\/\/www.fireware.nl\/de\/produkt\/verlaufstueck-cirrus\/\" \/>\n<meta property=\"og:site_name\" content=\"FireWare\" \/>\n<meta property=\"article:publisher\" content=\"https:\/\/www.facebook.com\/FireWareBV\/\" \/>\n<meta property=\"article:modified_time\" content=\"2022-11-11T09:23:42+00:00\" \/>\n<meta property=\"og:image\" content=\"https:\/\/www.fireware.nl\/wp-content\/uploads\/2019\/01\/008-002-010-Cirrus-Slangadapter.jpg\" \/>\n\t<meta property=\"og:image:width\" content=\"600\" \/>\n\t<meta property=\"og:image:height\" content=\"600\" \/>\n\t<meta property=\"og:image:type\" content=\"image\/jpeg\" \/>\n<meta name=\"twitter:card\" content=\"summary_large_image\" \/>\n<meta name=\"twitter:site\" content=\"@FireWarebv\" \/>\n<meta name=\"twitter:label1\" content=\"Gesch\u00e4tzte Lesezeit\" \/>\n\t<meta name=\"twitter:data1\" content=\"1\u00a0Minute\" \/>\n<script type=\"application\/ld+json\" class=\"yoast-schema-graph\">{\"@context\":\"https:\/\/schema.org\",\"@graph\":[{\"@type\":\"WebPage\",\"@id\":\"https:\/\/www.fireware.nl\/de\/produkt\/verlaufstueck-cirrus\/\",\"url\":\"https:\/\/www.fireware.nl\/de\/produkt\/verlaufstueck-cirrus\/\",\"name\":\"Verlaufst\u00fcck Cirrus - FireWare\",\"isPartOf\":{\"@id\":\"https:\/\/www.fireware.nl\/de\/#website\"},\"primaryImageOfPage\":{\"@id\":\"https:\/\/www.fireware.nl\/de\/produkt\/verlaufstueck-cirrus\/#primaryimage\"},\"image\":{\"@id\":\"https:\/\/www.fireware.nl\/de\/produkt\/verlaufstueck-cirrus\/#primaryimage\"},\"thumbnailUrl\":\"https:\/\/www.fireware.nl\/wp-content\/uploads\/2019\/01\/008-002-010-Cirrus-Slangadapter.jpg\",\"datePublished\":\"2019-02-01T09:15:27+00:00\",\"dateModified\":\"2022-11-11T09:23:42+00:00\",\"breadcrumb\":{\"@id\":\"https:\/\/www.fireware.nl\/de\/produkt\/verlaufstueck-cirrus\/#breadcrumb\"},\"inLanguage\":\"de\",\"potentialAction\":[{\"@type\":\"ReadAction\",\"target\":[\"https:\/\/www.fireware.nl\/de\/produkt\/verlaufstueck-cirrus\/\"]}]},{\"@type\":\"ImageObject\",\"inLanguage\":\"de\",\"@id\":\"https:\/\/www.fireware.nl\/de\/produkt\/verlaufstueck-cirrus\/#primaryimage\",\"url\":\"https:\/\/www.fireware.nl\/wp-content\/uploads\/2019\/01\/008-002-010-Cirrus-Slangadapter.jpg\",\"contentUrl\":\"https:\/\/www.fireware.nl\/wp-content\/uploads\/2019\/01\/008-002-010-Cirrus-Slangadapter.jpg\",\"width\":600,\"height\":600,\"caption\":\"008-002-010 Cirrus Slangadapter\"},{\"@type\":\"BreadcrumbList\",\"@id\":\"https:\/\/www.fireware.nl\/de\/produkt\/verlaufstueck-cirrus\/#breadcrumb\",\"itemListElement\":[{\"@type\":\"ListItem\",\"position\":1,\"name\":\"Home\",\"item\":\"https:\/\/www.fireware.nl\/de\/\"},{\"@type\":\"ListItem\",\"position\":2,\"name\":\"Produkte\",\"item\":\"https:\/\/www.fireware.nl\/de\/produkte\/\"},{\"@type\":\"ListItem\",\"position\":3,\"name\":\"Verlaufst\u00fcck Cirrus\"}]},{\"@type\":\"WebSite\",\"@id\":\"https:\/\/www.fireware.nl\/de\/#website\",\"url\":\"https:\/\/www.fireware.nl\/de\/\",\"name\":\"FireWare\",\"description\":\"CREATING REALISTIC  TRAINING ENVIRONMENTS\",\"publisher\":{\"@id\":\"https:\/\/www.fireware.nl\/de\/#organization\"},\"potentialAction\":[{\"@type\":\"SearchAction\",\"target\":{\"@type\":\"EntryPoint\",\"urlTemplate\":\"https:\/\/www.fireware.nl\/de\/?s={search_term_string}\"},\"query-input\":{\"@type\":\"PropertyValueSpecification\",\"valueRequired\":true,\"valueName\":\"search_term_string\"}}],\"inLanguage\":\"de\"},{\"@type\":\"Organization\",\"@id\":\"https:\/\/www.fireware.nl\/de\/#organization\",\"name\":\"FireWare\",\"url\":\"https:\/\/www.fireware.nl\/de\/\",\"logo\":{\"@type\":\"ImageObject\",\"inLanguage\":\"de\",\"@id\":\"https:\/\/www.fireware.nl\/de\/#\/schema\/logo\/image\/\",\"url\":\"https:\/\/www.fireware.nl\/wp-content\/uploads\/2018\/10\/fireware-logo.png\",\"contentUrl\":\"https:\/\/www.fireware.nl\/wp-content\/uploads\/2018\/10\/fireware-logo.png\",\"width\":200,\"height\":86,\"caption\":\"FireWare\"},\"image\":{\"@id\":\"https:\/\/www.fireware.nl\/de\/#\/schema\/logo\/image\/\"},\"sameAs\":[\"https:\/\/www.facebook.com\/FireWareBV\/\",\"https:\/\/x.com\/FireWarebv\",\"https:\/\/www.instagram.com\/fireware_nl\/\",\"https:\/\/www.linkedin.com\/company\/3586017\/\",\"https:\/\/www.youtube.com\/user\/firesalesrentconsult\"]}]}<\/script>\n<!-- \/ Yoast SEO plugin. -->","yoast_head_json":{"title":"Verlaufst\u00fcck Cirrus - FireWare","robots":{"index":"index","follow":"follow","max-snippet":"max-snippet:-1","max-image-preview":"max-image-preview:large","max-video-preview":"max-video-preview:-1"},"canonical":"https:\/\/www.fireware.nl\/de\/produkt\/verlaufstueck-cirrus\/","og_locale":"de_DE","og_type":"article","og_title":"Verlaufst\u00fcck Cirrus - FireWare","og_description":"Verlaufst\u00fcck zum Anschluss eines Silikonschlauchs.  F\u00fcr die Akku-Nebelmaschinen Cirrus.  Eignet sich f\u00fcr einen Schlauch mit einem Durchmesser von 32 Millimetern.  L\u00e4sst sich leicht mit zwei Schrauben befestigen","og_url":"https:\/\/www.fireware.nl\/de\/produkt\/verlaufstueck-cirrus\/","og_site_name":"FireWare","article_publisher":"https:\/\/www.facebook.com\/FireWareBV\/","article_modified_time":"2022-11-11T09:23:42+00:00","og_image":[{"width":600,"height":600,"url":"https:\/\/www.fireware.nl\/wp-content\/uploads\/2019\/01\/008-002-010-Cirrus-Slangadapter.jpg","type":"image\/jpeg"}],"twitter_card":"summary_large_image","twitter_site":"@FireWarebv","twitter_misc":{"Gesch\u00e4tzte Lesezeit":"1\u00a0Minute"},"schema":{"@context":"https:\/\/schema.org","@graph":[{"@type":"WebPage","@id":"https:\/\/www.fireware.nl\/de\/produkt\/verlaufstueck-cirrus\/","url":"https:\/\/www.fireware.nl\/de\/produkt\/verlaufstueck-cirrus\/","name":"Verlaufst\u00fcck Cirrus - FireWare","isPartOf":{"@id":"https:\/\/www.fireware.nl\/de\/#website"},"primaryImageOfPage":{"@id":"https:\/\/www.fireware.nl\/de\/produkt\/verlaufstueck-cirrus\/#primaryimage"},"image":{"@id":"https:\/\/www.fireware.nl\/de\/produkt\/verlaufstueck-cirrus\/#primaryimage"},"thumbnailUrl":"https:\/\/www.fireware.nl\/wp-content\/uploads\/2019\/01\/008-002-010-Cirrus-Slangadapter.jpg","datePublished":"2019-02-01T09:15:27+00:00","dateModified":"2022-11-11T09:23:42+00:00","breadcrumb":{"@id":"https:\/\/www.fireware.nl\/de\/produkt\/verlaufstueck-cirrus\/#breadcrumb"},"inLanguage":"de","potentialAction":[{"@type":"ReadAction","target":["https:\/\/www.fireware.nl\/de\/produkt\/verlaufstueck-cirrus\/"]}]},{"@type":"ImageObject","inLanguage":"de","@id":"https:\/\/www.fireware.nl\/de\/produkt\/verlaufstueck-cirrus\/#primaryimage","url":"https:\/\/www.fireware.nl\/wp-content\/uploads\/2019\/01\/008-002-010-Cirrus-Slangadapter.jpg","contentUrl":"https:\/\/www.fireware.nl\/wp-content\/uploads\/2019\/01\/008-002-010-Cirrus-Slangadapter.jpg","width":600,"height":600,"caption":"008-002-010 Cirrus Slangadapter"},{"@type":"BreadcrumbList","@id":"https:\/\/www.fireware.nl\/de\/produkt\/verlaufstueck-cirrus\/#breadcrumb","itemListElement":[{"@type":"ListItem","position":1,"name":"Home","item":"https:\/\/www.fireware.nl\/de\/"},{"@type":"ListItem","position":2,"name":"Produkte","item":"https:\/\/www.fireware.nl\/de\/produkte\/"},{"@type":"ListItem","position":3,"name":"Verlaufst\u00fcck Cirrus"}]},{"@type":"WebSite","@id":"https:\/\/www.fireware.nl\/de\/#website","url":"https:\/\/www.fireware.nl\/de\/","name":"FireWare","description":"CREATING REALISTIC  TRAINING ENVIRONMENTS","publisher":{"@id":"https:\/\/www.fireware.nl\/de\/#organization"},"potentialAction":[{"@type":"SearchAction","target":{"@type":"EntryPoint","urlTemplate":"https:\/\/www.fireware.nl\/de\/?s={search_term_string}"},"query-input":{"@type":"PropertyValueSpecification","valueRequired":true,"valueName":"search_term_string"}}],"inLanguage":"de"},{"@type":"Organization","@id":"https:\/\/www.fireware.nl\/de\/#organization","name":"FireWare","url":"https:\/\/www.fireware.nl\/de\/","logo":{"@type":"ImageObject","inLanguage":"de","@id":"https:\/\/www.fireware.nl\/de\/#\/schema\/logo\/image\/","url":"https:\/\/www.fireware.nl\/wp-content\/uploads\/2018\/10\/fireware-logo.png","contentUrl":"https:\/\/www.fireware.nl\/wp-content\/uploads\/2018\/10\/fireware-logo.png","width":200,"height":86,"caption":"FireWare"},"image":{"@id":"https:\/\/www.fireware.nl\/de\/#\/schema\/logo\/image\/"},"sameAs":["https:\/\/www.facebook.com\/FireWareBV\/","https:\/\/x.com\/FireWarebv","https:\/\/www.instagram.com\/fireware_nl\/","https:\/\/www.linkedin.com\/company\/3586017\/","https:\/\/www.youtube.com\/user\/firesalesrentconsult"]}]}},"publishpress_future_workflow_manual_trigger":{"enabledWorkflows":[]},"_links":{"self":[{"href":"https:\/\/www.fireware.nl\/de\/wp-json\/wp\/v2\/product\/19015","targetHints":{"allow":["GET"]}}],"collection":[{"href":"https:\/\/www.fireware.nl\/de\/wp-json\/wp\/v2\/product"}],"about":[{"href":"https:\/\/www.fireware.nl\/de\/wp-json\/wp\/v2\/types\/product"}],"wp:featuredmedia":[{"embeddable":true,"href":"https:\/\/www.fireware.nl\/de\/wp-json\/wp\/v2\/media\/20754"}],"wp:attachment":[{"href":"https:\/\/www.fireware.nl\/de\/wp-json\/wp\/v2\/media?parent=19015"}],"wp:term":[{"taxonomy":"product_brand","embeddable":true,"href":"https:\/\/www.fireware.nl\/de\/wp-json\/wp\/v2\/product_brand?post=19015"},{"taxonomy":"product_cat","embeddable":true,"href":"https:\/\/www.fireware.nl\/de\/wp-json\/wp\/v2\/product_cat?post=19015"},{"taxonomy":"product_tag","embeddable":true,"href":"https:\/\/www.fireware.nl\/de\/wp-json\/wp\/v2\/product_tag?post=19015"}],"curies":[{"name":"wp","href":"https:\/\/api.w.org\/{rel}","templated":true}]}}