
{"id":19012,"date":"2019-01-23T12:16:42","date_gmt":"2019-02-01T09:14:02","guid":{"rendered":"http:\/\/fireware.sites.hyperhosting.co\/?post_type=product&#038;p=19012"},"modified":"2025-02-10T09:11:57","modified_gmt":"2025-02-10T09:11:57","slug":"remote-mit-kabel-cirrus-cumulus-stratus","status":"publish","type":"product","link":"https:\/\/www.fireware.nl\/de\/product\/remote-mit-kabel-cirrus-cumulus-stratus\/","title":{"rendered":"Remote mit Kabel Cirrus\/Cumulus\/Stratus"},"content":{"rendered":"\n\n\t<h2>Mobiles Training mit der Cirrus-, Cumulus- und Stratus-Rauchmaschine<\/h2>\n<p>Trainieren Sie mobil mit der kabelgebundenen Fernbedienung f\u00fcr die <a href=\"https:\/\/www.fireware.nl\/de\/produkt\/cirrus-nebelmaschine-mit-akku\/\" target=\"_blank\" rel=\"noopener\">Cirrus<\/a>-, <a href=\"https:\/\/www.fireware.nl\/de\/produkt\/nebelmaschine-cumulus\/\" target=\"_blank\" rel=\"noopener\">Cumulus<\/a>&#8211; und <a href=\"https:\/\/www.fireware.nl\/de\/produkt\/nebelmaschine-stratus\/\" target=\"_blank\" rel=\"noopener\">Stratus<\/a>-Rauchmaschinen. Alle diese Maschinen lassen sich nat\u00fcrlich direkt am Ger\u00e4t selbst bedienen. Doch manchmal erfordert eine \u00dcbungssituation eine eigenst\u00e4ndige Maschine. Dank dieser Fernbedienung mit einem 10 Meter langen Kabel ist dies m\u00f6glich. Falls erforderlich, kann das Kabel mit einem Standard-XLR-Kabel verl\u00e4ngert werden. So k\u00f6nnen Sie noch interaktiver mit Rauch \u00fcben!<\/p>\n<h2>Verwendung der kabelgebundenen Fernbedienung f\u00fcr Cirrus \/ Cumulus \/ Stratus<\/h2>\n<p>Die kabelgebundene Fernbedienung ist einfach zu bedienen &#8211; sogar mit Handschuhen. Sie verf\u00fcgt lediglich \u00fcber einen Ein-\/Ausschalter und einen gro\u00dfen Schieberegler. Mit diesem Regler steuern Sie die Rauchmenge. Die Standard-Rauchleistung der Maschinen variiert zwischen 0 und 100 %. Sie k\u00f6nnen jedoch auch eine maximale Ausgabe festlegen. Wenn Sie beispielsweise eine maximale Leistung von 37 % an der Maschine einstellen, k\u00f6nnen Sie mit dem Schieberegler die Rauchmenge zwischen 0 und 37 % regulieren. So verhindern Sie eine \u00fcberm\u00e4\u00dfige Rauchentwicklung im Szenario und sparen gleichzeitig Rauchfl\u00fcssigkeit!<\/p>\n<h2>Fernsteuerung der \u00dcbungssituation<\/h2>\n<p>Wenn Sie ein Trainingsszenario f\u00fcr ein mittleres oder gro\u00dfes Feuer erstellen, reicht eine einzige Rauchmaschine oft nicht aus. Gleichzeitig k\u00f6nnen Sie als \u00dcbungsleiter nicht an mehreren Orten gleichzeitig sein. Verwenden Sie daher mehrere Rauchmaschinen mit kabelgebundenen Fernbedienungen, um diese aus einem anderen Raum zu steuern. In diesem Fall ist auch die <a href=\"https:\/\/www.fireware.nl\/de\/product\/drahtlose-fernbedienung-cirrus-cumulus-stratus\/\" target=\"_blank\" rel=\"noopener\">kabellose Fernbedienung<\/a> eine \u00dcberlegung wert. Mit ihr k\u00f6nnen mehrere Rauchmaschinen gleichzeitig gesteuert werden &#8211; ein einziges Ger\u00e4t, keine st\u00f6renden Kabel im Szenario und weniger Stolpergefahr.<\/p>\n<p>Mit der kabelgebundenen Fernbedienung k\u00f6nnen Sie zudem die Rauchmenge noch pr\u00e4ziser dosieren. Dadurch k\u00f6nnen Sie die \u00dcbungssituation in Echtzeit anpassen. Wenn der L\u00f6schversuch des Teilnehmers erfolgreich ist, wird dies direkt durch die Rauchmenge sichtbar. Der \u00dcbungsleiter kann das Szenario aus der Ferne koordinieren, ohne mitten im simulierten Ereignis zu stehen. So l\u00e4sst sich ganz einfach ein realistisches \u00dcbungsszenario inszenieren!<\/p>\n<h2>Kabelgebundene Fernbedienung f\u00fcr Rauchmaschinen<\/h2>\n<p>Verwenden Sie diese kabelgebundene Fernbedienung, um die akkubetriebene Cirrus-Rauchmaschine sowie die Modelle Cumulus und Stratus aus der Ferne zu steuern. Die Fernbedienung verf\u00fcgt \u00fcber ein 10 Meter langes Kabel, das bei Bedarf mit einem Standard-XLR-Kabel verl\u00e4ngert werden kann. F\u00fcr eine noch realistischere \u00dcbungsszene mit Rauch k\u00f6nnen Sie auch die <a href=\"https:\/\/www.fireware.nl\/de\/product\/drahtlose-fernbedienung-cirrus-cumulus-stratus\/\" target=\"_blank\" rel=\"noopener\">kabellose Fernbedienung f\u00fcr die Cirrus-, Cumulus- und Stratus<\/a>-Modelle w\u00e4hlen. Unter optimalen Bedingungen hat diese eine Reichweite von bis zu 100 Metern &#8211; f\u00fcr uneingeschr\u00e4nkte Trainingsszenarien!<\/p>\n<h2>Sehen Sie sich die Videos an<\/h2>\n\t<iframe width=\"1920\" height=\"1080\" src=https:\/\/player.vimeo.com\/video\/1035638804?hl=nl&#038;cc_lang_pref=nl&#038;cc_load_policy=1 frameborder=\"0\" allow=\"accelerometer; autoplay; clipboard-write; encrypted-media; gyroscope; picture-in-picture\" allowfullscreen><\/iframe>\n\n","protected":false},"excerpt":{"rendered":"<ul>\n<li>Verkabelte Fernbedienung f\u00fcr Cirrus-, Cumulus- und Stratus-Nebelmaschinen.<\/li>\n<li>10-Meter-Kabel.<\/li>\n<li>Verl\u00e4ngerbar mit einem Standard-XLR-Kabel.<\/li>\n<li>Regulierung der Rauchmenge.<\/li>\n<li>Macht \u00dcbungen interaktiver durch Fernsteuerung.<\/li>\n<li>Ausgestattet mit Ein-\/Aus-Taste und Schieberegler f\u00fcr einstellbare Ausgabe.<\/li>\n<li>Auch mit Handschuhen bedienbar.<\/li>\n<\/ul>\n","protected":false},"featured_media":20728,"template":"","meta":[],"product_brand":[],"product_cat":[83],"product_tag":[],"class_list":{"0":"post-19012","1":"product","2":"type-product","3":"status-publish","4":"has-post-thumbnail","6":"product_cat-extras-fuer-nebelmaschinen","8":"first","9":"instock","10":"taxable","11":"shipping-taxable","12":"purchasable","13":"product-type-simple"},"yoast_head":"<!-- This site is optimized with the Yoast SEO plugin v27.4 - https:\/\/yoast.com\/product\/yoast-seo-wordpress\/ -->\n<title>Remote mit Kabel Cirrus\/Cumulus\/Stratus - FireWare<\/title>\n<meta name=\"robots\" content=\"index, follow, max-snippet:-1, max-image-preview:large, max-video-preview:-1\" \/>\n<link rel=\"canonical\" href=\"https:\/\/www.fireware.nl\/de\/product\/remote-mit-kabel-cirrus-cumulus-stratus\/\" \/>\n<meta property=\"og:locale\" content=\"de_DE\" \/>\n<meta property=\"og:type\" content=\"article\" \/>\n<meta property=\"og:title\" content=\"Remote mit Kabel Cirrus\/Cumulus\/Stratus - FireWare\" \/>\n<meta property=\"og:description\" content=\"Verkabelte Fernbedienung f\u00fcr Cirrus-, Cumulus- und Stratus-Nebelmaschinen. 10-Meter-Kabel. Verl\u00e4ngerbar mit einem Standard-XLR-Kabel. Regulierung der Rauchmenge. Macht \u00dcbungen interaktiver durch Fernsteuerung. Ausgestattet mit Ein-\/Aus-Taste und Schieberegler f\u00fcr einstellbare Ausgabe. Auch mit Handschuhen bedienbar.\" \/>\n<meta property=\"og:url\" content=\"https:\/\/www.fireware.nl\/de\/product\/remote-mit-kabel-cirrus-cumulus-stratus\/\" \/>\n<meta property=\"og:site_name\" content=\"FireWare\" \/>\n<meta property=\"article:publisher\" content=\"https:\/\/www.facebook.com\/FireWareBV\/\" \/>\n<meta property=\"article:modified_time\" content=\"2025-02-10T09:11:57+00:00\" \/>\n<meta property=\"og:image\" content=\"https:\/\/www.fireware.nl\/wp-content\/uploads\/2019\/01\/008-002-001-Wired-Remote-Cumulus_Stratus_Cirrus-Kastje.jpg\" \/>\n\t<meta property=\"og:image:width\" content=\"600\" \/>\n\t<meta property=\"og:image:height\" content=\"600\" \/>\n\t<meta property=\"og:image:type\" content=\"image\/jpeg\" \/>\n<meta name=\"twitter:card\" content=\"summary_large_image\" \/>\n<meta name=\"twitter:site\" content=\"@FireWarebv\" \/>\n<meta name=\"twitter:label1\" content=\"Gesch\u00e4tzte Lesezeit\" \/>\n\t<meta name=\"twitter:data1\" content=\"2\u00a0Minuten\" \/>\n<script type=\"application\/ld+json\" class=\"yoast-schema-graph\">{\"@context\":\"https:\\\/\\\/schema.org\",\"@graph\":[{\"@type\":\"WebPage\",\"@id\":\"https:\\\/\\\/www.fireware.nl\\\/de\\\/product\\\/remote-mit-kabel-cirrus-cumulus-stratus\\\/\",\"url\":\"https:\\\/\\\/www.fireware.nl\\\/de\\\/product\\\/remote-mit-kabel-cirrus-cumulus-stratus\\\/\",\"name\":\"Remote mit Kabel Cirrus\\\/Cumulus\\\/Stratus - FireWare\",\"isPartOf\":{\"@id\":\"https:\\\/\\\/www.fireware.nl\\\/de\\\/#website\"},\"primaryImageOfPage\":{\"@id\":\"https:\\\/\\\/www.fireware.nl\\\/de\\\/product\\\/remote-mit-kabel-cirrus-cumulus-stratus\\\/#primaryimage\"},\"image\":{\"@id\":\"https:\\\/\\\/www.fireware.nl\\\/de\\\/product\\\/remote-mit-kabel-cirrus-cumulus-stratus\\\/#primaryimage\"},\"thumbnailUrl\":\"https:\\\/\\\/www.fireware.nl\\\/wp-content\\\/uploads\\\/2019\\\/01\\\/008-002-001-Wired-Remote-Cumulus_Stratus_Cirrus-Kastje.jpg\",\"datePublished\":\"2019-02-01T09:14:02+00:00\",\"dateModified\":\"2025-02-10T09:11:57+00:00\",\"breadcrumb\":{\"@id\":\"https:\\\/\\\/www.fireware.nl\\\/de\\\/product\\\/remote-mit-kabel-cirrus-cumulus-stratus\\\/#breadcrumb\"},\"inLanguage\":\"de\",\"potentialAction\":[{\"@type\":\"ReadAction\",\"target\":[\"https:\\\/\\\/www.fireware.nl\\\/de\\\/product\\\/remote-mit-kabel-cirrus-cumulus-stratus\\\/\"]}]},{\"@type\":\"ImageObject\",\"inLanguage\":\"de\",\"@id\":\"https:\\\/\\\/www.fireware.nl\\\/de\\\/product\\\/remote-mit-kabel-cirrus-cumulus-stratus\\\/#primaryimage\",\"url\":\"https:\\\/\\\/www.fireware.nl\\\/wp-content\\\/uploads\\\/2019\\\/01\\\/008-002-001-Wired-Remote-Cumulus_Stratus_Cirrus-Kastje.jpg\",\"contentUrl\":\"https:\\\/\\\/www.fireware.nl\\\/wp-content\\\/uploads\\\/2019\\\/01\\\/008-002-001-Wired-Remote-Cumulus_Stratus_Cirrus-Kastje.jpg\",\"width\":600,\"height\":600,\"caption\":\"008-002-001 Wired Remote Cumulus_Stratus_Cirrus Kastje\"},{\"@type\":\"BreadcrumbList\",\"@id\":\"https:\\\/\\\/www.fireware.nl\\\/de\\\/product\\\/remote-mit-kabel-cirrus-cumulus-stratus\\\/#breadcrumb\",\"itemListElement\":[{\"@type\":\"ListItem\",\"position\":1,\"name\":\"Home\",\"item\":\"https:\\\/\\\/www.fireware.nl\\\/de\\\/\"},{\"@type\":\"ListItem\",\"position\":2,\"name\":\"Produkte\",\"item\":\"https:\\\/\\\/www.fireware.nl\\\/de\\\/produkte\\\/\"},{\"@type\":\"ListItem\",\"position\":3,\"name\":\"Remote mit Kabel Cirrus\\\/Cumulus\\\/Stratus\"}]},{\"@type\":\"WebSite\",\"@id\":\"https:\\\/\\\/www.fireware.nl\\\/de\\\/#website\",\"url\":\"https:\\\/\\\/www.fireware.nl\\\/de\\\/\",\"name\":\"FireWare\",\"description\":\"CREATING REALISTIC  TRAINING ENVIRONMENTS\",\"publisher\":{\"@id\":\"https:\\\/\\\/www.fireware.nl\\\/de\\\/#organization\"},\"potentialAction\":[{\"@type\":\"SearchAction\",\"target\":{\"@type\":\"EntryPoint\",\"urlTemplate\":\"https:\\\/\\\/www.fireware.nl\\\/de\\\/?s={search_term_string}\"},\"query-input\":{\"@type\":\"PropertyValueSpecification\",\"valueRequired\":true,\"valueName\":\"search_term_string\"}}],\"inLanguage\":\"de\"},{\"@type\":\"Organization\",\"@id\":\"https:\\\/\\\/www.fireware.nl\\\/de\\\/#organization\",\"name\":\"FireWare\",\"url\":\"https:\\\/\\\/www.fireware.nl\\\/de\\\/\",\"logo\":{\"@type\":\"ImageObject\",\"inLanguage\":\"de\",\"@id\":\"https:\\\/\\\/www.fireware.nl\\\/de\\\/#\\\/schema\\\/logo\\\/image\\\/\",\"url\":\"https:\\\/\\\/www.fireware.nl\\\/wp-content\\\/uploads\\\/2018\\\/10\\\/fireware-logo.png\",\"contentUrl\":\"https:\\\/\\\/www.fireware.nl\\\/wp-content\\\/uploads\\\/2018\\\/10\\\/fireware-logo.png\",\"width\":200,\"height\":86,\"caption\":\"FireWare\"},\"image\":{\"@id\":\"https:\\\/\\\/www.fireware.nl\\\/de\\\/#\\\/schema\\\/logo\\\/image\\\/\"},\"sameAs\":[\"https:\\\/\\\/www.facebook.com\\\/FireWareBV\\\/\",\"https:\\\/\\\/x.com\\\/FireWarebv\",\"https:\\\/\\\/www.instagram.com\\\/fireware_nl\\\/\",\"https:\\\/\\\/www.linkedin.com\\\/company\\\/3586017\\\/\",\"https:\\\/\\\/www.youtube.com\\\/user\\\/firesalesrentconsult\"]}]}<\/script>\n<!-- \/ Yoast SEO plugin. -->","yoast_head_json":{"title":"Remote mit Kabel Cirrus\/Cumulus\/Stratus - FireWare","robots":{"index":"index","follow":"follow","max-snippet":"max-snippet:-1","max-image-preview":"max-image-preview:large","max-video-preview":"max-video-preview:-1"},"canonical":"https:\/\/www.fireware.nl\/de\/product\/remote-mit-kabel-cirrus-cumulus-stratus\/","og_locale":"de_DE","og_type":"article","og_title":"Remote mit Kabel Cirrus\/Cumulus\/Stratus - FireWare","og_description":"Verkabelte Fernbedienung f\u00fcr Cirrus-, Cumulus- und Stratus-Nebelmaschinen. 10-Meter-Kabel. Verl\u00e4ngerbar mit einem Standard-XLR-Kabel. Regulierung der Rauchmenge. Macht \u00dcbungen interaktiver durch Fernsteuerung. Ausgestattet mit Ein-\/Aus-Taste und Schieberegler f\u00fcr einstellbare Ausgabe. Auch mit Handschuhen bedienbar.","og_url":"https:\/\/www.fireware.nl\/de\/product\/remote-mit-kabel-cirrus-cumulus-stratus\/","og_site_name":"FireWare","article_publisher":"https:\/\/www.facebook.com\/FireWareBV\/","article_modified_time":"2025-02-10T09:11:57+00:00","og_image":[{"width":600,"height":600,"url":"https:\/\/www.fireware.nl\/wp-content\/uploads\/2019\/01\/008-002-001-Wired-Remote-Cumulus_Stratus_Cirrus-Kastje.jpg","type":"image\/jpeg"}],"twitter_card":"summary_large_image","twitter_site":"@FireWarebv","twitter_misc":{"Gesch\u00e4tzte Lesezeit":"2\u00a0Minuten"},"schema":{"@context":"https:\/\/schema.org","@graph":[{"@type":"WebPage","@id":"https:\/\/www.fireware.nl\/de\/product\/remote-mit-kabel-cirrus-cumulus-stratus\/","url":"https:\/\/www.fireware.nl\/de\/product\/remote-mit-kabel-cirrus-cumulus-stratus\/","name":"Remote mit Kabel Cirrus\/Cumulus\/Stratus - FireWare","isPartOf":{"@id":"https:\/\/www.fireware.nl\/de\/#website"},"primaryImageOfPage":{"@id":"https:\/\/www.fireware.nl\/de\/product\/remote-mit-kabel-cirrus-cumulus-stratus\/#primaryimage"},"image":{"@id":"https:\/\/www.fireware.nl\/de\/product\/remote-mit-kabel-cirrus-cumulus-stratus\/#primaryimage"},"thumbnailUrl":"https:\/\/www.fireware.nl\/wp-content\/uploads\/2019\/01\/008-002-001-Wired-Remote-Cumulus_Stratus_Cirrus-Kastje.jpg","datePublished":"2019-02-01T09:14:02+00:00","dateModified":"2025-02-10T09:11:57+00:00","breadcrumb":{"@id":"https:\/\/www.fireware.nl\/de\/product\/remote-mit-kabel-cirrus-cumulus-stratus\/#breadcrumb"},"inLanguage":"de","potentialAction":[{"@type":"ReadAction","target":["https:\/\/www.fireware.nl\/de\/product\/remote-mit-kabel-cirrus-cumulus-stratus\/"]}]},{"@type":"ImageObject","inLanguage":"de","@id":"https:\/\/www.fireware.nl\/de\/product\/remote-mit-kabel-cirrus-cumulus-stratus\/#primaryimage","url":"https:\/\/www.fireware.nl\/wp-content\/uploads\/2019\/01\/008-002-001-Wired-Remote-Cumulus_Stratus_Cirrus-Kastje.jpg","contentUrl":"https:\/\/www.fireware.nl\/wp-content\/uploads\/2019\/01\/008-002-001-Wired-Remote-Cumulus_Stratus_Cirrus-Kastje.jpg","width":600,"height":600,"caption":"008-002-001 Wired Remote Cumulus_Stratus_Cirrus Kastje"},{"@type":"BreadcrumbList","@id":"https:\/\/www.fireware.nl\/de\/product\/remote-mit-kabel-cirrus-cumulus-stratus\/#breadcrumb","itemListElement":[{"@type":"ListItem","position":1,"name":"Home","item":"https:\/\/www.fireware.nl\/de\/"},{"@type":"ListItem","position":2,"name":"Produkte","item":"https:\/\/www.fireware.nl\/de\/produkte\/"},{"@type":"ListItem","position":3,"name":"Remote mit Kabel Cirrus\/Cumulus\/Stratus"}]},{"@type":"WebSite","@id":"https:\/\/www.fireware.nl\/de\/#website","url":"https:\/\/www.fireware.nl\/de\/","name":"FireWare","description":"CREATING REALISTIC  TRAINING ENVIRONMENTS","publisher":{"@id":"https:\/\/www.fireware.nl\/de\/#organization"},"potentialAction":[{"@type":"SearchAction","target":{"@type":"EntryPoint","urlTemplate":"https:\/\/www.fireware.nl\/de\/?s={search_term_string}"},"query-input":{"@type":"PropertyValueSpecification","valueRequired":true,"valueName":"search_term_string"}}],"inLanguage":"de"},{"@type":"Organization","@id":"https:\/\/www.fireware.nl\/de\/#organization","name":"FireWare","url":"https:\/\/www.fireware.nl\/de\/","logo":{"@type":"ImageObject","inLanguage":"de","@id":"https:\/\/www.fireware.nl\/de\/#\/schema\/logo\/image\/","url":"https:\/\/www.fireware.nl\/wp-content\/uploads\/2018\/10\/fireware-logo.png","contentUrl":"https:\/\/www.fireware.nl\/wp-content\/uploads\/2018\/10\/fireware-logo.png","width":200,"height":86,"caption":"FireWare"},"image":{"@id":"https:\/\/www.fireware.nl\/de\/#\/schema\/logo\/image\/"},"sameAs":["https:\/\/www.facebook.com\/FireWareBV\/","https:\/\/x.com\/FireWarebv","https:\/\/www.instagram.com\/fireware_nl\/","https:\/\/www.linkedin.com\/company\/3586017\/","https:\/\/www.youtube.com\/user\/firesalesrentconsult"]}]}},"publishpress_future_workflow_manual_trigger":{"enabledWorkflows":[]},"_links":{"self":[{"href":"https:\/\/www.fireware.nl\/de\/wp-json\/wp\/v2\/product\/19012","targetHints":{"allow":["GET"]}}],"collection":[{"href":"https:\/\/www.fireware.nl\/de\/wp-json\/wp\/v2\/product"}],"about":[{"href":"https:\/\/www.fireware.nl\/de\/wp-json\/wp\/v2\/types\/product"}],"wp:featuredmedia":[{"embeddable":true,"href":"https:\/\/www.fireware.nl\/de\/wp-json\/wp\/v2\/media\/20728"}],"wp:attachment":[{"href":"https:\/\/www.fireware.nl\/de\/wp-json\/wp\/v2\/media?parent=19012"}],"wp:term":[{"taxonomy":"product_brand","embeddable":true,"href":"https:\/\/www.fireware.nl\/de\/wp-json\/wp\/v2\/product_brand?post=19012"},{"taxonomy":"product_cat","embeddable":true,"href":"https:\/\/www.fireware.nl\/de\/wp-json\/wp\/v2\/product_cat?post=19012"},{"taxonomy":"product_tag","embeddable":true,"href":"https:\/\/www.fireware.nl\/de\/wp-json\/wp\/v2\/product_tag?post=19012"}],"curies":[{"name":"wp","href":"https:\/\/api.w.org\/{rel}","templated":true}]}}