
{"id":18978,"date":"2019-01-22T12:15:26","date_gmt":"2019-01-22T12:15:26","guid":{"rendered":"http:\/\/fireware.sites.hyperhosting.co\/?post_type=product&#038;p=18978"},"modified":"2026-04-13T11:57:02","modified_gmt":"2026-04-13T11:57:02","slug":"nebelmaschine-cumulus-1300-w","status":"publish","type":"product","link":"https:\/\/www.fireware.nl\/de\/produkt\/nebelmaschine-cumulus\/","title":{"rendered":"Nebelmaschine Cumulus (1300 W)"},"content":{"rendered":"\n\n\t<h2>Vielseitiges Kraftpaket<\/h2>\n<p>Die FireWare Cumulus (1300 W) Nebelmaschine ist ein wahres Kraftpaket. Sie f\u00fcllt gro\u00dfe R\u00e4ume m\u00fchelos mit Rauch, aber sie kann auch ein glimmendes Feuerzeug \u00fcberzeugend simulieren. Subtile Rauchschichten oder undurchdringlicher Rauch? Stellen Sie es an der Maschine ein und machen Sie Ihre \u00dcbung noch realistischer!<\/p>\n<p>Diese leistungsstarke Rauchmaschine eignet sich beispielsweise hervorragend f\u00fcr die Inszenierung von Br\u00e4nden in Gesch\u00e4ftsgeb\u00e4uden. So vielseitig wie sie ist, kann die Cumulus jedoch mehr als nur einen Brand simulieren. Sie ist auch der ideale Partner f\u00fcr die Simulation eines Lecks in einem Rohrsystem, da sie vorne \u00fcber eine Storz-Verbindung verf\u00fcgt. Dort k\u00f6nnen Sie andere Hilfsmittel anschlie\u00dfen, wie zum Beispiel einen Rauchschlauch. Brand, IBGS, CBRNe, technische Hilfeleistung, Waldbrand, Sie k\u00f6nnen es sich nicht vorstellen, wof\u00fcr die Cumulus eingesetzt werden kann. Au\u00dferdem k\u00f6nnen Sie die Cumulus problemlos in ein DMX-Netzwerk integrieren und zentral steuern.<\/p>\n<h2>Horizontal und vertikal verwendbar<\/h2>\n<p>Die Rauchmaschine kann sowohl horizontal als auch vertikal verwendet werden. Wenn Sie die Rauchmaschine vertikal platzieren, k\u00f6nnen Sie eine realistische Rauchschicht erzeugen. Oder verwenden Sie das <a href=\"https:\/\/www.fireware.nl\/de\/produkt\/richtstueck-cumulus-stratus\/\">Cumulus\/Stratus-Richtst\u00fcck<\/a> \u00fcber den Storz-Anschluss, um den Rauch ohne Neigung der Maschine zu lenken. Dar\u00fcber hinaus verf\u00fcgt die Cumulus \u00fcber einen Timer, der es der Rauchmaschine erm\u00f6glicht, w\u00e4hrend der Informationsveranstaltung auf dem \u00dcbungsgel\u00e4nde zu arbeiten.<\/p>\n<p>Die Cumulus (1300 W) Rauchmaschine kann entweder direkt am Ger\u00e4t selbst oder mit einer Fernbedienung bedient werden. Standardm\u00e4\u00dfig wird eine <a href=\"https:\/\/www.fireware.nl\/de\/product\/remote-mit-kabel-cirrus-cumulus-stratus\/\">Drahtfernbedienung<\/a> mit einem 10 Meter langen Kabel mitgeliefert. Sie k\u00f6nnen mehrere Kabel miteinander verbinden, um die Reichweite auf mehr als 100 Meter zu erweitern. Eine <a href=\"https:\/\/www.fireware.nl\/de\/product\/drahtlose-fernbedienung-cirrus-cumulus-stratus\/\">drahtlose Fernbedienung<\/a> ist separat erh\u00e4ltlich. Damit k\u00f6nnen Sie die Rauchmaschine in einer Entfernung von bis zu 100 Metern steuern.<\/p>\n<p>Die maximale Rauchaussto\u00dfleistung der Cumulus betr\u00e4gt 1000 m\u00b3\/min. Stellen Sie die Cumulus auf eine Aussto\u00dfleistung von 48 % ein, um kontinuierlich Rauch in das Szenario einzubringen. In diesem Fall betr\u00e4gt die maximale Rauchaussto\u00dfleistung 300 m\u00b3\/min. Die Aussto\u00dfleistung ist von 1 % bis 99 % einstellbar. Sie k\u00f6nnen nicht nur die Menge an Rauch, die die Maschine abgibt, einstellen, sondern auch die Geschwindigkeit der Rauchabgabe. Dies macht die Cumulus sehr geeignet f\u00fcr die Simulation von Lecks.<\/p>\n<h2>Leistungsstark und praktisch<\/h2>\n<p>Die Cumulus Rauchmaschine ist bei der Feuerwehr sehr beliebt. Aber denken Sie auch an Kooperationstrainings im Rahmen der Terrorismusbek\u00e4mpfung. Denken Sie auch an eine RSTV-Anwendung. \u00dcben Sie das Lesen von Rauchsignalen mit Hilfe des <a href=\"https:\/\/www.fireware.nl\/de\/product\/smoke-hose-set-perforiert\/\">perforierten Smoke Hose Set<\/a>. Dank der einstellbaren Geschwindigkeit des Rauchaussto\u00dfes k\u00f6nnen Sie den Rauch dosiert in das Szenario einbringen. Oder verwenden Sie einen Rauchschlauch, um die Cumulus vor L\u00f6schwasser abzuschirmen.<\/p>\n<p>Dank des Edelstahlgeh\u00e4uses kann diese Rauchmaschine auch im Freien verwendet werden, vorausgesetzt, sie ist vor Regen und L\u00f6schwasser gesch\u00fctzt. Sie ist robust. Die Cumulus hat noch einen weiteren Vorteil: Sie kann Strom durchschleifen! Verwenden Sie einen Neutrik-Stecker, um beispielsweise einen <a href=\"https:\/\/www.fireware.nl\/de\/product\/firespot\/\">FireSpot<\/a> anzuschlie\u00dfen. Dadurch k\u00f6nnen Sie die Anzahl der Kabel in Ihrer Inszenierung bequem reduzieren!<\/p>\n<h2>Tragbarer Riese<\/h2>\n<p>Die Cumulus (1300 W) wiegt 10,5 kg und funktioniert mit Netzstrom. Trotz ihrer Leistung ben\u00f6tigt sie nur 1300 W. Sie k\u00f6nnen also problemlos zwei Cumulus Rauchmaschinen an einen einzigen freien 16A-Stromanschluss anschlie\u00dfen, und es bleibt sogar noch Platz f\u00fcr Ihre Flammensimulation! Die M\u00f6glichkeiten sind also vielf\u00e4ltig. Die Rauchmaschine ist mit zwei robusten Griffen ausgestattet. Dadurch ist sie praktisch zu transportieren und zu positionieren.<\/p>\n<p>Der Rauchfl\u00fcssigkeitsbeh\u00e4lter hat ein Fassungsverm\u00f6gen von 5 Litern. Der Verbrauch h\u00e4ngt nat\u00fcrlich von der eingestellten Aussto\u00dfleistung ab. Das Ger\u00e4t wird mit 5 Litern <a href=\"https:\/\/www.fireware.nl\/de\/product\/nebel-rauchfluid-feuerwehr-universal\/\">Nebel \/ Rauchfluid Feuerwehr Universal<\/a> geliefert. Sie k\u00f6nnen nat\u00fcrlich auch die intensivere <a href=\"https:\/\/www.fireware.nl\/de\/product\/nebel-rauchfluid-feuerwehr-intensiv\/\">Nebel\/Rauchfluid Feuerwehr Intensiv<\/a> oder die extremere <a href=\"https:\/\/www.fireware.nl\/de\/product\/nebel-rauchfluid-feuerwehr-extrem\/\">Nebel\/Rauchfluid Feuerwehr Extrem<\/a> verwenden. Damit k\u00f6nnen Sie Ihrem Szenario ein v\u00f6llig neues Aussehen verleihen. Die Cumulus ist mit sechs Bel\u00fcftungs\u00f6ffnungen ausgestattet, so dass sie ihre W\u00e4rme gut abf\u00fchren kann. Das Arbeiten mit dieser Rauchmaschine ist also sicher.<\/p>\n<p>Die Cumulus Rauchmaschine ist eine gro\u00dfartige Erg\u00e4nzung f\u00fcr Ihr \u00dcbungsmaterial und ist bei FireWare erh\u00e4ltlich. Sie k\u00f6nnen diese Kraftmaschine nat\u00fcrlich auch f\u00fcr gelegentliche gr\u00f6\u00dfere \u00dcbungen mieten. Verwenden Sie die FireWare Cumulus Rauchmaschine f\u00fcr ein garantiert erfolgreiches Erlebnis!<\/p>\n<h2>Video&#8217;s<\/h2>\n\t\t<iframe src=\"https:\/\/player.vimeo.com\/video\/146918995?h=a384d1c0e2&amp;badge=0&amp;autopause=0&amp;player_id=0&amp;app_id=58479\" width=\"1920\" height=\"1080\" frameborder=\"0\" allow=\"autoplay; fullscreen; picture-in-picture\" allowfullscreen title=\"(DE) FireWare Cumulus und Stratus\"><\/iframe>\t\n\t\t<iframe src=\"https:\/\/player.vimeo.com\/video\/1162154242?h=d4cda5c7b2&amp;badge=0&amp;autopause=0&amp;player_id=0&amp;app_id=58479\" width=\"560\" height=\"315\" frameborder=\"0\" allow=\"autoplay; fullscreen; picture-in-picture\" allowfullscreen title=\"(NL) FireWare Cumulus en Stratus\"><\/iframe>\t\n\t\t<iframe src=\"https:\/\/player.vimeo.com\/video\/175696153?h=fd9ef78517&amp;badge=0&amp;autopause=0&amp;player_id=0&amp;app_id=58479\" width=\"1920\" height=\"1080\" frameborder=\"0\" allow=\"autoplay; fullscreen; picture-in-picture\" allowfullscreen title=\"FireWare Cumulus and Stratus Lightweight Animation\"><\/iframe>\t\n\t\t<iframe src=\"https:\/\/player.vimeo.com\/video\/175696146?h=281800aaaf&amp;badge=0&amp;autopause=0&amp;player_id=0&amp;app_id=58479\" width=\"1920\" height=\"1080\" frameborder=\"0\" allow=\"autoplay; fullscreen; picture-in-picture\" allowfullscreen title=\"EN FireWare Cumulus and Stratus Storz Animation\"><\/iframe>\t\n\t\t<iframe src=\"https:\/\/player.vimeo.com\/video\/175696135?h=c9e30c6047&amp;badge=0&amp;autopause=0&amp;player_id=0&amp;app_id=58479\" width=\"1920\" height=\"1080\" frameborder=\"0\" allow=\"autoplay; fullscreen; picture-in-picture\" allowfullscreen title=\"EN FireWare Cumulus and Stratus Animation\"><\/iframe>\t\n\n","protected":false},"excerpt":{"rendered":"<ul>\n<li>Auf der Basis jahrelanger Erfahrung von FireWare entwickelt.<\/li>\n<li>Aussto\u00df regelbar von 1% bis 99%.<\/li>\n<li>Maximalaussto\u00df 1000 m\u00b3\/min;<\/li>\n<li>Bis zu 48% ist ein kontinuierlicher Aussto\u00df m\u00f6glich.<\/li>\n<li>Kann vertikalen Rauch erzeugen.<\/li>\n<li>Versorgt mit einer Storz-Kupplung.<\/li>\n<li>Doppelgriff, f\u00fcr einfache versetzung.<\/li>\n<li>Inklusiv 5 Liter Nebelfluid und Fernbedienung.<\/li>\n<li>Inklusive Kunststoffbox 60 x 40 x 32,5 cm.<\/li>\n<\/ul>\n","protected":false},"featured_media":49326,"template":"","meta":[],"product_brand":[],"product_cat":[77,80],"product_tag":[],"class_list":{"0":"post-18978","1":"product","2":"type-product","3":"status-publish","4":"has-post-thumbnail","6":"product_cat-nebel","7":"product_cat-nebelmaschinen","9":"first","10":"instock","11":"taxable","12":"shipping-taxable","13":"purchasable","14":"product-type-simple"},"yoast_head":"<!-- This site is optimized with the Yoast SEO plugin v27.4 - https:\/\/yoast.com\/product\/yoast-seo-wordpress\/ -->\n<title>Nebelmaschine Cumulus (1300 W): vielseitiges Kraftpaket - FireWare<\/title>\n<meta name=\"description\" content=\"Die Nebelmaschine Cumulus (1300 W) kann vertikal eingesetzt werden, um eine realistische Rauchschicht zu erzeugen. Ausgestattet mit Timer.\" \/>\n<meta name=\"robots\" content=\"index, follow, max-snippet:-1, max-image-preview:large, max-video-preview:-1\" \/>\n<link rel=\"canonical\" href=\"https:\/\/www.fireware.nl\/de\/produkt\/nebelmaschine-cumulus\/\" \/>\n<meta property=\"og:locale\" content=\"de_DE\" \/>\n<meta property=\"og:type\" content=\"article\" \/>\n<meta property=\"og:title\" content=\"Nebelmaschine Cumulus (1300 W): vielseitiges Kraftpaket - FireWare\" \/>\n<meta property=\"og:description\" content=\"Die Nebelmaschine Cumulus (1300 W) kann vertikal eingesetzt werden, um eine realistische Rauchschicht zu erzeugen. Ausgestattet mit Timer.\" \/>\n<meta property=\"og:url\" content=\"https:\/\/www.fireware.nl\/de\/produkt\/nebelmaschine-cumulus\/\" \/>\n<meta property=\"og:site_name\" content=\"FireWare\" \/>\n<meta property=\"article:publisher\" content=\"https:\/\/www.facebook.com\/FireWareBV\/\" \/>\n<meta property=\"article:modified_time\" content=\"2026-04-13T11:57:02+00:00\" \/>\n<meta property=\"og:image\" content=\"https:\/\/www.fireware.nl\/wp-content\/uploads\/2019\/01\/009-030-002-cumulus-medium-rookvloeistof.jpg\" \/>\n\t<meta property=\"og:image:width\" content=\"600\" \/>\n\t<meta property=\"og:image:height\" content=\"600\" \/>\n\t<meta property=\"og:image:type\" content=\"image\/jpeg\" \/>\n<meta name=\"twitter:card\" content=\"summary_large_image\" \/>\n<meta name=\"twitter:site\" content=\"@FireWarebv\" \/>\n<meta name=\"twitter:label1\" content=\"Gesch\u00e4tzte Lesezeit\" \/>\n\t<meta name=\"twitter:data1\" content=\"4\u00a0Minuten\" \/>\n<script type=\"application\/ld+json\" class=\"yoast-schema-graph\">{\"@context\":\"https:\\\/\\\/schema.org\",\"@graph\":[{\"@type\":\"WebPage\",\"@id\":\"https:\\\/\\\/www.fireware.nl\\\/de\\\/produkt\\\/nebelmaschine-cumulus\\\/\",\"url\":\"https:\\\/\\\/www.fireware.nl\\\/de\\\/produkt\\\/nebelmaschine-cumulus\\\/\",\"name\":\"Nebelmaschine Cumulus (1300 W): vielseitiges Kraftpaket - FireWare\",\"isPartOf\":{\"@id\":\"https:\\\/\\\/www.fireware.nl\\\/de\\\/#website\"},\"primaryImageOfPage\":{\"@id\":\"https:\\\/\\\/www.fireware.nl\\\/de\\\/produkt\\\/nebelmaschine-cumulus\\\/#primaryimage\"},\"image\":{\"@id\":\"https:\\\/\\\/www.fireware.nl\\\/de\\\/produkt\\\/nebelmaschine-cumulus\\\/#primaryimage\"},\"thumbnailUrl\":\"https:\\\/\\\/www.fireware.nl\\\/wp-content\\\/uploads\\\/2019\\\/01\\\/009-030-002-cumulus-medium-rookvloeistof.jpg\",\"datePublished\":\"2019-01-22T12:15:26+00:00\",\"dateModified\":\"2026-04-13T11:57:02+00:00\",\"description\":\"Die Nebelmaschine Cumulus (1300 W) kann vertikal eingesetzt werden, um eine realistische Rauchschicht zu erzeugen. Ausgestattet mit Timer.\",\"breadcrumb\":{\"@id\":\"https:\\\/\\\/www.fireware.nl\\\/de\\\/produkt\\\/nebelmaschine-cumulus\\\/#breadcrumb\"},\"inLanguage\":\"de\",\"potentialAction\":[{\"@type\":\"ReadAction\",\"target\":[\"https:\\\/\\\/www.fireware.nl\\\/de\\\/produkt\\\/nebelmaschine-cumulus\\\/\"]}]},{\"@type\":\"ImageObject\",\"inLanguage\":\"de\",\"@id\":\"https:\\\/\\\/www.fireware.nl\\\/de\\\/produkt\\\/nebelmaschine-cumulus\\\/#primaryimage\",\"url\":\"https:\\\/\\\/www.fireware.nl\\\/wp-content\\\/uploads\\\/2019\\\/01\\\/009-030-002-cumulus-medium-rookvloeistof.jpg\",\"contentUrl\":\"https:\\\/\\\/www.fireware.nl\\\/wp-content\\\/uploads\\\/2019\\\/01\\\/009-030-002-cumulus-medium-rookvloeistof.jpg\",\"width\":600,\"height\":600},{\"@type\":\"BreadcrumbList\",\"@id\":\"https:\\\/\\\/www.fireware.nl\\\/de\\\/produkt\\\/nebelmaschine-cumulus\\\/#breadcrumb\",\"itemListElement\":[{\"@type\":\"ListItem\",\"position\":1,\"name\":\"Home\",\"item\":\"https:\\\/\\\/www.fireware.nl\\\/de\\\/\"},{\"@type\":\"ListItem\",\"position\":2,\"name\":\"Produkte\",\"item\":\"https:\\\/\\\/www.fireware.nl\\\/de\\\/produkte\\\/\"},{\"@type\":\"ListItem\",\"position\":3,\"name\":\"Nebelmaschine Cumulus (1300 W)\"}]},{\"@type\":\"WebSite\",\"@id\":\"https:\\\/\\\/www.fireware.nl\\\/de\\\/#website\",\"url\":\"https:\\\/\\\/www.fireware.nl\\\/de\\\/\",\"name\":\"FireWare\",\"description\":\"CREATING REALISTIC  TRAINING ENVIRONMENTS\",\"publisher\":{\"@id\":\"https:\\\/\\\/www.fireware.nl\\\/de\\\/#organization\"},\"potentialAction\":[{\"@type\":\"SearchAction\",\"target\":{\"@type\":\"EntryPoint\",\"urlTemplate\":\"https:\\\/\\\/www.fireware.nl\\\/de\\\/?s={search_term_string}\"},\"query-input\":{\"@type\":\"PropertyValueSpecification\",\"valueRequired\":true,\"valueName\":\"search_term_string\"}}],\"inLanguage\":\"de\"},{\"@type\":\"Organization\",\"@id\":\"https:\\\/\\\/www.fireware.nl\\\/de\\\/#organization\",\"name\":\"FireWare\",\"url\":\"https:\\\/\\\/www.fireware.nl\\\/de\\\/\",\"logo\":{\"@type\":\"ImageObject\",\"inLanguage\":\"de\",\"@id\":\"https:\\\/\\\/www.fireware.nl\\\/de\\\/#\\\/schema\\\/logo\\\/image\\\/\",\"url\":\"https:\\\/\\\/www.fireware.nl\\\/wp-content\\\/uploads\\\/2018\\\/10\\\/fireware-logo.png\",\"contentUrl\":\"https:\\\/\\\/www.fireware.nl\\\/wp-content\\\/uploads\\\/2018\\\/10\\\/fireware-logo.png\",\"width\":200,\"height\":86,\"caption\":\"FireWare\"},\"image\":{\"@id\":\"https:\\\/\\\/www.fireware.nl\\\/de\\\/#\\\/schema\\\/logo\\\/image\\\/\"},\"sameAs\":[\"https:\\\/\\\/www.facebook.com\\\/FireWareBV\\\/\",\"https:\\\/\\\/x.com\\\/FireWarebv\",\"https:\\\/\\\/www.instagram.com\\\/fireware_nl\\\/\",\"https:\\\/\\\/www.linkedin.com\\\/company\\\/3586017\\\/\",\"https:\\\/\\\/www.youtube.com\\\/user\\\/firesalesrentconsult\"]}]}<\/script>\n<!-- \/ Yoast SEO plugin. -->","yoast_head_json":{"title":"Nebelmaschine Cumulus (1300 W): vielseitiges Kraftpaket - FireWare","description":"Die Nebelmaschine Cumulus (1300 W) kann vertikal eingesetzt werden, um eine realistische Rauchschicht zu erzeugen. Ausgestattet mit Timer.","robots":{"index":"index","follow":"follow","max-snippet":"max-snippet:-1","max-image-preview":"max-image-preview:large","max-video-preview":"max-video-preview:-1"},"canonical":"https:\/\/www.fireware.nl\/de\/produkt\/nebelmaschine-cumulus\/","og_locale":"de_DE","og_type":"article","og_title":"Nebelmaschine Cumulus (1300 W): vielseitiges Kraftpaket - FireWare","og_description":"Die Nebelmaschine Cumulus (1300 W) kann vertikal eingesetzt werden, um eine realistische Rauchschicht zu erzeugen. Ausgestattet mit Timer.","og_url":"https:\/\/www.fireware.nl\/de\/produkt\/nebelmaschine-cumulus\/","og_site_name":"FireWare","article_publisher":"https:\/\/www.facebook.com\/FireWareBV\/","article_modified_time":"2026-04-13T11:57:02+00:00","og_image":[{"width":600,"height":600,"url":"https:\/\/www.fireware.nl\/wp-content\/uploads\/2019\/01\/009-030-002-cumulus-medium-rookvloeistof.jpg","type":"image\/jpeg"}],"twitter_card":"summary_large_image","twitter_site":"@FireWarebv","twitter_misc":{"Gesch\u00e4tzte Lesezeit":"4\u00a0Minuten"},"schema":{"@context":"https:\/\/schema.org","@graph":[{"@type":"WebPage","@id":"https:\/\/www.fireware.nl\/de\/produkt\/nebelmaschine-cumulus\/","url":"https:\/\/www.fireware.nl\/de\/produkt\/nebelmaschine-cumulus\/","name":"Nebelmaschine Cumulus (1300 W): vielseitiges Kraftpaket - FireWare","isPartOf":{"@id":"https:\/\/www.fireware.nl\/de\/#website"},"primaryImageOfPage":{"@id":"https:\/\/www.fireware.nl\/de\/produkt\/nebelmaschine-cumulus\/#primaryimage"},"image":{"@id":"https:\/\/www.fireware.nl\/de\/produkt\/nebelmaschine-cumulus\/#primaryimage"},"thumbnailUrl":"https:\/\/www.fireware.nl\/wp-content\/uploads\/2019\/01\/009-030-002-cumulus-medium-rookvloeistof.jpg","datePublished":"2019-01-22T12:15:26+00:00","dateModified":"2026-04-13T11:57:02+00:00","description":"Die Nebelmaschine Cumulus (1300 W) kann vertikal eingesetzt werden, um eine realistische Rauchschicht zu erzeugen. Ausgestattet mit Timer.","breadcrumb":{"@id":"https:\/\/www.fireware.nl\/de\/produkt\/nebelmaschine-cumulus\/#breadcrumb"},"inLanguage":"de","potentialAction":[{"@type":"ReadAction","target":["https:\/\/www.fireware.nl\/de\/produkt\/nebelmaschine-cumulus\/"]}]},{"@type":"ImageObject","inLanguage":"de","@id":"https:\/\/www.fireware.nl\/de\/produkt\/nebelmaschine-cumulus\/#primaryimage","url":"https:\/\/www.fireware.nl\/wp-content\/uploads\/2019\/01\/009-030-002-cumulus-medium-rookvloeistof.jpg","contentUrl":"https:\/\/www.fireware.nl\/wp-content\/uploads\/2019\/01\/009-030-002-cumulus-medium-rookvloeistof.jpg","width":600,"height":600},{"@type":"BreadcrumbList","@id":"https:\/\/www.fireware.nl\/de\/produkt\/nebelmaschine-cumulus\/#breadcrumb","itemListElement":[{"@type":"ListItem","position":1,"name":"Home","item":"https:\/\/www.fireware.nl\/de\/"},{"@type":"ListItem","position":2,"name":"Produkte","item":"https:\/\/www.fireware.nl\/de\/produkte\/"},{"@type":"ListItem","position":3,"name":"Nebelmaschine Cumulus (1300 W)"}]},{"@type":"WebSite","@id":"https:\/\/www.fireware.nl\/de\/#website","url":"https:\/\/www.fireware.nl\/de\/","name":"FireWare","description":"CREATING REALISTIC  TRAINING ENVIRONMENTS","publisher":{"@id":"https:\/\/www.fireware.nl\/de\/#organization"},"potentialAction":[{"@type":"SearchAction","target":{"@type":"EntryPoint","urlTemplate":"https:\/\/www.fireware.nl\/de\/?s={search_term_string}"},"query-input":{"@type":"PropertyValueSpecification","valueRequired":true,"valueName":"search_term_string"}}],"inLanguage":"de"},{"@type":"Organization","@id":"https:\/\/www.fireware.nl\/de\/#organization","name":"FireWare","url":"https:\/\/www.fireware.nl\/de\/","logo":{"@type":"ImageObject","inLanguage":"de","@id":"https:\/\/www.fireware.nl\/de\/#\/schema\/logo\/image\/","url":"https:\/\/www.fireware.nl\/wp-content\/uploads\/2018\/10\/fireware-logo.png","contentUrl":"https:\/\/www.fireware.nl\/wp-content\/uploads\/2018\/10\/fireware-logo.png","width":200,"height":86,"caption":"FireWare"},"image":{"@id":"https:\/\/www.fireware.nl\/de\/#\/schema\/logo\/image\/"},"sameAs":["https:\/\/www.facebook.com\/FireWareBV\/","https:\/\/x.com\/FireWarebv","https:\/\/www.instagram.com\/fireware_nl\/","https:\/\/www.linkedin.com\/company\/3586017\/","https:\/\/www.youtube.com\/user\/firesalesrentconsult"]}]}},"publishpress_future_workflow_manual_trigger":{"enabledWorkflows":[]},"_links":{"self":[{"href":"https:\/\/www.fireware.nl\/de\/wp-json\/wp\/v2\/product\/18978","targetHints":{"allow":["GET"]}}],"collection":[{"href":"https:\/\/www.fireware.nl\/de\/wp-json\/wp\/v2\/product"}],"about":[{"href":"https:\/\/www.fireware.nl\/de\/wp-json\/wp\/v2\/types\/product"}],"wp:featuredmedia":[{"embeddable":true,"href":"https:\/\/www.fireware.nl\/de\/wp-json\/wp\/v2\/media\/49326"}],"wp:attachment":[{"href":"https:\/\/www.fireware.nl\/de\/wp-json\/wp\/v2\/media?parent=18978"}],"wp:term":[{"taxonomy":"product_brand","embeddable":true,"href":"https:\/\/www.fireware.nl\/de\/wp-json\/wp\/v2\/product_brand?post=18978"},{"taxonomy":"product_cat","embeddable":true,"href":"https:\/\/www.fireware.nl\/de\/wp-json\/wp\/v2\/product_cat?post=18978"},{"taxonomy":"product_tag","embeddable":true,"href":"https:\/\/www.fireware.nl\/de\/wp-json\/wp\/v2\/product_tag?post=18978"}],"curies":[{"name":"wp","href":"https:\/\/api.w.org\/{rel}","templated":true}]}}