
{"id":18939,"date":"2019-01-23T12:15:25","date_gmt":"2019-01-23T12:15:25","guid":{"rendered":"http:\/\/fireware.sites.hyperhosting.co\/?post_type=product&#038;p=18939"},"modified":"2026-01-23T14:57:31","modified_gmt":"2026-01-23T14:57:31","slug":"add-on-fryer","status":"publish","type":"product","link":"https:\/\/www.fireware.nl\/de\/product\/add-on-fryer\/","title":{"rendered":"Add-on Fryer"},"content":{"rendered":"\r\n<h2>Trainieren mit einer brennenden Frittierpfanne.<\/h2>\r\n<p>Mit diesem Add-On k\u00f6nnen Sie Ihren\u00a0Vesta L\u00f6schtrainer\u00a0f\u00fcr Simulationen von verschiedenen Vorf\u00e4llen in der K\u00fcche gebrauchen. Was halten Sie davon, einen Deckel auf einer brennenden Frittierpfanne zu verwenden? Sie k\u00f6nnen aber auch sicher zeigen, was passiert, wenn Sie trotzdem versuchen, einen Fettbrand mit Wasser zu l\u00f6schen.<\/p>\r\n<p>Der Add-On Fryer ist eine Mockup-Friteuse, die man auf dem\u00a0FireWare Vesta\u00a0platzieren kann. Nat\u00fcrlich komplett in hochwertigem, rostfreien Stahl ausgef\u00fchrt. F\u00fcr Lagerung und Transport wird der Add-On Fryer standardm\u00e4\u00dfig in einer Kunststoffkiste geliefert.<\/p>\r\n<p>Die Flammen des\u00a0FireWare Vesta\u00a0gehen durch den Boden der Pfanne, so dass man eine \u201eFlamme in der Pfanne&#8221; sicher simulieren kann. Die L\u00f6schverfahren lassen sich mit dem zugeh\u00f6rigen Deckel \u00fcben. Au\u00dferdem wird ein Topf f\u00fcr echtes Fett mitgeliefert, damit Sie einen tats\u00e4chlichen Fettbrand erzeugen k\u00f6nnen.<\/p>\r\n<p>Als Demonstrations-Praktikum kann der Kursleiter eine gewisse Menge Wasser aus der Entfernung zum Fettbrand hinzugeben. Dies passiert mit einer Kette und einem Fallmechanismus. Als Konsequenz entsteht dann ein gro\u00dfer Feuerball und die Kursteilnehmer lernen so, dass Wasser bei einem Fettbrand in der K\u00fcche nicht immer das praktischste L\u00f6schmittel ist.<\/p>\r\n<h3>Der Add-On Fryer wird geliefert mit:<\/h3>\r\n<ul>\r\n<li>Add-On Fryer<\/li>\r\n<li>Deckel<\/li>\r\n<li>B\u00fcgel, um einen Frittierkorb zu simulieren<\/li>\r\n<li>Topf f\u00fcr das Fett<\/li>\r\n<li>B\u00fcgel mit Topf f\u00fcr das Wasser<\/li>\r\n<li>Fallkette<\/li>\r\n<li>Lagerkiste aus Plastik\u00a060x40x44cm<\/li>\r\n<\/ul>\r\n<h2>Sehen Sie sich das Video an<\/h2>\r\n<p><iframe src=\"https:\/\/player.vimeo.com\/video\/496902104\" width=\"640\" height=\"360\" frameborder=\"0\" allowfullscreen=\"allowfullscreen\"><\/iframe><\/p>\r\n","protected":false},"excerpt":{"rendered":"<ul>\n<li>Auf dem Vesta zu platzieren<\/li>\n<li>Mit Zubeh\u00f6r f\u00fcr erh\u00f6hten Realismus<\/li>\n<li>Hochwertiger rostfreier Stahl<\/li>\n<li>Inklusive Kunststoffkiste 60 x 40 x 44cm<\/li>\n<li>Auch um zu demonstrieren, wie man Fettbr\u00e4nde mit Wasser l\u00f6scht!<\/li>\n<\/ul>\n","protected":false},"featured_media":20681,"template":"","meta":[],"product_brand":[],"product_cat":[74],"product_tag":[],"class_list":{"0":"post-18939","1":"product","2":"type-product","3":"status-publish","4":"has-post-thumbnail","6":"product_cat-attrappen-fuer-loeschtrainer","8":"first","9":"instock","10":"taxable","11":"shipping-taxable","12":"purchasable","13":"product-type-simple"},"yoast_head":"<!-- This site is optimized with the Yoast SEO plugin v27.2 - https:\/\/yoast.com\/product\/yoast-seo-wordpress\/ -->\n<title>Add-on Fryer - FireWare<\/title>\n<meta name=\"robots\" content=\"index, follow, max-snippet:-1, max-image-preview:large, max-video-preview:-1\" \/>\n<link rel=\"canonical\" href=\"https:\/\/www.fireware.nl\/de\/product\/add-on-fryer\/\" \/>\n<meta property=\"og:locale\" content=\"de_DE\" \/>\n<meta property=\"og:type\" content=\"article\" \/>\n<meta property=\"og:title\" content=\"Add-on Fryer - FireWare\" \/>\n<meta property=\"og:description\" content=\"Auf dem Vesta zu platzieren Mit Zubeh\u00f6r f\u00fcr erh\u00f6hten Realismus Hochwertiger rostfreier Stahl Inklusive Kunststoffkiste 60 x 40 x 44cm Auch um zu demonstrieren, wie man Fettbr\u00e4nde mit Wasser l\u00f6scht!\" \/>\n<meta property=\"og:url\" content=\"https:\/\/www.fireware.nl\/de\/product\/add-on-fryer\/\" \/>\n<meta property=\"og:site_name\" content=\"FireWare\" \/>\n<meta property=\"article:publisher\" content=\"https:\/\/www.facebook.com\/FireWareBV\/\" \/>\n<meta property=\"article:modified_time\" content=\"2026-01-23T14:57:31+00:00\" \/>\n<meta property=\"og:image\" content=\"https:\/\/www.fireware.nl\/wp-content\/uploads\/2019\/01\/049-012-031-Add-On-Fryer-Schuin-Boven.jpg\" \/>\n\t<meta property=\"og:image:width\" content=\"600\" \/>\n\t<meta property=\"og:image:height\" content=\"600\" \/>\n\t<meta property=\"og:image:type\" content=\"image\/jpeg\" \/>\n<meta name=\"twitter:card\" content=\"summary_large_image\" \/>\n<meta name=\"twitter:site\" content=\"@FireWarebv\" \/>\n<meta name=\"twitter:label1\" content=\"Gesch\u00e4tzte Lesezeit\" \/>\n\t<meta name=\"twitter:data1\" content=\"2\u00a0Minuten\" \/>\n<script type=\"application\/ld+json\" class=\"yoast-schema-graph\">{\"@context\":\"https:\/\/schema.org\",\"@graph\":[{\"@type\":\"WebPage\",\"@id\":\"https:\/\/www.fireware.nl\/de\/product\/add-on-fryer\/\",\"url\":\"https:\/\/www.fireware.nl\/de\/product\/add-on-fryer\/\",\"name\":\"Add-on Fryer - FireWare\",\"isPartOf\":{\"@id\":\"https:\/\/www.fireware.nl\/de\/#website\"},\"primaryImageOfPage\":{\"@id\":\"https:\/\/www.fireware.nl\/de\/product\/add-on-fryer\/#primaryimage\"},\"image\":{\"@id\":\"https:\/\/www.fireware.nl\/de\/product\/add-on-fryer\/#primaryimage\"},\"thumbnailUrl\":\"https:\/\/www.fireware.nl\/wp-content\/uploads\/2019\/01\/049-012-031-Add-On-Fryer-Schuin-Boven.jpg\",\"datePublished\":\"2019-01-23T12:15:25+00:00\",\"dateModified\":\"2026-01-23T14:57:31+00:00\",\"breadcrumb\":{\"@id\":\"https:\/\/www.fireware.nl\/de\/product\/add-on-fryer\/#breadcrumb\"},\"inLanguage\":\"de\",\"potentialAction\":[{\"@type\":\"ReadAction\",\"target\":[\"https:\/\/www.fireware.nl\/de\/product\/add-on-fryer\/\"]}]},{\"@type\":\"ImageObject\",\"inLanguage\":\"de\",\"@id\":\"https:\/\/www.fireware.nl\/de\/product\/add-on-fryer\/#primaryimage\",\"url\":\"https:\/\/www.fireware.nl\/wp-content\/uploads\/2019\/01\/049-012-031-Add-On-Fryer-Schuin-Boven.jpg\",\"contentUrl\":\"https:\/\/www.fireware.nl\/wp-content\/uploads\/2019\/01\/049-012-031-Add-On-Fryer-Schuin-Boven.jpg\",\"width\":600,\"height\":600,\"caption\":\"049-012-031 Add On Fryer Schuin Boven\"},{\"@type\":\"BreadcrumbList\",\"@id\":\"https:\/\/www.fireware.nl\/de\/product\/add-on-fryer\/#breadcrumb\",\"itemListElement\":[{\"@type\":\"ListItem\",\"position\":1,\"name\":\"Home\",\"item\":\"https:\/\/www.fireware.nl\/de\/\"},{\"@type\":\"ListItem\",\"position\":2,\"name\":\"Produkte\",\"item\":\"https:\/\/www.fireware.nl\/de\/produkte\/\"},{\"@type\":\"ListItem\",\"position\":3,\"name\":\"Add-on Fryer\"}]},{\"@type\":\"WebSite\",\"@id\":\"https:\/\/www.fireware.nl\/de\/#website\",\"url\":\"https:\/\/www.fireware.nl\/de\/\",\"name\":\"FireWare\",\"description\":\"CREATING REALISTIC  TRAINING ENVIRONMENTS\",\"publisher\":{\"@id\":\"https:\/\/www.fireware.nl\/de\/#organization\"},\"potentialAction\":[{\"@type\":\"SearchAction\",\"target\":{\"@type\":\"EntryPoint\",\"urlTemplate\":\"https:\/\/www.fireware.nl\/de\/?s={search_term_string}\"},\"query-input\":{\"@type\":\"PropertyValueSpecification\",\"valueRequired\":true,\"valueName\":\"search_term_string\"}}],\"inLanguage\":\"de\"},{\"@type\":\"Organization\",\"@id\":\"https:\/\/www.fireware.nl\/de\/#organization\",\"name\":\"FireWare\",\"url\":\"https:\/\/www.fireware.nl\/de\/\",\"logo\":{\"@type\":\"ImageObject\",\"inLanguage\":\"de\",\"@id\":\"https:\/\/www.fireware.nl\/de\/#\/schema\/logo\/image\/\",\"url\":\"https:\/\/www.fireware.nl\/wp-content\/uploads\/2018\/10\/fireware-logo.png\",\"contentUrl\":\"https:\/\/www.fireware.nl\/wp-content\/uploads\/2018\/10\/fireware-logo.png\",\"width\":200,\"height\":86,\"caption\":\"FireWare\"},\"image\":{\"@id\":\"https:\/\/www.fireware.nl\/de\/#\/schema\/logo\/image\/\"},\"sameAs\":[\"https:\/\/www.facebook.com\/FireWareBV\/\",\"https:\/\/x.com\/FireWarebv\",\"https:\/\/www.instagram.com\/fireware_nl\/\",\"https:\/\/www.linkedin.com\/company\/3586017\/\",\"https:\/\/www.youtube.com\/user\/firesalesrentconsult\"]}]}<\/script>\n<!-- \/ Yoast SEO plugin. -->","yoast_head_json":{"title":"Add-on Fryer - FireWare","robots":{"index":"index","follow":"follow","max-snippet":"max-snippet:-1","max-image-preview":"max-image-preview:large","max-video-preview":"max-video-preview:-1"},"canonical":"https:\/\/www.fireware.nl\/de\/product\/add-on-fryer\/","og_locale":"de_DE","og_type":"article","og_title":"Add-on Fryer - FireWare","og_description":"Auf dem Vesta zu platzieren Mit Zubeh\u00f6r f\u00fcr erh\u00f6hten Realismus Hochwertiger rostfreier Stahl Inklusive Kunststoffkiste 60 x 40 x 44cm Auch um zu demonstrieren, wie man Fettbr\u00e4nde mit Wasser l\u00f6scht!","og_url":"https:\/\/www.fireware.nl\/de\/product\/add-on-fryer\/","og_site_name":"FireWare","article_publisher":"https:\/\/www.facebook.com\/FireWareBV\/","article_modified_time":"2026-01-23T14:57:31+00:00","og_image":[{"width":600,"height":600,"url":"https:\/\/www.fireware.nl\/wp-content\/uploads\/2019\/01\/049-012-031-Add-On-Fryer-Schuin-Boven.jpg","type":"image\/jpeg"}],"twitter_card":"summary_large_image","twitter_site":"@FireWarebv","twitter_misc":{"Gesch\u00e4tzte Lesezeit":"2\u00a0Minuten"},"schema":{"@context":"https:\/\/schema.org","@graph":[{"@type":"WebPage","@id":"https:\/\/www.fireware.nl\/de\/product\/add-on-fryer\/","url":"https:\/\/www.fireware.nl\/de\/product\/add-on-fryer\/","name":"Add-on Fryer - FireWare","isPartOf":{"@id":"https:\/\/www.fireware.nl\/de\/#website"},"primaryImageOfPage":{"@id":"https:\/\/www.fireware.nl\/de\/product\/add-on-fryer\/#primaryimage"},"image":{"@id":"https:\/\/www.fireware.nl\/de\/product\/add-on-fryer\/#primaryimage"},"thumbnailUrl":"https:\/\/www.fireware.nl\/wp-content\/uploads\/2019\/01\/049-012-031-Add-On-Fryer-Schuin-Boven.jpg","datePublished":"2019-01-23T12:15:25+00:00","dateModified":"2026-01-23T14:57:31+00:00","breadcrumb":{"@id":"https:\/\/www.fireware.nl\/de\/product\/add-on-fryer\/#breadcrumb"},"inLanguage":"de","potentialAction":[{"@type":"ReadAction","target":["https:\/\/www.fireware.nl\/de\/product\/add-on-fryer\/"]}]},{"@type":"ImageObject","inLanguage":"de","@id":"https:\/\/www.fireware.nl\/de\/product\/add-on-fryer\/#primaryimage","url":"https:\/\/www.fireware.nl\/wp-content\/uploads\/2019\/01\/049-012-031-Add-On-Fryer-Schuin-Boven.jpg","contentUrl":"https:\/\/www.fireware.nl\/wp-content\/uploads\/2019\/01\/049-012-031-Add-On-Fryer-Schuin-Boven.jpg","width":600,"height":600,"caption":"049-012-031 Add On Fryer Schuin Boven"},{"@type":"BreadcrumbList","@id":"https:\/\/www.fireware.nl\/de\/product\/add-on-fryer\/#breadcrumb","itemListElement":[{"@type":"ListItem","position":1,"name":"Home","item":"https:\/\/www.fireware.nl\/de\/"},{"@type":"ListItem","position":2,"name":"Produkte","item":"https:\/\/www.fireware.nl\/de\/produkte\/"},{"@type":"ListItem","position":3,"name":"Add-on Fryer"}]},{"@type":"WebSite","@id":"https:\/\/www.fireware.nl\/de\/#website","url":"https:\/\/www.fireware.nl\/de\/","name":"FireWare","description":"CREATING REALISTIC  TRAINING ENVIRONMENTS","publisher":{"@id":"https:\/\/www.fireware.nl\/de\/#organization"},"potentialAction":[{"@type":"SearchAction","target":{"@type":"EntryPoint","urlTemplate":"https:\/\/www.fireware.nl\/de\/?s={search_term_string}"},"query-input":{"@type":"PropertyValueSpecification","valueRequired":true,"valueName":"search_term_string"}}],"inLanguage":"de"},{"@type":"Organization","@id":"https:\/\/www.fireware.nl\/de\/#organization","name":"FireWare","url":"https:\/\/www.fireware.nl\/de\/","logo":{"@type":"ImageObject","inLanguage":"de","@id":"https:\/\/www.fireware.nl\/de\/#\/schema\/logo\/image\/","url":"https:\/\/www.fireware.nl\/wp-content\/uploads\/2018\/10\/fireware-logo.png","contentUrl":"https:\/\/www.fireware.nl\/wp-content\/uploads\/2018\/10\/fireware-logo.png","width":200,"height":86,"caption":"FireWare"},"image":{"@id":"https:\/\/www.fireware.nl\/de\/#\/schema\/logo\/image\/"},"sameAs":["https:\/\/www.facebook.com\/FireWareBV\/","https:\/\/x.com\/FireWarebv","https:\/\/www.instagram.com\/fireware_nl\/","https:\/\/www.linkedin.com\/company\/3586017\/","https:\/\/www.youtube.com\/user\/firesalesrentconsult"]}]}},"publishpress_future_workflow_manual_trigger":{"enabledWorkflows":[]},"_links":{"self":[{"href":"https:\/\/www.fireware.nl\/de\/wp-json\/wp\/v2\/product\/18939","targetHints":{"allow":["GET"]}}],"collection":[{"href":"https:\/\/www.fireware.nl\/de\/wp-json\/wp\/v2\/product"}],"about":[{"href":"https:\/\/www.fireware.nl\/de\/wp-json\/wp\/v2\/types\/product"}],"wp:featuredmedia":[{"embeddable":true,"href":"https:\/\/www.fireware.nl\/de\/wp-json\/wp\/v2\/media\/20681"}],"wp:attachment":[{"href":"https:\/\/www.fireware.nl\/de\/wp-json\/wp\/v2\/media?parent=18939"}],"wp:term":[{"taxonomy":"product_brand","embeddable":true,"href":"https:\/\/www.fireware.nl\/de\/wp-json\/wp\/v2\/product_brand?post=18939"},{"taxonomy":"product_cat","embeddable":true,"href":"https:\/\/www.fireware.nl\/de\/wp-json\/wp\/v2\/product_cat?post=18939"},{"taxonomy":"product_tag","embeddable":true,"href":"https:\/\/www.fireware.nl\/de\/wp-json\/wp\/v2\/product_tag?post=18939"}],"curies":[{"name":"wp","href":"https:\/\/api.w.org\/{rel}","templated":true}]}}