
{"id":18930,"date":"2019-01-23T12:15:25","date_gmt":"2019-02-01T08:36:15","guid":{"rendered":"http:\/\/fireware.sites.hyperhosting.co\/?post_type=product&#038;p=18930"},"modified":"2025-01-20T09:33:59","modified_gmt":"2025-01-20T09:33:59","slug":"add-on-flange-fire","status":"publish","type":"product","link":"https:\/\/www.fireware.nl\/de\/product\/add-on-flange-fire\/","title":{"rendered":"Add-on Flange Fire"},"content":{"rendered":"\r\n<h2>Erstellen Sie eine sichere Flansch Feuer f\u00fcr \u00dcbungen<\/h2>\r\n<p>Der add-on Flange Fire ist ein Zubeh\u00f6r f\u00fcr den FireWare Vesta. Der Flange Fire ist ein aktiver Aufsatz. Das bedeutet, dass Sie ihn an den zus\u00e4tzlichen Ausgang des Vesta anschlie\u00dfen k\u00f6nnen. Die Z\u00fcndung erfolgt \u00fcber den Vesta, indem der Gasauslass auf den brennenden Vesta gerichtet wird.<\/p>\r\n<p>Der add-on Flange Fire erm\u00f6glicht ein anspruchsvolles Training f\u00fcr Unf\u00e4lle mit gef\u00e4hrlichen Stoffen.\u00a0Das Schlie\u00dfen des Gashahns simuliert die Unterbrechung der Gaszufuhr. Der Ausbilder l\u00e4sst den Zangengriff los und die \u00dcbung ist bestanden!<\/p>\r\n<p>Dank des intelligenten Designs kann dieser Aufsatz leicht in der mitgelieferten Kunststoffbox verpackt und transportiert werden. Sie hat die praktischen Transportma\u00dfe 60*40*44 cm. Aus sehr hochwertigem Edelstahl.\u00a0Auch als Stand Alone\u00a0Ausf\u00fchrung erh\u00e4ltlich.<\/p>\r\n<h2>Sehen Sie sich das Video hier an<\/h2>\r\n<p><iframe title=\"YouTube video player\" src=\"https:\/\/www.youtube.com\/embed\/zHqLGF_c3YI?rel=0\" width=\"560\" height=\"315\" frameborder=\"0\" allowfullscreen=\"allowfullscreen\"><\/iframe><\/p>\r\n","protected":false},"excerpt":{"rendered":"<ul>\n<li>Kann <em>neben und oben auf<\/em>\u00a0dem Vesta aufgestellt werden.<\/li>\n<li>Wird an den zus\u00e4tzlichen Gasausgang des Vesta angeschlossen.<\/li>\n<li>Mit verschlie\u00dfbarem Gashahn.<\/li>\n<li>Hochwertiger Edelstahl.<\/li>\n<li>Inklusive Kunststoffbox 60 x 40 x 44 cm.<\/li>\n<\/ul>\n","protected":false},"featured_media":20667,"template":"","meta":[],"product_brand":[],"product_cat":[74],"product_tag":[],"class_list":{"0":"post-18930","1":"product","2":"type-product","3":"status-publish","4":"has-post-thumbnail","6":"product_cat-attrappen-fuer-loeschtrainer","8":"first","9":"instock","10":"taxable","11":"shipping-taxable","12":"purchasable","13":"product-type-simple"},"yoast_head":"<!-- This site is optimized with the Yoast SEO plugin v27.4 - https:\/\/yoast.com\/product\/yoast-seo-wordpress\/ -->\n<title>Add-on Flange Fire - FireWare<\/title>\n<meta name=\"robots\" content=\"index, follow, max-snippet:-1, max-image-preview:large, max-video-preview:-1\" \/>\n<link rel=\"canonical\" href=\"https:\/\/www.fireware.nl\/de\/product\/add-on-flange-fire\/\" \/>\n<meta property=\"og:locale\" content=\"de_DE\" \/>\n<meta property=\"og:type\" content=\"article\" \/>\n<meta property=\"og:title\" content=\"Add-on Flange Fire - FireWare\" \/>\n<meta property=\"og:description\" content=\"Kann neben und oben auf\u00a0dem Vesta aufgestellt werden. Wird an den zus\u00e4tzlichen Gasausgang des Vesta angeschlossen. Mit verschlie\u00dfbarem Gashahn. Hochwertiger Edelstahl. Inklusive Kunststoffbox 60 x 40 x 44 cm.\" \/>\n<meta property=\"og:url\" content=\"https:\/\/www.fireware.nl\/de\/product\/add-on-flange-fire\/\" \/>\n<meta property=\"og:site_name\" content=\"FireWare\" \/>\n<meta property=\"article:publisher\" content=\"https:\/\/www.facebook.com\/FireWareBV\/\" \/>\n<meta property=\"article:modified_time\" content=\"2025-01-20T09:33:59+00:00\" \/>\n<meta property=\"og:image\" content=\"https:\/\/www.fireware.nl\/wp-content\/uploads\/2019\/01\/049-012-002-Add-on-Flange-Fire-Action.jpg\" \/>\n\t<meta property=\"og:image:width\" content=\"600\" \/>\n\t<meta property=\"og:image:height\" content=\"600\" \/>\n\t<meta property=\"og:image:type\" content=\"image\/jpeg\" \/>\n<meta name=\"twitter:card\" content=\"summary_large_image\" \/>\n<meta name=\"twitter:site\" content=\"@FireWarebv\" \/>\n<meta name=\"twitter:label1\" content=\"Gesch\u00e4tzte Lesezeit\" \/>\n\t<meta name=\"twitter:data1\" content=\"1\u00a0Minute\" \/>\n<script type=\"application\/ld+json\" class=\"yoast-schema-graph\">{\"@context\":\"https:\\\/\\\/schema.org\",\"@graph\":[{\"@type\":\"WebPage\",\"@id\":\"https:\\\/\\\/www.fireware.nl\\\/de\\\/product\\\/add-on-flange-fire\\\/\",\"url\":\"https:\\\/\\\/www.fireware.nl\\\/de\\\/product\\\/add-on-flange-fire\\\/\",\"name\":\"Add-on Flange Fire - FireWare\",\"isPartOf\":{\"@id\":\"https:\\\/\\\/www.fireware.nl\\\/de\\\/#website\"},\"primaryImageOfPage\":{\"@id\":\"https:\\\/\\\/www.fireware.nl\\\/de\\\/product\\\/add-on-flange-fire\\\/#primaryimage\"},\"image\":{\"@id\":\"https:\\\/\\\/www.fireware.nl\\\/de\\\/product\\\/add-on-flange-fire\\\/#primaryimage\"},\"thumbnailUrl\":\"https:\\\/\\\/www.fireware.nl\\\/wp-content\\\/uploads\\\/2019\\\/01\\\/049-012-002-Add-on-Flange-Fire-Action.jpg\",\"datePublished\":\"2019-02-01T08:36:15+00:00\",\"dateModified\":\"2025-01-20T09:33:59+00:00\",\"breadcrumb\":{\"@id\":\"https:\\\/\\\/www.fireware.nl\\\/de\\\/product\\\/add-on-flange-fire\\\/#breadcrumb\"},\"inLanguage\":\"de\",\"potentialAction\":[{\"@type\":\"ReadAction\",\"target\":[\"https:\\\/\\\/www.fireware.nl\\\/de\\\/product\\\/add-on-flange-fire\\\/\"]}]},{\"@type\":\"ImageObject\",\"inLanguage\":\"de\",\"@id\":\"https:\\\/\\\/www.fireware.nl\\\/de\\\/product\\\/add-on-flange-fire\\\/#primaryimage\",\"url\":\"https:\\\/\\\/www.fireware.nl\\\/wp-content\\\/uploads\\\/2019\\\/01\\\/049-012-002-Add-on-Flange-Fire-Action.jpg\",\"contentUrl\":\"https:\\\/\\\/www.fireware.nl\\\/wp-content\\\/uploads\\\/2019\\\/01\\\/049-012-002-Add-on-Flange-Fire-Action.jpg\",\"width\":600,\"height\":600,\"caption\":\"049-012-002 Add-on Flange Fire Action\"},{\"@type\":\"BreadcrumbList\",\"@id\":\"https:\\\/\\\/www.fireware.nl\\\/de\\\/product\\\/add-on-flange-fire\\\/#breadcrumb\",\"itemListElement\":[{\"@type\":\"ListItem\",\"position\":1,\"name\":\"Home\",\"item\":\"https:\\\/\\\/www.fireware.nl\\\/de\\\/\"},{\"@type\":\"ListItem\",\"position\":2,\"name\":\"Produkte\",\"item\":\"https:\\\/\\\/www.fireware.nl\\\/de\\\/produkte\\\/\"},{\"@type\":\"ListItem\",\"position\":3,\"name\":\"Add-on Flange Fire\"}]},{\"@type\":\"WebSite\",\"@id\":\"https:\\\/\\\/www.fireware.nl\\\/de\\\/#website\",\"url\":\"https:\\\/\\\/www.fireware.nl\\\/de\\\/\",\"name\":\"FireWare\",\"description\":\"CREATING REALISTIC  TRAINING ENVIRONMENTS\",\"publisher\":{\"@id\":\"https:\\\/\\\/www.fireware.nl\\\/de\\\/#organization\"},\"potentialAction\":[{\"@type\":\"SearchAction\",\"target\":{\"@type\":\"EntryPoint\",\"urlTemplate\":\"https:\\\/\\\/www.fireware.nl\\\/de\\\/?s={search_term_string}\"},\"query-input\":{\"@type\":\"PropertyValueSpecification\",\"valueRequired\":true,\"valueName\":\"search_term_string\"}}],\"inLanguage\":\"de\"},{\"@type\":\"Organization\",\"@id\":\"https:\\\/\\\/www.fireware.nl\\\/de\\\/#organization\",\"name\":\"FireWare\",\"url\":\"https:\\\/\\\/www.fireware.nl\\\/de\\\/\",\"logo\":{\"@type\":\"ImageObject\",\"inLanguage\":\"de\",\"@id\":\"https:\\\/\\\/www.fireware.nl\\\/de\\\/#\\\/schema\\\/logo\\\/image\\\/\",\"url\":\"https:\\\/\\\/www.fireware.nl\\\/wp-content\\\/uploads\\\/2018\\\/10\\\/fireware-logo.png\",\"contentUrl\":\"https:\\\/\\\/www.fireware.nl\\\/wp-content\\\/uploads\\\/2018\\\/10\\\/fireware-logo.png\",\"width\":200,\"height\":86,\"caption\":\"FireWare\"},\"image\":{\"@id\":\"https:\\\/\\\/www.fireware.nl\\\/de\\\/#\\\/schema\\\/logo\\\/image\\\/\"},\"sameAs\":[\"https:\\\/\\\/www.facebook.com\\\/FireWareBV\\\/\",\"https:\\\/\\\/x.com\\\/FireWarebv\",\"https:\\\/\\\/www.instagram.com\\\/fireware_nl\\\/\",\"https:\\\/\\\/www.linkedin.com\\\/company\\\/3586017\\\/\",\"https:\\\/\\\/www.youtube.com\\\/user\\\/firesalesrentconsult\"]}]}<\/script>\n<!-- \/ Yoast SEO plugin. -->","yoast_head_json":{"title":"Add-on Flange Fire - FireWare","robots":{"index":"index","follow":"follow","max-snippet":"max-snippet:-1","max-image-preview":"max-image-preview:large","max-video-preview":"max-video-preview:-1"},"canonical":"https:\/\/www.fireware.nl\/de\/product\/add-on-flange-fire\/","og_locale":"de_DE","og_type":"article","og_title":"Add-on Flange Fire - FireWare","og_description":"Kann neben und oben auf\u00a0dem Vesta aufgestellt werden. Wird an den zus\u00e4tzlichen Gasausgang des Vesta angeschlossen. Mit verschlie\u00dfbarem Gashahn. Hochwertiger Edelstahl. Inklusive Kunststoffbox 60 x 40 x 44 cm.","og_url":"https:\/\/www.fireware.nl\/de\/product\/add-on-flange-fire\/","og_site_name":"FireWare","article_publisher":"https:\/\/www.facebook.com\/FireWareBV\/","article_modified_time":"2025-01-20T09:33:59+00:00","og_image":[{"width":600,"height":600,"url":"https:\/\/www.fireware.nl\/wp-content\/uploads\/2019\/01\/049-012-002-Add-on-Flange-Fire-Action.jpg","type":"image\/jpeg"}],"twitter_card":"summary_large_image","twitter_site":"@FireWarebv","twitter_misc":{"Gesch\u00e4tzte Lesezeit":"1\u00a0Minute"},"schema":{"@context":"https:\/\/schema.org","@graph":[{"@type":"WebPage","@id":"https:\/\/www.fireware.nl\/de\/product\/add-on-flange-fire\/","url":"https:\/\/www.fireware.nl\/de\/product\/add-on-flange-fire\/","name":"Add-on Flange Fire - FireWare","isPartOf":{"@id":"https:\/\/www.fireware.nl\/de\/#website"},"primaryImageOfPage":{"@id":"https:\/\/www.fireware.nl\/de\/product\/add-on-flange-fire\/#primaryimage"},"image":{"@id":"https:\/\/www.fireware.nl\/de\/product\/add-on-flange-fire\/#primaryimage"},"thumbnailUrl":"https:\/\/www.fireware.nl\/wp-content\/uploads\/2019\/01\/049-012-002-Add-on-Flange-Fire-Action.jpg","datePublished":"2019-02-01T08:36:15+00:00","dateModified":"2025-01-20T09:33:59+00:00","breadcrumb":{"@id":"https:\/\/www.fireware.nl\/de\/product\/add-on-flange-fire\/#breadcrumb"},"inLanguage":"de","potentialAction":[{"@type":"ReadAction","target":["https:\/\/www.fireware.nl\/de\/product\/add-on-flange-fire\/"]}]},{"@type":"ImageObject","inLanguage":"de","@id":"https:\/\/www.fireware.nl\/de\/product\/add-on-flange-fire\/#primaryimage","url":"https:\/\/www.fireware.nl\/wp-content\/uploads\/2019\/01\/049-012-002-Add-on-Flange-Fire-Action.jpg","contentUrl":"https:\/\/www.fireware.nl\/wp-content\/uploads\/2019\/01\/049-012-002-Add-on-Flange-Fire-Action.jpg","width":600,"height":600,"caption":"049-012-002 Add-on Flange Fire Action"},{"@type":"BreadcrumbList","@id":"https:\/\/www.fireware.nl\/de\/product\/add-on-flange-fire\/#breadcrumb","itemListElement":[{"@type":"ListItem","position":1,"name":"Home","item":"https:\/\/www.fireware.nl\/de\/"},{"@type":"ListItem","position":2,"name":"Produkte","item":"https:\/\/www.fireware.nl\/de\/produkte\/"},{"@type":"ListItem","position":3,"name":"Add-on Flange Fire"}]},{"@type":"WebSite","@id":"https:\/\/www.fireware.nl\/de\/#website","url":"https:\/\/www.fireware.nl\/de\/","name":"FireWare","description":"CREATING REALISTIC  TRAINING ENVIRONMENTS","publisher":{"@id":"https:\/\/www.fireware.nl\/de\/#organization"},"potentialAction":[{"@type":"SearchAction","target":{"@type":"EntryPoint","urlTemplate":"https:\/\/www.fireware.nl\/de\/?s={search_term_string}"},"query-input":{"@type":"PropertyValueSpecification","valueRequired":true,"valueName":"search_term_string"}}],"inLanguage":"de"},{"@type":"Organization","@id":"https:\/\/www.fireware.nl\/de\/#organization","name":"FireWare","url":"https:\/\/www.fireware.nl\/de\/","logo":{"@type":"ImageObject","inLanguage":"de","@id":"https:\/\/www.fireware.nl\/de\/#\/schema\/logo\/image\/","url":"https:\/\/www.fireware.nl\/wp-content\/uploads\/2018\/10\/fireware-logo.png","contentUrl":"https:\/\/www.fireware.nl\/wp-content\/uploads\/2018\/10\/fireware-logo.png","width":200,"height":86,"caption":"FireWare"},"image":{"@id":"https:\/\/www.fireware.nl\/de\/#\/schema\/logo\/image\/"},"sameAs":["https:\/\/www.facebook.com\/FireWareBV\/","https:\/\/x.com\/FireWarebv","https:\/\/www.instagram.com\/fireware_nl\/","https:\/\/www.linkedin.com\/company\/3586017\/","https:\/\/www.youtube.com\/user\/firesalesrentconsult"]}]}},"publishpress_future_workflow_manual_trigger":{"enabledWorkflows":[]},"_links":{"self":[{"href":"https:\/\/www.fireware.nl\/de\/wp-json\/wp\/v2\/product\/18930","targetHints":{"allow":["GET"]}}],"collection":[{"href":"https:\/\/www.fireware.nl\/de\/wp-json\/wp\/v2\/product"}],"about":[{"href":"https:\/\/www.fireware.nl\/de\/wp-json\/wp\/v2\/types\/product"}],"wp:featuredmedia":[{"embeddable":true,"href":"https:\/\/www.fireware.nl\/de\/wp-json\/wp\/v2\/media\/20667"}],"wp:attachment":[{"href":"https:\/\/www.fireware.nl\/de\/wp-json\/wp\/v2\/media?parent=18930"}],"wp:term":[{"taxonomy":"product_brand","embeddable":true,"href":"https:\/\/www.fireware.nl\/de\/wp-json\/wp\/v2\/product_brand?post=18930"},{"taxonomy":"product_cat","embeddable":true,"href":"https:\/\/www.fireware.nl\/de\/wp-json\/wp\/v2\/product_cat?post=18930"},{"taxonomy":"product_tag","embeddable":true,"href":"https:\/\/www.fireware.nl\/de\/wp-json\/wp\/v2\/product_tag?post=18930"}],"curies":[{"name":"wp","href":"https:\/\/api.w.org\/{rel}","templated":true}]}}