
{"id":18910,"date":"2019-01-23T12:15:28","date_gmt":"2019-02-01T08:23:07","guid":{"rendered":"http:\/\/fireware.sites.hyperhosting.co\/?post_type=product&#038;p=18910"},"modified":"2022-01-24T15:11:53","modified_gmt":"2022-01-24T15:11:53","slug":"entzuendung-brenner-gross","status":"publish","type":"product","link":"https:\/\/www.fireware.nl\/de\/produkt\/entzuendung-brenner-gross\/","title":{"rendered":"Entz\u00fcndung Brenner Gross"},"content":{"rendered":"<p>Dieser Z\u00fcndbrenner verf\u00fcgt \u00fcber eine lange Lanze und bietet die M\u00f6glichkeit, die BF L\u00f6schtrainer auf sichere Weise zu entz\u00fcnden.\u00a0<u>Eine<\/u>\u00a0Gasdose ist im Lieferumfang enthalten. Zus\u00e4tzliche Gasdosen k\u00f6nnen optional bestellt werden.<\/p>\n","protected":false},"excerpt":{"rendered":"<ul>\n<li>Z\u00fcndlanze f\u00fcr den Basic Fire L\u00f6schtrainer.<\/li>\n<li>Mit einer Gasdose ausgestattet.<\/li>\n<\/ul>\n","protected":false},"featured_media":40395,"template":"","meta":[],"product_brand":[],"product_cat":[71],"product_tag":[],"class_list":{"0":"post-18910","1":"product","2":"type-product","3":"status-publish","4":"has-post-thumbnail","6":"product_cat-loeschtrainer","8":"first","9":"instock","10":"taxable","11":"shipping-taxable","12":"purchasable","13":"product-type-simple"},"yoast_head":"<!-- This site is optimized with the Yoast SEO plugin v27.4 - https:\/\/yoast.com\/product\/yoast-seo-wordpress\/ -->\n<title>Entz\u00fcndung Brenner Gross: L\u00f6schtrainer sicher entz\u00fcnden - FireWare<\/title>\n<meta name=\"description\" content=\"Der Entz\u00fcndung Brenner Gross hat eine lange Lanze und kann die BF-L\u00f6schtrainer von FireWare sicher entz\u00fcnden. Inklusive einer Gasflasche.\" \/>\n<meta name=\"robots\" content=\"index, follow, max-snippet:-1, max-image-preview:large, max-video-preview:-1\" \/>\n<link rel=\"canonical\" href=\"https:\/\/www.fireware.nl\/de\/produkt\/entzuendung-brenner-gross\/\" \/>\n<meta property=\"og:locale\" content=\"de_DE\" \/>\n<meta property=\"og:type\" content=\"article\" \/>\n<meta property=\"og:title\" content=\"Entz\u00fcndung Brenner Gross: L\u00f6schtrainer sicher entz\u00fcnden - FireWare\" \/>\n<meta property=\"og:description\" content=\"Der Entz\u00fcndung Brenner Gross hat eine lange Lanze und kann die BF-L\u00f6schtrainer von FireWare sicher entz\u00fcnden. Inklusive einer Gasflasche.\" \/>\n<meta property=\"og:url\" content=\"https:\/\/www.fireware.nl\/de\/produkt\/entzuendung-brenner-gross\/\" \/>\n<meta property=\"og:site_name\" content=\"FireWare\" \/>\n<meta property=\"article:publisher\" content=\"https:\/\/www.facebook.com\/FireWareBV\/\" \/>\n<meta property=\"article:modified_time\" content=\"2022-01-24T15:11:53+00:00\" \/>\n<meta property=\"og:image\" content=\"https:\/\/www.fireware.nl\/wp-content\/uploads\/2019\/01\/Ontsteekbrander-large_v2_600x600.jpg\" \/>\n\t<meta property=\"og:image:width\" content=\"600\" \/>\n\t<meta property=\"og:image:height\" content=\"600\" \/>\n\t<meta property=\"og:image:type\" content=\"image\/jpeg\" \/>\n<meta name=\"twitter:card\" content=\"summary_large_image\" \/>\n<meta name=\"twitter:site\" content=\"@FireWarebv\" \/>\n<script type=\"application\/ld+json\" class=\"yoast-schema-graph\">{\"@context\":\"https:\\\/\\\/schema.org\",\"@graph\":[{\"@type\":\"WebPage\",\"@id\":\"https:\\\/\\\/www.fireware.nl\\\/de\\\/produkt\\\/entzuendung-brenner-gross\\\/\",\"url\":\"https:\\\/\\\/www.fireware.nl\\\/de\\\/produkt\\\/entzuendung-brenner-gross\\\/\",\"name\":\"Entz\u00fcndung Brenner Gross: L\u00f6schtrainer sicher entz\u00fcnden - FireWare\",\"isPartOf\":{\"@id\":\"https:\\\/\\\/www.fireware.nl\\\/de\\\/#website\"},\"primaryImageOfPage\":{\"@id\":\"https:\\\/\\\/www.fireware.nl\\\/de\\\/produkt\\\/entzuendung-brenner-gross\\\/#primaryimage\"},\"image\":{\"@id\":\"https:\\\/\\\/www.fireware.nl\\\/de\\\/produkt\\\/entzuendung-brenner-gross\\\/#primaryimage\"},\"thumbnailUrl\":\"https:\\\/\\\/www.fireware.nl\\\/wp-content\\\/uploads\\\/2019\\\/01\\\/Ontsteekbrander-large_v2_600x600.jpg\",\"datePublished\":\"2019-02-01T08:23:07+00:00\",\"dateModified\":\"2022-01-24T15:11:53+00:00\",\"description\":\"Der Entz\u00fcndung Brenner Gross hat eine lange Lanze und kann die BF-L\u00f6schtrainer von FireWare sicher entz\u00fcnden. Inklusive einer Gasflasche.\",\"breadcrumb\":{\"@id\":\"https:\\\/\\\/www.fireware.nl\\\/de\\\/produkt\\\/entzuendung-brenner-gross\\\/#breadcrumb\"},\"inLanguage\":\"de\",\"potentialAction\":[{\"@type\":\"ReadAction\",\"target\":[\"https:\\\/\\\/www.fireware.nl\\\/de\\\/produkt\\\/entzuendung-brenner-gross\\\/\"]}]},{\"@type\":\"ImageObject\",\"inLanguage\":\"de\",\"@id\":\"https:\\\/\\\/www.fireware.nl\\\/de\\\/produkt\\\/entzuendung-brenner-gross\\\/#primaryimage\",\"url\":\"https:\\\/\\\/www.fireware.nl\\\/wp-content\\\/uploads\\\/2019\\\/01\\\/Ontsteekbrander-large_v2_600x600.jpg\",\"contentUrl\":\"https:\\\/\\\/www.fireware.nl\\\/wp-content\\\/uploads\\\/2019\\\/01\\\/Ontsteekbrander-large_v2_600x600.jpg\",\"width\":600,\"height\":600},{\"@type\":\"BreadcrumbList\",\"@id\":\"https:\\\/\\\/www.fireware.nl\\\/de\\\/produkt\\\/entzuendung-brenner-gross\\\/#breadcrumb\",\"itemListElement\":[{\"@type\":\"ListItem\",\"position\":1,\"name\":\"Home\",\"item\":\"https:\\\/\\\/www.fireware.nl\\\/de\\\/\"},{\"@type\":\"ListItem\",\"position\":2,\"name\":\"Produkte\",\"item\":\"https:\\\/\\\/www.fireware.nl\\\/de\\\/produkte\\\/\"},{\"@type\":\"ListItem\",\"position\":3,\"name\":\"Entz\u00fcndung Brenner Gross\"}]},{\"@type\":\"WebSite\",\"@id\":\"https:\\\/\\\/www.fireware.nl\\\/de\\\/#website\",\"url\":\"https:\\\/\\\/www.fireware.nl\\\/de\\\/\",\"name\":\"FireWare\",\"description\":\"CREATING REALISTIC  TRAINING ENVIRONMENTS\",\"publisher\":{\"@id\":\"https:\\\/\\\/www.fireware.nl\\\/de\\\/#organization\"},\"potentialAction\":[{\"@type\":\"SearchAction\",\"target\":{\"@type\":\"EntryPoint\",\"urlTemplate\":\"https:\\\/\\\/www.fireware.nl\\\/de\\\/?s={search_term_string}\"},\"query-input\":{\"@type\":\"PropertyValueSpecification\",\"valueRequired\":true,\"valueName\":\"search_term_string\"}}],\"inLanguage\":\"de\"},{\"@type\":\"Organization\",\"@id\":\"https:\\\/\\\/www.fireware.nl\\\/de\\\/#organization\",\"name\":\"FireWare\",\"url\":\"https:\\\/\\\/www.fireware.nl\\\/de\\\/\",\"logo\":{\"@type\":\"ImageObject\",\"inLanguage\":\"de\",\"@id\":\"https:\\\/\\\/www.fireware.nl\\\/de\\\/#\\\/schema\\\/logo\\\/image\\\/\",\"url\":\"https:\\\/\\\/www.fireware.nl\\\/wp-content\\\/uploads\\\/2018\\\/10\\\/fireware-logo.png\",\"contentUrl\":\"https:\\\/\\\/www.fireware.nl\\\/wp-content\\\/uploads\\\/2018\\\/10\\\/fireware-logo.png\",\"width\":200,\"height\":86,\"caption\":\"FireWare\"},\"image\":{\"@id\":\"https:\\\/\\\/www.fireware.nl\\\/de\\\/#\\\/schema\\\/logo\\\/image\\\/\"},\"sameAs\":[\"https:\\\/\\\/www.facebook.com\\\/FireWareBV\\\/\",\"https:\\\/\\\/x.com\\\/FireWarebv\",\"https:\\\/\\\/www.instagram.com\\\/fireware_nl\\\/\",\"https:\\\/\\\/www.linkedin.com\\\/company\\\/3586017\\\/\",\"https:\\\/\\\/www.youtube.com\\\/user\\\/firesalesrentconsult\"]}]}<\/script>\n<!-- \/ Yoast SEO plugin. -->","yoast_head_json":{"title":"Entz\u00fcndung Brenner Gross: L\u00f6schtrainer sicher entz\u00fcnden - FireWare","description":"Der Entz\u00fcndung Brenner Gross hat eine lange Lanze und kann die BF-L\u00f6schtrainer von FireWare sicher entz\u00fcnden. Inklusive einer Gasflasche.","robots":{"index":"index","follow":"follow","max-snippet":"max-snippet:-1","max-image-preview":"max-image-preview:large","max-video-preview":"max-video-preview:-1"},"canonical":"https:\/\/www.fireware.nl\/de\/produkt\/entzuendung-brenner-gross\/","og_locale":"de_DE","og_type":"article","og_title":"Entz\u00fcndung Brenner Gross: L\u00f6schtrainer sicher entz\u00fcnden - FireWare","og_description":"Der Entz\u00fcndung Brenner Gross hat eine lange Lanze und kann die BF-L\u00f6schtrainer von FireWare sicher entz\u00fcnden. Inklusive einer Gasflasche.","og_url":"https:\/\/www.fireware.nl\/de\/produkt\/entzuendung-brenner-gross\/","og_site_name":"FireWare","article_publisher":"https:\/\/www.facebook.com\/FireWareBV\/","article_modified_time":"2022-01-24T15:11:53+00:00","og_image":[{"width":600,"height":600,"url":"https:\/\/www.fireware.nl\/wp-content\/uploads\/2019\/01\/Ontsteekbrander-large_v2_600x600.jpg","type":"image\/jpeg"}],"twitter_card":"summary_large_image","twitter_site":"@FireWarebv","schema":{"@context":"https:\/\/schema.org","@graph":[{"@type":"WebPage","@id":"https:\/\/www.fireware.nl\/de\/produkt\/entzuendung-brenner-gross\/","url":"https:\/\/www.fireware.nl\/de\/produkt\/entzuendung-brenner-gross\/","name":"Entz\u00fcndung Brenner Gross: L\u00f6schtrainer sicher entz\u00fcnden - FireWare","isPartOf":{"@id":"https:\/\/www.fireware.nl\/de\/#website"},"primaryImageOfPage":{"@id":"https:\/\/www.fireware.nl\/de\/produkt\/entzuendung-brenner-gross\/#primaryimage"},"image":{"@id":"https:\/\/www.fireware.nl\/de\/produkt\/entzuendung-brenner-gross\/#primaryimage"},"thumbnailUrl":"https:\/\/www.fireware.nl\/wp-content\/uploads\/2019\/01\/Ontsteekbrander-large_v2_600x600.jpg","datePublished":"2019-02-01T08:23:07+00:00","dateModified":"2022-01-24T15:11:53+00:00","description":"Der Entz\u00fcndung Brenner Gross hat eine lange Lanze und kann die BF-L\u00f6schtrainer von FireWare sicher entz\u00fcnden. Inklusive einer Gasflasche.","breadcrumb":{"@id":"https:\/\/www.fireware.nl\/de\/produkt\/entzuendung-brenner-gross\/#breadcrumb"},"inLanguage":"de","potentialAction":[{"@type":"ReadAction","target":["https:\/\/www.fireware.nl\/de\/produkt\/entzuendung-brenner-gross\/"]}]},{"@type":"ImageObject","inLanguage":"de","@id":"https:\/\/www.fireware.nl\/de\/produkt\/entzuendung-brenner-gross\/#primaryimage","url":"https:\/\/www.fireware.nl\/wp-content\/uploads\/2019\/01\/Ontsteekbrander-large_v2_600x600.jpg","contentUrl":"https:\/\/www.fireware.nl\/wp-content\/uploads\/2019\/01\/Ontsteekbrander-large_v2_600x600.jpg","width":600,"height":600},{"@type":"BreadcrumbList","@id":"https:\/\/www.fireware.nl\/de\/produkt\/entzuendung-brenner-gross\/#breadcrumb","itemListElement":[{"@type":"ListItem","position":1,"name":"Home","item":"https:\/\/www.fireware.nl\/de\/"},{"@type":"ListItem","position":2,"name":"Produkte","item":"https:\/\/www.fireware.nl\/de\/produkte\/"},{"@type":"ListItem","position":3,"name":"Entz\u00fcndung Brenner Gross"}]},{"@type":"WebSite","@id":"https:\/\/www.fireware.nl\/de\/#website","url":"https:\/\/www.fireware.nl\/de\/","name":"FireWare","description":"CREATING REALISTIC  TRAINING ENVIRONMENTS","publisher":{"@id":"https:\/\/www.fireware.nl\/de\/#organization"},"potentialAction":[{"@type":"SearchAction","target":{"@type":"EntryPoint","urlTemplate":"https:\/\/www.fireware.nl\/de\/?s={search_term_string}"},"query-input":{"@type":"PropertyValueSpecification","valueRequired":true,"valueName":"search_term_string"}}],"inLanguage":"de"},{"@type":"Organization","@id":"https:\/\/www.fireware.nl\/de\/#organization","name":"FireWare","url":"https:\/\/www.fireware.nl\/de\/","logo":{"@type":"ImageObject","inLanguage":"de","@id":"https:\/\/www.fireware.nl\/de\/#\/schema\/logo\/image\/","url":"https:\/\/www.fireware.nl\/wp-content\/uploads\/2018\/10\/fireware-logo.png","contentUrl":"https:\/\/www.fireware.nl\/wp-content\/uploads\/2018\/10\/fireware-logo.png","width":200,"height":86,"caption":"FireWare"},"image":{"@id":"https:\/\/www.fireware.nl\/de\/#\/schema\/logo\/image\/"},"sameAs":["https:\/\/www.facebook.com\/FireWareBV\/","https:\/\/x.com\/FireWarebv","https:\/\/www.instagram.com\/fireware_nl\/","https:\/\/www.linkedin.com\/company\/3586017\/","https:\/\/www.youtube.com\/user\/firesalesrentconsult"]}]}},"publishpress_future_workflow_manual_trigger":{"enabledWorkflows":[]},"_links":{"self":[{"href":"https:\/\/www.fireware.nl\/de\/wp-json\/wp\/v2\/product\/18910","targetHints":{"allow":["GET"]}}],"collection":[{"href":"https:\/\/www.fireware.nl\/de\/wp-json\/wp\/v2\/product"}],"about":[{"href":"https:\/\/www.fireware.nl\/de\/wp-json\/wp\/v2\/types\/product"}],"wp:featuredmedia":[{"embeddable":true,"href":"https:\/\/www.fireware.nl\/de\/wp-json\/wp\/v2\/media\/40395"}],"wp:attachment":[{"href":"https:\/\/www.fireware.nl\/de\/wp-json\/wp\/v2\/media?parent=18910"}],"wp:term":[{"taxonomy":"product_brand","embeddable":true,"href":"https:\/\/www.fireware.nl\/de\/wp-json\/wp\/v2\/product_brand?post=18910"},{"taxonomy":"product_cat","embeddable":true,"href":"https:\/\/www.fireware.nl\/de\/wp-json\/wp\/v2\/product_cat?post=18910"},{"taxonomy":"product_tag","embeddable":true,"href":"https:\/\/www.fireware.nl\/de\/wp-json\/wp\/v2\/product_tag?post=18910"}],"curies":[{"name":"wp","href":"https:\/\/api.w.org\/{rel}","templated":true}]}}