
{"id":18886,"date":"2024-06-03T12:15:25","date_gmt":"2024-06-03T12:15:25","guid":{"rendered":"http:\/\/fireware.sites.hyperhosting.co\/?post_type=product&#038;p=18886"},"modified":"2026-01-23T14:45:09","modified_gmt":"2026-01-23T14:45:09","slug":"vesta-loeschtrainer","status":"publish","type":"product","link":"https:\/\/www.fireware.nl\/de\/product\/vesta-loeschtrainer\/","title":{"rendered":"Vesta L\u00f6schtrainer"},"content":{"rendered":"\r\n<h2>Ein kompakter L\u00f6schtrainer, kein Wasser erforderlich.<\/h2>\r\n<p>Der FireWare Vesta ist klein und kompakt, kann jedoch eine riesige Flamme erzeugen. Der L\u00f6schtrainer wiegt nur 19 kg und l\u00e4sst sich daher leicht heben. Ideal, wenn Sie selbst eine \u00dcbung gestalten m\u00fcssen! Die Flammengr\u00f6\u00dfe l\u00e4sst sich \u00fcber den Druckminderer einstellen.<\/p>\r\n<p>Um den FireWare Vesta f\u00fcr jede Situation geeignet zu machen, hat FireWare aktive Aufs\u00e4tze entwickelt. Das hei\u00dft, dass diese \u00fcber einen eigenen Gasanschluss verf\u00fcgen. Dazu befindet sich auf der Vesta einen speziellen Ausgang sowie eine separate Taste auf der Fernbedienung.<\/p>\r\n<p>Die Erfahrungen, die FireWare mit unterschiedlichen L\u00f6schtrainern gemacht hat, haben bei der Gestaltung des FireWare Vesta zu einigen n\u00fctzlichen Extras gef\u00fchrt: Das Ger\u00e4t hat ein niedriges Gewicht, ein kleines Format, eine \u00fcbersichtliche und verst\u00e4ndliche Fernbedienung, einen Akku und handliche Griffaussparungen. Die Lieferung erfolgt in einem soliden Kunststoffkasten. Au\u00dferdem wurde bei der Produktion bereits darauf geachtet, dass Instandhaltungs- und Reparaturma\u00dfnahmen dank separater Module schnell ausgef\u00fchrt werden k\u00f6nnen. Selbstverst\u00e4ndlich wurden in den L\u00f6schtrainer nur hochwertige Komponenten verarbeitet.<\/p>\r\n<p>Der FireWare Vesta wird immer in einem Kunststoffkasten geliefert. Dieser sorgt daf\u00fcr, dass sich der Vesta leicht abstellen und transportieren l\u00e4sst. Der Kasten l\u00e4sst sich ebenfalls sehr einfach auf die K\u00e4sten der anderen FireWare-Produkte stapeln. Inklusive Kabelfernbedienung, Ladeger\u00e4t, Gasschlauch und Druckminderer.<\/p>\r\n<h3>Sehen Sie sich das Video hier an<\/h3>\r\n<p><iframe src=\"https:\/\/player.vimeo.com\/video\/141063971\" width=\"640\" height=\"360\" frameborder=\"0\" allowfullscreen=\"allowfullscreen\"><\/iframe> <iframe src=\"https:\/\/player.vimeo.com\/video\/143385979\" width=\"640\" height=\"360\" frameborder=\"0\" allowfullscreen=\"allowfullscreen\"><\/iframe><\/p>\r\n<h2>Brandschulungen drinnen und drau\u00dfen<\/h2>\r\n<p>Mit dem Vesta k\u00f6nnen Sie ganz einfach verschiedene L\u00f6sch\u00fcbungen durchf\u00fchren. Da der Vesta nur 19 Kilogramm wiegt, k\u00f6nnen Sie dies problemlos alleine tun. Das Einzige, was Sie an den L\u00f6schbeh\u00e4lter anschlie\u00dfen m\u00fcssen, ist eine Gasflasche. Da der Vesta kein Wasser oder Strom ben\u00f6tigt, k\u00f6nnen Sie \u00dcbungen im Freien leicht durchf\u00fchren. Im Brandsimulator befindet sich ein elektrischer Z\u00fcnder, der mit einer kleinen Batterie betrieben wird. Sie m\u00fcssen den Vesta also nicht manuell anz\u00fcnden!<\/p>\r\n<p>Der Vesta wird mit einer Kabel-Fernbedienung geliefert. Auf dieser Fernbedienung befinden sich zwei Tasten. Der Ausbilder h\u00e4lt die erste Taste gedr\u00fcckt, um die Flamme zu aktivieren. Sobald die Taste losgelassen wird, erlischt das Feuer. Stellen Sie die Flammengr\u00f6\u00dfe mit dem Druckminderer ein. Die Teilnehmer k\u00f6nnen den Vesta mit Wasser, Schaum und CO2 l\u00f6schen. Die zweite Taste auf der Vesta-Fernbedienung dient zur Steuerung der M\u00f6glichkeiten der Vesta-Aufs\u00e4tze. Sie k\u00f6nnen das <a href=\"https:\/\/www.fireware.nl\/de\/produkt\/verlangerungskabel-fernbedienung-vesta\/\" target=\"_blank\" rel=\"noopener\">Kabel der industriellen Fernbedienung<\/a> verl\u00e4ngern oder sich f\u00fcr eine <a href=\"https:\/\/www.fireware.nl\/de\/produkt\/drahtlose-fernbedienung-fur-vesta\/\" target=\"_blank\" rel=\"noopener\">drahtlose Fernbedienung<\/a> entscheiden.<\/p>\r\n<p>Manchmal erfordert ein Effekt eine horizontale statt einer vertikalen Flamme. Mit dem <a href=\"https:\/\/www.fireware.nl\/de\/product\/vestastand\/\" target=\"_blank\" rel=\"noopener\">Horizontalst\u00e4nder f\u00fcr den Vesta<\/a> k\u00f6nnen Sie den FireWare Vesta auch in eine vertikale Position bringen!<\/p>\r\n<h2>Vielseitiger Brandsimulator zur Simulation von Br\u00e4nden der Klasse A und C<\/h2>\r\n<p>Der FireWare Vesta eignet sich besonders f\u00fcr grundlegende \u00dcbungen. Mit dem Vesta k\u00f6nnen gr\u00f6\u00dfere Brandherde f\u00fcr Schulungs\u00fcbungen simuliert werden. Dies wird beispielsweise von Feuerwehren, Flughafen- und Betriebsfeuerwehren durchgef\u00fchrt. Aber dieser Brandsimulator ist auch bei Brandschutz- und Hilfeleistungs-Unterweisungen sowie Schulungen mit <a href=\"https:\/\/www.fireware.nl\/de\/produkt-kategorie\/uebungs-loeschmittel\/\" target=\"_blank\" rel=\"noopener\">kleinen L\u00f6schmitteln<\/a> sehr vielseitig einsetzbar. Mithilfe des Vesta-Brandsimulators k\u00f6nnen die Teilnehmer in einer sicheren Umgebung das L\u00f6schen von echtem Feuer \u00fcben. Mit den optional erh\u00e4ltlichen <a href=\"https:\/\/www.fireware.nl\/de\/produkt-kategorie\/attrappen-fuer-loeschtrainer\/\" target=\"_blank\" rel=\"noopener\">Vesta-Add ons<\/a> kann der Ausbilder abwechslungsreiche, anspruchsvolle und realistische Szenarien gestalten. Inszenieren Sie zum Beispiel einen <a href=\"https:\/\/www.fireware.nl\/de\/product\/add-on-desk\/\" target=\"_blank\" rel=\"noopener\">B\u00fcrobrand<\/a> oder simulieren Sie einen Vorfall mit einer brennenden <a href=\"https:\/\/www.fireware.nl\/de\/product\/add-on-fryer\/\" target=\"_blank\" rel=\"noopener\">Fritteuse<\/a>. Die \u00dcbungsleiter m\u00fcssen nur den Vesta an einen Gastank anschlie\u00dfen und er ist einsatzbereit. Die Simulation von Br\u00e4nden der Klasse A oder C ist nun kinderleicht. Kurz gesagt, ein vielseitiger und effektiver Brandsimulator f\u00fcr verschiedene Rettungsdienste und Brandschutzhelfer!<\/p>\r\n<h2>Basierend auf langj\u00e4hriger FireWare-Erfahrung entwickelt<\/h2>\r\n<p>FireWare hat im Laufe der Jahre umfangreiche Erfahrungen mit verschiedenen L\u00f6schbeh\u00e4ltern gesammelt. Diese Erfahrung wurde im FireWare Vesta geb\u00fcndelt, der daher \u00fcber verschiedene praktische Funktionen verf\u00fcgt. Der Vesta hat eine handliche Gr\u00f6\u00dfe und ist leicht. Sie k\u00f6nnen das Szenario problemlos alleine aufbauen. Die klare industrielle Fernbedienung erleichtert die Bedienung des Vesta. Der Brandsimulator arbeitet mit einer Batterie, sodass \u00dcbungen leicht im Freien durchgef\u00fchrt werden k\u00f6nnen. Der Vesta besteht nur aus hochwertigen Komponenten.<\/p>\r\n<h2>Erweiterungsm\u00f6glichkeiten<\/h2>\r\n<p>Es ist \u00e4u\u00dferst wichtig, dass die Teilnehmer realistisch trainieren k\u00f6nnen. Aus diesem Grund hat FireWare verschiedene Erweiterungsm\u00f6glichkeiten f\u00fcr den Vesta entwickelt. Es gibt aktive Erweiterungsm\u00f6glichkeiten und passive Erweiterungsm\u00f6glichkeiten.<\/p>\r\n<h3>Aktive Erweiterungsm\u00f6glichkeiten<\/h3>\r\n<p>Aktiv bedeutet, dass die Erweiterung mit einer eigenen Gaszufuhr funktioniert. Der Vesta hat daf\u00fcr einen speziellen Anschluss. Es gibt auch einen separaten Knopf auf der Fernbedienung. Sie k\u00f6nnen beispielsweise eine <a href=\"https:\/\/www.fireware.nl\/de\/?post_type=product&amp;p=18893\" target=\"_blank\" rel=\"noopener\">Gasflasche<\/a> an diesen Ausgang anschlie\u00dfen. So simulieren Sie sicher eine brennende Gasflasche. Sie z\u00fcnden diese &#8220;Stand-Alone&#8221;-Ger\u00e4te dann \u00fcber den Vesta-Brandsimulator an.<\/p>\r\n<h3>Passive Erweiterungsm\u00f6glichkeiten<\/h3>\r\n<p>Passive Erweiterungsm\u00f6glichkeiten sind Aufs\u00e4tze f\u00fcr den Vesta. Diese Zubeh\u00f6rteile erm\u00f6glichen eine breite Palette von L\u00f6sch\u00fcbungen. Denken Sie an einen Brand in einem <a href=\"https:\/\/www.fireware.nl\/de\/product\/add-on-electric-motor\/\" target=\"_blank\" rel=\"noopener\">Elektromotor<\/a> f\u00fcr eine einzigartige Feuerwehr\u00fcbung. Oder wie w\u00e4re es mit einem brennenden <a href=\"https:\/\/www.fireware.nl\/de\/product\/add-on-computer\/\" target=\"_blank\" rel=\"noopener\">Computer<\/a> f\u00fcr ein anspruchsvolles Brandschutz- und Hilfeleistungs-Szenario? Mit dem Vesta stellen Sie sicher, dass die Teilnehmer abwechslungsreich \u00fcben k\u00f6nnen. Schauen Sie sich auf jeden Fall in unserer <a href=\"https:\/\/www.fireware.nl\/de\/produkt-kategorie\/attrappen-fuer-loeschtrainer\/\" target=\"_blank\" rel=\"noopener\">Erweiterungskategorie<\/a> um!<\/p>\r\n<h2>M\u00f6chten Sie lieber einen Fl\u00fcssigkeitsbrand simulieren?<\/h2>\r\n<p>Der Vesta eignet sich nicht zur Inszenierung von Fl\u00fcssigkeitsbr\u00e4nden. Wenn Sie Ihren Teilnehmern jedoch die Grundtechniken des L\u00f6schen von Fl\u00fcssigkeitsbr\u00e4nden auf realistische Weise vermitteln m\u00f6chten, k\u00f6nnen Sie dies mit dem <a href=\"https:\/\/www.fireware.nl\/de\/produkt\/hybrid-loeschtrainer\/\" target=\"_blank\" rel=\"noopener\">Hybrid-Brandsimulator<\/a> tun. Der Hybrid ist einzigartig, da er sowohl mit als auch ohne Wasser verwendet werden kann. Au\u00dferdem k\u00f6nnen Sie diesen Brandsimulator auch mit Pulver l\u00f6schen!<\/p>\r\n<h2>Brandschulung mit dem FireWare Vesta-Brandsimulator?<\/h2>\r\n<p>Mit dem Vesta lernen Ihre Teilnehmer, echtes Feuer zu l\u00f6schen. Der Vesta wird in einem robusten Kunststofftransportkoffer von 60 x 40 x 44 cm geliefert. Neben dem Vesta enth\u00e4lt dieser Koffer die Kabel-Fernbedienung (7 m), ein Ladeger\u00e4t, einen Gasschlauch, den Druckminderer und eine Produktanleitung. Sie k\u00f6nnen den Vesta-Brandsimulator auch <a href=\"https:\/\/www.fireware.nl\/de\/product\/vesta-loeschtrainer\/\" target=\"_blank\" rel=\"noopener\">mieten<\/a>. Ganz gleich, wof\u00fcr Sie sich entscheiden, der Vesta-Brandsimulator garantiert ein herausforderndes Szenario!<\/p>\r\n","protected":false},"excerpt":{"rendered":"<ul>\n<li>RVS Blustrainer zur Simulation verschiedener Br\u00e4nde;<\/li>\n<li>Ausgestattet mit Edelstahlbeinen f\u00fcr einen stabilen Halt, auch auf unebenen Oberfl\u00e4chen;<\/li>\n<li>Einzigartig: zus\u00e4tzlicher Gasauslass f\u00fcr Anbauger\u00e4te;<\/li>\n<li>Zum L\u00f6schen mit Wasser, CO2 oder Schaum;<\/li>\n<li>Geeignet zur Simulation von Br\u00e4nden der Klasse A und C;<\/li>\n<li>Innerhalb von 3 Minuten betriebsbereit;<\/li>\n<li>Elektrische Z\u00fcndung;<\/li>\n<li>Kein Wasser erforderlich, dank Trockenbrenner-Technologie;<\/li>\n<li>Arbeitet mit Batterie;<\/li>\n<li>Erfordert Butan oder Propan;<\/li>\n<li>Wiegt nur 19 Kilogramm;<\/li>\n<li>Inklusive industrieller Kabel-Fernbedienung;<\/li>\n<li>Basiert auf jahrelanger Erfahrung;<\/li>\n<li>Geliefert in einem Kunststoff-Transportkoffer 60 x 40 x 44 cm.<\/li>\n<\/ul>\n","protected":false},"featured_media":29126,"template":"","meta":[],"product_brand":[],"product_cat":[71],"product_tag":[],"class_list":{"0":"post-18886","1":"product","2":"type-product","3":"status-publish","4":"has-post-thumbnail","6":"product_cat-loeschtrainer","8":"first","9":"instock","10":"taxable","11":"shipping-taxable","12":"purchasable","13":"product-type-simple"},"yoast_head":"<!-- This site is optimized with the Yoast SEO plugin v27.4 - https:\/\/yoast.com\/product\/yoast-seo-wordpress\/ -->\n<title>Vesta L\u00f6schtrainer - FireWare<\/title>\n<meta name=\"robots\" content=\"index, follow, max-snippet:-1, max-image-preview:large, max-video-preview:-1\" \/>\n<link rel=\"canonical\" href=\"https:\/\/www.fireware.nl\/de\/product\/vesta-loeschtrainer\/\" \/>\n<meta property=\"og:locale\" content=\"de_DE\" \/>\n<meta property=\"og:type\" content=\"article\" \/>\n<meta property=\"og:title\" content=\"Vesta L\u00f6schtrainer - FireWare\" \/>\n<meta property=\"og:description\" content=\"RVS Blustrainer zur Simulation verschiedener Br\u00e4nde; Ausgestattet mit Edelstahlbeinen f\u00fcr einen stabilen Halt, auch auf unebenen Oberfl\u00e4chen; Einzigartig: zus\u00e4tzlicher Gasauslass f\u00fcr Anbauger\u00e4te; Zum L\u00f6schen mit Wasser, CO2 oder Schaum; Geeignet zur Simulation von Br\u00e4nden der Klasse A und C; Innerhalb von 3 Minuten betriebsbereit; Elektrische Z\u00fcndung; Kein Wasser erforderlich, dank Trockenbrenner-Technologie; Arbeitet mit Batterie; Erfordert Butan oder Propan; Wiegt nur 19 Kilogramm; Inklusive industrieller Kabel-Fernbedienung; Basiert auf jahrelanger Erfahrung; Geliefert in einem Kunststoff-Transportkoffer 60 x 40 x 44 cm.\" \/>\n<meta property=\"og:url\" content=\"https:\/\/www.fireware.nl\/de\/product\/vesta-loeschtrainer\/\" \/>\n<meta property=\"og:site_name\" content=\"FireWare\" \/>\n<meta property=\"article:publisher\" content=\"https:\/\/www.facebook.com\/FireWareBV\/\" \/>\n<meta property=\"article:modified_time\" content=\"2026-01-23T14:45:09+00:00\" \/>\n<meta property=\"og:image\" content=\"https:\/\/www.fireware.nl\/wp-content\/uploads\/2019\/04\/049-012-001-Vesta-Blustrainer-vuur-1.jpg\" \/>\n\t<meta property=\"og:image:width\" content=\"600\" \/>\n\t<meta property=\"og:image:height\" content=\"600\" \/>\n\t<meta property=\"og:image:type\" content=\"image\/jpeg\" \/>\n<meta name=\"twitter:card\" content=\"summary_large_image\" \/>\n<meta name=\"twitter:site\" content=\"@FireWarebv\" \/>\n<meta name=\"twitter:label1\" content=\"Gesch\u00e4tzte Lesezeit\" \/>\n\t<meta name=\"twitter:data1\" content=\"5\u00a0Minuten\" \/>\n<script type=\"application\/ld+json\" class=\"yoast-schema-graph\">{\"@context\":\"https:\\\/\\\/schema.org\",\"@graph\":[{\"@type\":\"WebPage\",\"@id\":\"https:\\\/\\\/www.fireware.nl\\\/de\\\/product\\\/vesta-loeschtrainer\\\/\",\"url\":\"https:\\\/\\\/www.fireware.nl\\\/de\\\/product\\\/vesta-loeschtrainer\\\/\",\"name\":\"Vesta L\u00f6schtrainer - FireWare\",\"isPartOf\":{\"@id\":\"https:\\\/\\\/www.fireware.nl\\\/de\\\/#website\"},\"primaryImageOfPage\":{\"@id\":\"https:\\\/\\\/www.fireware.nl\\\/de\\\/product\\\/vesta-loeschtrainer\\\/#primaryimage\"},\"image\":{\"@id\":\"https:\\\/\\\/www.fireware.nl\\\/de\\\/product\\\/vesta-loeschtrainer\\\/#primaryimage\"},\"thumbnailUrl\":\"https:\\\/\\\/www.fireware.nl\\\/wp-content\\\/uploads\\\/2019\\\/04\\\/049-012-001-Vesta-Blustrainer-vuur-1.jpg\",\"datePublished\":\"2024-06-03T12:15:25+00:00\",\"dateModified\":\"2026-01-23T14:45:09+00:00\",\"breadcrumb\":{\"@id\":\"https:\\\/\\\/www.fireware.nl\\\/de\\\/product\\\/vesta-loeschtrainer\\\/#breadcrumb\"},\"inLanguage\":\"de\",\"potentialAction\":[{\"@type\":\"ReadAction\",\"target\":[\"https:\\\/\\\/www.fireware.nl\\\/de\\\/product\\\/vesta-loeschtrainer\\\/\"]}]},{\"@type\":\"ImageObject\",\"inLanguage\":\"de\",\"@id\":\"https:\\\/\\\/www.fireware.nl\\\/de\\\/product\\\/vesta-loeschtrainer\\\/#primaryimage\",\"url\":\"https:\\\/\\\/www.fireware.nl\\\/wp-content\\\/uploads\\\/2019\\\/04\\\/049-012-001-Vesta-Blustrainer-vuur-1.jpg\",\"contentUrl\":\"https:\\\/\\\/www.fireware.nl\\\/wp-content\\\/uploads\\\/2019\\\/04\\\/049-012-001-Vesta-Blustrainer-vuur-1.jpg\",\"width\":600,\"height\":600},{\"@type\":\"BreadcrumbList\",\"@id\":\"https:\\\/\\\/www.fireware.nl\\\/de\\\/product\\\/vesta-loeschtrainer\\\/#breadcrumb\",\"itemListElement\":[{\"@type\":\"ListItem\",\"position\":1,\"name\":\"Home\",\"item\":\"https:\\\/\\\/www.fireware.nl\\\/de\\\/\"},{\"@type\":\"ListItem\",\"position\":2,\"name\":\"Produkte\",\"item\":\"https:\\\/\\\/www.fireware.nl\\\/de\\\/produkte\\\/\"},{\"@type\":\"ListItem\",\"position\":3,\"name\":\"Vesta L\u00f6schtrainer\"}]},{\"@type\":\"WebSite\",\"@id\":\"https:\\\/\\\/www.fireware.nl\\\/de\\\/#website\",\"url\":\"https:\\\/\\\/www.fireware.nl\\\/de\\\/\",\"name\":\"FireWare\",\"description\":\"CREATING REALISTIC  TRAINING ENVIRONMENTS\",\"publisher\":{\"@id\":\"https:\\\/\\\/www.fireware.nl\\\/de\\\/#organization\"},\"potentialAction\":[{\"@type\":\"SearchAction\",\"target\":{\"@type\":\"EntryPoint\",\"urlTemplate\":\"https:\\\/\\\/www.fireware.nl\\\/de\\\/?s={search_term_string}\"},\"query-input\":{\"@type\":\"PropertyValueSpecification\",\"valueRequired\":true,\"valueName\":\"search_term_string\"}}],\"inLanguage\":\"de\"},{\"@type\":\"Organization\",\"@id\":\"https:\\\/\\\/www.fireware.nl\\\/de\\\/#organization\",\"name\":\"FireWare\",\"url\":\"https:\\\/\\\/www.fireware.nl\\\/de\\\/\",\"logo\":{\"@type\":\"ImageObject\",\"inLanguage\":\"de\",\"@id\":\"https:\\\/\\\/www.fireware.nl\\\/de\\\/#\\\/schema\\\/logo\\\/image\\\/\",\"url\":\"https:\\\/\\\/www.fireware.nl\\\/wp-content\\\/uploads\\\/2018\\\/10\\\/fireware-logo.png\",\"contentUrl\":\"https:\\\/\\\/www.fireware.nl\\\/wp-content\\\/uploads\\\/2018\\\/10\\\/fireware-logo.png\",\"width\":200,\"height\":86,\"caption\":\"FireWare\"},\"image\":{\"@id\":\"https:\\\/\\\/www.fireware.nl\\\/de\\\/#\\\/schema\\\/logo\\\/image\\\/\"},\"sameAs\":[\"https:\\\/\\\/www.facebook.com\\\/FireWareBV\\\/\",\"https:\\\/\\\/x.com\\\/FireWarebv\",\"https:\\\/\\\/www.instagram.com\\\/fireware_nl\\\/\",\"https:\\\/\\\/www.linkedin.com\\\/company\\\/3586017\\\/\",\"https:\\\/\\\/www.youtube.com\\\/user\\\/firesalesrentconsult\"]}]}<\/script>\n<!-- \/ Yoast SEO plugin. -->","yoast_head_json":{"title":"Vesta L\u00f6schtrainer - FireWare","robots":{"index":"index","follow":"follow","max-snippet":"max-snippet:-1","max-image-preview":"max-image-preview:large","max-video-preview":"max-video-preview:-1"},"canonical":"https:\/\/www.fireware.nl\/de\/product\/vesta-loeschtrainer\/","og_locale":"de_DE","og_type":"article","og_title":"Vesta L\u00f6schtrainer - FireWare","og_description":"RVS Blustrainer zur Simulation verschiedener Br\u00e4nde; Ausgestattet mit Edelstahlbeinen f\u00fcr einen stabilen Halt, auch auf unebenen Oberfl\u00e4chen; Einzigartig: zus\u00e4tzlicher Gasauslass f\u00fcr Anbauger\u00e4te; Zum L\u00f6schen mit Wasser, CO2 oder Schaum; Geeignet zur Simulation von Br\u00e4nden der Klasse A und C; Innerhalb von 3 Minuten betriebsbereit; Elektrische Z\u00fcndung; Kein Wasser erforderlich, dank Trockenbrenner-Technologie; Arbeitet mit Batterie; Erfordert Butan oder Propan; Wiegt nur 19 Kilogramm; Inklusive industrieller Kabel-Fernbedienung; Basiert auf jahrelanger Erfahrung; Geliefert in einem Kunststoff-Transportkoffer 60 x 40 x 44 cm.","og_url":"https:\/\/www.fireware.nl\/de\/product\/vesta-loeschtrainer\/","og_site_name":"FireWare","article_publisher":"https:\/\/www.facebook.com\/FireWareBV\/","article_modified_time":"2026-01-23T14:45:09+00:00","og_image":[{"width":600,"height":600,"url":"https:\/\/www.fireware.nl\/wp-content\/uploads\/2019\/04\/049-012-001-Vesta-Blustrainer-vuur-1.jpg","type":"image\/jpeg"}],"twitter_card":"summary_large_image","twitter_site":"@FireWarebv","twitter_misc":{"Gesch\u00e4tzte Lesezeit":"5\u00a0Minuten"},"schema":{"@context":"https:\/\/schema.org","@graph":[{"@type":"WebPage","@id":"https:\/\/www.fireware.nl\/de\/product\/vesta-loeschtrainer\/","url":"https:\/\/www.fireware.nl\/de\/product\/vesta-loeschtrainer\/","name":"Vesta L\u00f6schtrainer - FireWare","isPartOf":{"@id":"https:\/\/www.fireware.nl\/de\/#website"},"primaryImageOfPage":{"@id":"https:\/\/www.fireware.nl\/de\/product\/vesta-loeschtrainer\/#primaryimage"},"image":{"@id":"https:\/\/www.fireware.nl\/de\/product\/vesta-loeschtrainer\/#primaryimage"},"thumbnailUrl":"https:\/\/www.fireware.nl\/wp-content\/uploads\/2019\/04\/049-012-001-Vesta-Blustrainer-vuur-1.jpg","datePublished":"2024-06-03T12:15:25+00:00","dateModified":"2026-01-23T14:45:09+00:00","breadcrumb":{"@id":"https:\/\/www.fireware.nl\/de\/product\/vesta-loeschtrainer\/#breadcrumb"},"inLanguage":"de","potentialAction":[{"@type":"ReadAction","target":["https:\/\/www.fireware.nl\/de\/product\/vesta-loeschtrainer\/"]}]},{"@type":"ImageObject","inLanguage":"de","@id":"https:\/\/www.fireware.nl\/de\/product\/vesta-loeschtrainer\/#primaryimage","url":"https:\/\/www.fireware.nl\/wp-content\/uploads\/2019\/04\/049-012-001-Vesta-Blustrainer-vuur-1.jpg","contentUrl":"https:\/\/www.fireware.nl\/wp-content\/uploads\/2019\/04\/049-012-001-Vesta-Blustrainer-vuur-1.jpg","width":600,"height":600},{"@type":"BreadcrumbList","@id":"https:\/\/www.fireware.nl\/de\/product\/vesta-loeschtrainer\/#breadcrumb","itemListElement":[{"@type":"ListItem","position":1,"name":"Home","item":"https:\/\/www.fireware.nl\/de\/"},{"@type":"ListItem","position":2,"name":"Produkte","item":"https:\/\/www.fireware.nl\/de\/produkte\/"},{"@type":"ListItem","position":3,"name":"Vesta L\u00f6schtrainer"}]},{"@type":"WebSite","@id":"https:\/\/www.fireware.nl\/de\/#website","url":"https:\/\/www.fireware.nl\/de\/","name":"FireWare","description":"CREATING REALISTIC  TRAINING ENVIRONMENTS","publisher":{"@id":"https:\/\/www.fireware.nl\/de\/#organization"},"potentialAction":[{"@type":"SearchAction","target":{"@type":"EntryPoint","urlTemplate":"https:\/\/www.fireware.nl\/de\/?s={search_term_string}"},"query-input":{"@type":"PropertyValueSpecification","valueRequired":true,"valueName":"search_term_string"}}],"inLanguage":"de"},{"@type":"Organization","@id":"https:\/\/www.fireware.nl\/de\/#organization","name":"FireWare","url":"https:\/\/www.fireware.nl\/de\/","logo":{"@type":"ImageObject","inLanguage":"de","@id":"https:\/\/www.fireware.nl\/de\/#\/schema\/logo\/image\/","url":"https:\/\/www.fireware.nl\/wp-content\/uploads\/2018\/10\/fireware-logo.png","contentUrl":"https:\/\/www.fireware.nl\/wp-content\/uploads\/2018\/10\/fireware-logo.png","width":200,"height":86,"caption":"FireWare"},"image":{"@id":"https:\/\/www.fireware.nl\/de\/#\/schema\/logo\/image\/"},"sameAs":["https:\/\/www.facebook.com\/FireWareBV\/","https:\/\/x.com\/FireWarebv","https:\/\/www.instagram.com\/fireware_nl\/","https:\/\/www.linkedin.com\/company\/3586017\/","https:\/\/www.youtube.com\/user\/firesalesrentconsult"]}]}},"publishpress_future_workflow_manual_trigger":{"enabledWorkflows":[]},"_links":{"self":[{"href":"https:\/\/www.fireware.nl\/de\/wp-json\/wp\/v2\/product\/18886","targetHints":{"allow":["GET"]}}],"collection":[{"href":"https:\/\/www.fireware.nl\/de\/wp-json\/wp\/v2\/product"}],"about":[{"href":"https:\/\/www.fireware.nl\/de\/wp-json\/wp\/v2\/types\/product"}],"wp:featuredmedia":[{"embeddable":true,"href":"https:\/\/www.fireware.nl\/de\/wp-json\/wp\/v2\/media\/29126"}],"wp:attachment":[{"href":"https:\/\/www.fireware.nl\/de\/wp-json\/wp\/v2\/media?parent=18886"}],"wp:term":[{"taxonomy":"product_brand","embeddable":true,"href":"https:\/\/www.fireware.nl\/de\/wp-json\/wp\/v2\/product_brand?post=18886"},{"taxonomy":"product_cat","embeddable":true,"href":"https:\/\/www.fireware.nl\/de\/wp-json\/wp\/v2\/product_cat?post=18886"},{"taxonomy":"product_tag","embeddable":true,"href":"https:\/\/www.fireware.nl\/de\/wp-json\/wp\/v2\/product_tag?post=18886"}],"curies":[{"name":"wp","href":"https:\/\/api.w.org\/{rel}","templated":true}]}}