
{"id":18870,"date":"2024-01-23T12:15:26","date_gmt":"2024-01-23T12:15:26","guid":{"rendered":"http:\/\/fireware.sites.hyperhosting.co\/?post_type=product&#038;p=18870"},"modified":"2025-01-20T09:04:23","modified_gmt":"2025-01-20T09:04:23","slug":"brandpuppe-silber","status":"publish","type":"product","link":"https:\/\/www.fireware.nl\/de\/produkt\/brandpuppe-silber\/","title":{"rendered":"Brandpuppe Silber"},"content":{"rendered":"\r\n<h2>Praxis eine brennende Person zu l\u00f6schen<\/h2>\r\n<p>Man kann mit der Brandpuppe Silber eine brennende Person simulieren. Die Kursteilnehmer lernen auf diese Art, mit einer L\u00f6schdecke Flammen zu ersticken. Wird ein <a href=\"https:\/\/www.fireware.nl\/de\/produkt\/puppenstaender-fur-brandpuppe-silber\/\" target=\"_blank\" rel=\"noopener\">St\u00e4nder<\/a> gebraucht, k\u00f6nnen die Techniken zum L\u00f6schen einer stehenden Person ge\u00fcbt werden.<\/p>\r\n<p>Die Brandpuppe Silber ist aus Silikontuch erstellt und mit Kevlar im Schritt, an den Achseln sowie den Enden der Arme und Beine verst\u00e4rkt. Mitgeliefert wird ein Kittel f\u00fcr den Oberk\u00f6rper. Es wird geraten, den Brand nach M\u00f6glichkeit immer auf diesem Kittel zu entz\u00fcnden, da sich die Lebensdauer der Puppe dadurch betr\u00e4chtlich verl\u00e4ngert. Man kann den Kittel einfach ersetzen, und er hat eine h\u00f6here Hitzebest\u00e4ndigkeit als die Puppe, ist dabei jedoch nicht wasserabsto\u00dfend.<\/p>\r\n<p>Sie k\u00f6nnen die Puppe am besten mit raucharmem Brenngel. Die Brandpuppe wiegt circa 10 Kilogramm und l\u00e4sst sich dadurch leicht mitnehmen sowie am \u00dcbungsort aufstellen. Die Brandpuppe Silber kann nicht als \u00dcbungspuppe zum Abschleppen gebraucht werden.<\/p>\r\n<h2>Sehen Sie sich das Video hier an<\/h2>\r\n<p><iframe title=\"(DE) FireWare Brandpoppe Silber | Praxis eine brennende Person zu l&amp;ouml;schen\" src=\"https:\/\/player.vimeo.com\/video\/241519922?h=5dc0b535d3&amp;badge=0&amp;autopause=0&amp;player_id=0&amp;app_id=58479\" width=\"1920\" height=\"1080\" frameborder=\"0\" allowfullscreen=\"allowfullscreen\"><\/iframe><\/p>\r\n","protected":false},"excerpt":{"rendered":"<ul>\n<li>Zur Simulation einer brennenden Person.<\/li>\n<li>Zum \u00dcben mit einer L\u00f6schdecke entwickelt.<\/li>\n<li>Nicht geeignet zum L\u00f6schen mit Wasser, Pulver oder Schaum.<\/li>\n<li>Hitzebest\u00e4ndig.<\/li>\n<li>An den Enden von Armen und Beinen verst\u00e4rkt.<\/li>\n<li>Im Schritt und an den Achseln verst\u00e4rkt.<\/li>\n<li>Inklusive Brandkittel f\u00fcr l\u00e4ngere Lebensdauer.<\/li>\n<\/ul>\n","protected":false},"featured_media":39555,"template":"","meta":[],"product_brand":[],"product_cat":[108,71],"product_tag":[],"class_list":{"0":"post-18870","1":"product","2":"type-product","3":"status-publish","4":"has-post-thumbnail","6":"product_cat-brandpuppe","7":"product_cat-loeschtrainer","8":"pa_afmeting-1-80-meter-de","10":"first","11":"instock","12":"taxable","13":"shipping-taxable","14":"purchasable","15":"product-type-simple"},"yoast_head":"<!-- This site is optimized with the Yoast SEO plugin v27.2 - https:\/\/yoast.com\/product\/yoast-seo-wordpress\/ -->\n<title>Brandpuppe Silber: Simulieren Sie eine brennende Person - FireWare<\/title>\n<meta name=\"description\" content=\"Erstellen Sie ein realistisches Szenario, in dem die Auszubildenden lernen, wie man ein Feuer mit einer L\u00f6schdecke l\u00f6scht. Wiegt nur 10 kg!\" \/>\n<meta name=\"robots\" content=\"index, follow, max-snippet:-1, max-image-preview:large, max-video-preview:-1\" \/>\n<link rel=\"canonical\" href=\"https:\/\/www.fireware.nl\/de\/produkt\/brandpuppe-silber\/\" \/>\n<meta property=\"og:locale\" content=\"de_DE\" \/>\n<meta property=\"og:type\" content=\"article\" \/>\n<meta property=\"og:title\" content=\"Brandpuppe Silber: Simulieren Sie eine brennende Person - FireWare\" \/>\n<meta property=\"og:description\" content=\"Erstellen Sie ein realistisches Szenario, in dem die Auszubildenden lernen, wie man ein Feuer mit einer L\u00f6schdecke l\u00f6scht. Wiegt nur 10 kg!\" \/>\n<meta property=\"og:url\" content=\"https:\/\/www.fireware.nl\/de\/produkt\/brandpuppe-silber\/\" \/>\n<meta property=\"og:site_name\" content=\"FireWare\" \/>\n<meta property=\"article:publisher\" content=\"https:\/\/www.facebook.com\/FireWareBV\/\" \/>\n<meta property=\"article:modified_time\" content=\"2025-01-20T09:04:23+00:00\" \/>\n<meta property=\"og:image\" content=\"https:\/\/www.fireware.nl\/wp-content\/uploads\/2019\/01\/017-062-001-brandpop_zilver_zonder_standaard.jpg\" \/>\n\t<meta property=\"og:image:width\" content=\"600\" \/>\n\t<meta property=\"og:image:height\" content=\"600\" \/>\n\t<meta property=\"og:image:type\" content=\"image\/jpeg\" \/>\n<meta name=\"twitter:card\" content=\"summary_large_image\" \/>\n<meta name=\"twitter:site\" content=\"@FireWarebv\" \/>\n<meta name=\"twitter:label1\" content=\"Gesch\u00e4tzte Lesezeit\" \/>\n\t<meta name=\"twitter:data1\" content=\"1\u00a0Minute\" \/>\n<script type=\"application\/ld+json\" class=\"yoast-schema-graph\">{\"@context\":\"https:\/\/schema.org\",\"@graph\":[{\"@type\":\"WebPage\",\"@id\":\"https:\/\/www.fireware.nl\/de\/produkt\/brandpuppe-silber\/\",\"url\":\"https:\/\/www.fireware.nl\/de\/produkt\/brandpuppe-silber\/\",\"name\":\"Brandpuppe Silber: Simulieren Sie eine brennende Person - FireWare\",\"isPartOf\":{\"@id\":\"https:\/\/www.fireware.nl\/de\/#website\"},\"primaryImageOfPage\":{\"@id\":\"https:\/\/www.fireware.nl\/de\/produkt\/brandpuppe-silber\/#primaryimage\"},\"image\":{\"@id\":\"https:\/\/www.fireware.nl\/de\/produkt\/brandpuppe-silber\/#primaryimage\"},\"thumbnailUrl\":\"https:\/\/www.fireware.nl\/wp-content\/uploads\/2019\/01\/017-062-001-brandpop_zilver_zonder_standaard.jpg\",\"datePublished\":\"2024-01-23T12:15:26+00:00\",\"dateModified\":\"2025-01-20T09:04:23+00:00\",\"description\":\"Erstellen Sie ein realistisches Szenario, in dem die Auszubildenden lernen, wie man ein Feuer mit einer L\u00f6schdecke l\u00f6scht. Wiegt nur 10 kg!\",\"breadcrumb\":{\"@id\":\"https:\/\/www.fireware.nl\/de\/produkt\/brandpuppe-silber\/#breadcrumb\"},\"inLanguage\":\"de\",\"potentialAction\":[{\"@type\":\"ReadAction\",\"target\":[\"https:\/\/www.fireware.nl\/de\/produkt\/brandpuppe-silber\/\"]}]},{\"@type\":\"ImageObject\",\"inLanguage\":\"de\",\"@id\":\"https:\/\/www.fireware.nl\/de\/produkt\/brandpuppe-silber\/#primaryimage\",\"url\":\"https:\/\/www.fireware.nl\/wp-content\/uploads\/2019\/01\/017-062-001-brandpop_zilver_zonder_standaard.jpg\",\"contentUrl\":\"https:\/\/www.fireware.nl\/wp-content\/uploads\/2019\/01\/017-062-001-brandpop_zilver_zonder_standaard.jpg\",\"width\":600,\"height\":600},{\"@type\":\"BreadcrumbList\",\"@id\":\"https:\/\/www.fireware.nl\/de\/produkt\/brandpuppe-silber\/#breadcrumb\",\"itemListElement\":[{\"@type\":\"ListItem\",\"position\":1,\"name\":\"Home\",\"item\":\"https:\/\/www.fireware.nl\/de\/\"},{\"@type\":\"ListItem\",\"position\":2,\"name\":\"Produkte\",\"item\":\"https:\/\/www.fireware.nl\/de\/produkte\/\"},{\"@type\":\"ListItem\",\"position\":3,\"name\":\"Brandpuppe Silber\"}]},{\"@type\":\"WebSite\",\"@id\":\"https:\/\/www.fireware.nl\/de\/#website\",\"url\":\"https:\/\/www.fireware.nl\/de\/\",\"name\":\"FireWare\",\"description\":\"CREATING REALISTIC  TRAINING ENVIRONMENTS\",\"publisher\":{\"@id\":\"https:\/\/www.fireware.nl\/de\/#organization\"},\"potentialAction\":[{\"@type\":\"SearchAction\",\"target\":{\"@type\":\"EntryPoint\",\"urlTemplate\":\"https:\/\/www.fireware.nl\/de\/?s={search_term_string}\"},\"query-input\":{\"@type\":\"PropertyValueSpecification\",\"valueRequired\":true,\"valueName\":\"search_term_string\"}}],\"inLanguage\":\"de\"},{\"@type\":\"Organization\",\"@id\":\"https:\/\/www.fireware.nl\/de\/#organization\",\"name\":\"FireWare\",\"url\":\"https:\/\/www.fireware.nl\/de\/\",\"logo\":{\"@type\":\"ImageObject\",\"inLanguage\":\"de\",\"@id\":\"https:\/\/www.fireware.nl\/de\/#\/schema\/logo\/image\/\",\"url\":\"https:\/\/www.fireware.nl\/wp-content\/uploads\/2018\/10\/fireware-logo.png\",\"contentUrl\":\"https:\/\/www.fireware.nl\/wp-content\/uploads\/2018\/10\/fireware-logo.png\",\"width\":200,\"height\":86,\"caption\":\"FireWare\"},\"image\":{\"@id\":\"https:\/\/www.fireware.nl\/de\/#\/schema\/logo\/image\/\"},\"sameAs\":[\"https:\/\/www.facebook.com\/FireWareBV\/\",\"https:\/\/x.com\/FireWarebv\",\"https:\/\/www.instagram.com\/fireware_nl\/\",\"https:\/\/www.linkedin.com\/company\/3586017\/\",\"https:\/\/www.youtube.com\/user\/firesalesrentconsult\"]}]}<\/script>\n<!-- \/ Yoast SEO plugin. -->","yoast_head_json":{"title":"Brandpuppe Silber: Simulieren Sie eine brennende Person - FireWare","description":"Erstellen Sie ein realistisches Szenario, in dem die Auszubildenden lernen, wie man ein Feuer mit einer L\u00f6schdecke l\u00f6scht. Wiegt nur 10 kg!","robots":{"index":"index","follow":"follow","max-snippet":"max-snippet:-1","max-image-preview":"max-image-preview:large","max-video-preview":"max-video-preview:-1"},"canonical":"https:\/\/www.fireware.nl\/de\/produkt\/brandpuppe-silber\/","og_locale":"de_DE","og_type":"article","og_title":"Brandpuppe Silber: Simulieren Sie eine brennende Person - FireWare","og_description":"Erstellen Sie ein realistisches Szenario, in dem die Auszubildenden lernen, wie man ein Feuer mit einer L\u00f6schdecke l\u00f6scht. Wiegt nur 10 kg!","og_url":"https:\/\/www.fireware.nl\/de\/produkt\/brandpuppe-silber\/","og_site_name":"FireWare","article_publisher":"https:\/\/www.facebook.com\/FireWareBV\/","article_modified_time":"2025-01-20T09:04:23+00:00","og_image":[{"width":600,"height":600,"url":"https:\/\/www.fireware.nl\/wp-content\/uploads\/2019\/01\/017-062-001-brandpop_zilver_zonder_standaard.jpg","type":"image\/jpeg"}],"twitter_card":"summary_large_image","twitter_site":"@FireWarebv","twitter_misc":{"Gesch\u00e4tzte Lesezeit":"1\u00a0Minute"},"schema":{"@context":"https:\/\/schema.org","@graph":[{"@type":"WebPage","@id":"https:\/\/www.fireware.nl\/de\/produkt\/brandpuppe-silber\/","url":"https:\/\/www.fireware.nl\/de\/produkt\/brandpuppe-silber\/","name":"Brandpuppe Silber: Simulieren Sie eine brennende Person - FireWare","isPartOf":{"@id":"https:\/\/www.fireware.nl\/de\/#website"},"primaryImageOfPage":{"@id":"https:\/\/www.fireware.nl\/de\/produkt\/brandpuppe-silber\/#primaryimage"},"image":{"@id":"https:\/\/www.fireware.nl\/de\/produkt\/brandpuppe-silber\/#primaryimage"},"thumbnailUrl":"https:\/\/www.fireware.nl\/wp-content\/uploads\/2019\/01\/017-062-001-brandpop_zilver_zonder_standaard.jpg","datePublished":"2024-01-23T12:15:26+00:00","dateModified":"2025-01-20T09:04:23+00:00","description":"Erstellen Sie ein realistisches Szenario, in dem die Auszubildenden lernen, wie man ein Feuer mit einer L\u00f6schdecke l\u00f6scht. Wiegt nur 10 kg!","breadcrumb":{"@id":"https:\/\/www.fireware.nl\/de\/produkt\/brandpuppe-silber\/#breadcrumb"},"inLanguage":"de","potentialAction":[{"@type":"ReadAction","target":["https:\/\/www.fireware.nl\/de\/produkt\/brandpuppe-silber\/"]}]},{"@type":"ImageObject","inLanguage":"de","@id":"https:\/\/www.fireware.nl\/de\/produkt\/brandpuppe-silber\/#primaryimage","url":"https:\/\/www.fireware.nl\/wp-content\/uploads\/2019\/01\/017-062-001-brandpop_zilver_zonder_standaard.jpg","contentUrl":"https:\/\/www.fireware.nl\/wp-content\/uploads\/2019\/01\/017-062-001-brandpop_zilver_zonder_standaard.jpg","width":600,"height":600},{"@type":"BreadcrumbList","@id":"https:\/\/www.fireware.nl\/de\/produkt\/brandpuppe-silber\/#breadcrumb","itemListElement":[{"@type":"ListItem","position":1,"name":"Home","item":"https:\/\/www.fireware.nl\/de\/"},{"@type":"ListItem","position":2,"name":"Produkte","item":"https:\/\/www.fireware.nl\/de\/produkte\/"},{"@type":"ListItem","position":3,"name":"Brandpuppe Silber"}]},{"@type":"WebSite","@id":"https:\/\/www.fireware.nl\/de\/#website","url":"https:\/\/www.fireware.nl\/de\/","name":"FireWare","description":"CREATING REALISTIC  TRAINING ENVIRONMENTS","publisher":{"@id":"https:\/\/www.fireware.nl\/de\/#organization"},"potentialAction":[{"@type":"SearchAction","target":{"@type":"EntryPoint","urlTemplate":"https:\/\/www.fireware.nl\/de\/?s={search_term_string}"},"query-input":{"@type":"PropertyValueSpecification","valueRequired":true,"valueName":"search_term_string"}}],"inLanguage":"de"},{"@type":"Organization","@id":"https:\/\/www.fireware.nl\/de\/#organization","name":"FireWare","url":"https:\/\/www.fireware.nl\/de\/","logo":{"@type":"ImageObject","inLanguage":"de","@id":"https:\/\/www.fireware.nl\/de\/#\/schema\/logo\/image\/","url":"https:\/\/www.fireware.nl\/wp-content\/uploads\/2018\/10\/fireware-logo.png","contentUrl":"https:\/\/www.fireware.nl\/wp-content\/uploads\/2018\/10\/fireware-logo.png","width":200,"height":86,"caption":"FireWare"},"image":{"@id":"https:\/\/www.fireware.nl\/de\/#\/schema\/logo\/image\/"},"sameAs":["https:\/\/www.facebook.com\/FireWareBV\/","https:\/\/x.com\/FireWarebv","https:\/\/www.instagram.com\/fireware_nl\/","https:\/\/www.linkedin.com\/company\/3586017\/","https:\/\/www.youtube.com\/user\/firesalesrentconsult"]}]}},"publishpress_future_workflow_manual_trigger":{"enabledWorkflows":[]},"_links":{"self":[{"href":"https:\/\/www.fireware.nl\/de\/wp-json\/wp\/v2\/product\/18870","targetHints":{"allow":["GET"]}}],"collection":[{"href":"https:\/\/www.fireware.nl\/de\/wp-json\/wp\/v2\/product"}],"about":[{"href":"https:\/\/www.fireware.nl\/de\/wp-json\/wp\/v2\/types\/product"}],"wp:featuredmedia":[{"embeddable":true,"href":"https:\/\/www.fireware.nl\/de\/wp-json\/wp\/v2\/media\/39555"}],"wp:attachment":[{"href":"https:\/\/www.fireware.nl\/de\/wp-json\/wp\/v2\/media?parent=18870"}],"wp:term":[{"taxonomy":"product_brand","embeddable":true,"href":"https:\/\/www.fireware.nl\/de\/wp-json\/wp\/v2\/product_brand?post=18870"},{"taxonomy":"product_cat","embeddable":true,"href":"https:\/\/www.fireware.nl\/de\/wp-json\/wp\/v2\/product_cat?post=18870"},{"taxonomy":"product_tag","embeddable":true,"href":"https:\/\/www.fireware.nl\/de\/wp-json\/wp\/v2\/product_tag?post=18870"}],"curies":[{"name":"wp","href":"https:\/\/api.w.org\/{rel}","templated":true}]}}