
{"id":18509,"date":"2024-11-27T12:19:32","date_gmt":"2024-11-27T12:19:32","guid":{"rendered":"http:\/\/fireware.sites.hyperhosting.co\/?post_type=product&#038;p=18509"},"modified":"2026-01-23T14:41:15","modified_gmt":"2026-01-23T14:41:15","slug":"ar-nebula-blindmaske","status":"publish","type":"product","link":"https:\/\/www.fireware.nl\/de\/product\/ar-nebula-blindmaske\/","title":{"rendered":"Nebula Blindmaske V2"},"content":{"rendered":"\r\n<p>Rauch simulieren an Orten, wo \u00dcbungsrauch nicht w\u00fcnschenswert ist? Das ist m\u00f6glich mit der neuen elektronischen Blindmaske FireWare Nebula AR! Der Lehrgangsteilnehmer setzt sich eine ganz besondere Skimaske auf, die mit einem LCD-Display ausgestattet ist. Dieses Display kann auf Knopfdruck mehr oder weniger durchsichtig werden. So k\u00f6nnen 6 verschiedene Rauchdichten simuliert werden.<\/p>\r\n<p>Mit der Nebula hat der Lehrgangsteilnehmer das Qualmerlebnis und der Ausbilder freie Sicht f\u00fcr eine gute Wahrnehmung. So kann ein optimales Feedback gegeben werden. Es gibt sogar einen Zufallsmodus. Wenn dieser eingeschaltet wird, zeigt die Maske ein unregelm\u00e4\u00dfiges Rauchdichtenmuster bei dem man mal mehr mal weniger sieht.<\/p>\r\n<p>Mithilfe der mitgelieferten Fernbedienung kann der Ausbilder bis zu vier Maskengruppen bedienen. Jede Gruppe kann aus einer praktisch unbegrenzten Anzahl Masken bestehen.<\/p>\r\n<p>Die Maske kann direkt im Gesicht, aber auch \u00fcber einer Atemmaske getragen werden. Die gesamte Elektronik ist elegant im Maskengeh\u00e4use verborgen: keine losen Dr\u00e4hte oder lose Boxen f\u00fcr den Lehrgangsteilnehmer. Gut, sicher ist sie! Und was ist mit dem Aufladen? Sie k\u00f6nnen dies \u00fcber einen Mini-USB-Stecker tun.<\/p>\r\n<p>Es gibt zwei elektronische Blindmaskensets des Typs Nebula:<\/p>\r\n<h3>Das MAXI-Set besteht aus:<\/h3>\r\n<ul>\r\n<li>1 Ausbildereinheit (Fernbedienung)<\/li>\r\n<li>4 elektronische Blindmasken Nebula AR<\/li>\r\n<li>1 Ladestation mit 5 Ladekabeln<\/li>\r\n<li>Bedienungsanleitung<\/li>\r\n<li>Das Ganze ordentlich in einer Box mit Schaumstoffeinlage verpackt<\/li>\r\n<\/ul>\r\n<h3>Das MINI-Set besteht aus:<\/h3>\r\n<ul>\r\n<li>1 Ausbildereinheit (Fernbedienung)<\/li>\r\n<li>2 elektronische Blindmasken Nebula AR<\/li>\r\n<li>1 Ladestation mit 3 Ladekabeln<\/li>\r\n<li>Bedienungsanleitung<\/li>\r\n<li>Das Ganze ordentlich in einer Box mit Schaumstoffeinlage verpackt<\/li>\r\n<\/ul>\r\n<h3>Sehen Sie sich das Video hier an<\/h3>\r\n<p><iframe src=\"https:\/\/player.vimeo.com\/video\/343401219\" width=\"640\" height=\"360\" frameborder=\"0\" allowfullscreen=\"allowfullscreen\"><\/iframe><\/p>\r\n","protected":false},"excerpt":{"rendered":"<ul>\n<li>Rauch simulieren ohne Rauchmaschine.<\/li>\n<li>Elektronische Blindmaske mit 6 verschiedenen Rauchdichten und Zufallsmodus.<\/li>\n<li>Die Masken werden mit einer Funkfernbedienung angesteuert.<\/li>\n<li>Erh\u00e4ltlich in einem MAXI- und einem MINI-Set.<\/li>\n<\/ul>\n","protected":false},"featured_media":67004,"template":"","meta":[],"product_brand":[],"product_cat":[89],"product_tag":[1199,1200],"class_list":{"0":"post-18509","1":"product","2":"type-product","3":"status-publish","4":"has-post-thumbnail","6":"product_cat-nebel-alternative","7":"product_tag-blindmaske","8":"product_tag-rauch","10":"first","11":"instock","12":"taxable","13":"shipping-taxable","14":"purchasable","15":"product-type-variable"},"yoast_head":"<!-- This site is optimized with the Yoast SEO plugin v27.4 - https:\/\/yoast.com\/product\/yoast-seo-wordpress\/ -->\n<title>Nebula Blindmaske V2 - FireWare<\/title>\n<meta name=\"robots\" content=\"index, follow, max-snippet:-1, max-image-preview:large, max-video-preview:-1\" \/>\n<link rel=\"canonical\" href=\"https:\/\/www.fireware.nl\/de\/product\/ar-nebula-blindmaske\/\" \/>\n<meta property=\"og:locale\" content=\"de_DE\" \/>\n<meta property=\"og:type\" content=\"article\" \/>\n<meta property=\"og:title\" content=\"Nebula Blindmaske V2 - FireWare\" \/>\n<meta property=\"og:description\" content=\"Rauch simulieren ohne Rauchmaschine. Elektronische Blindmaske mit 6 verschiedenen Rauchdichten und Zufallsmodus. Die Masken werden mit einer Funkfernbedienung angesteuert. Erh\u00e4ltlich in einem MAXI- und einem MINI-Set.\" \/>\n<meta property=\"og:url\" content=\"https:\/\/www.fireware.nl\/de\/product\/ar-nebula-blindmaske\/\" \/>\n<meta property=\"og:site_name\" content=\"FireWare\" \/>\n<meta property=\"article:publisher\" content=\"https:\/\/www.facebook.com\/FireWareBV\/\" \/>\n<meta property=\"article:modified_time\" content=\"2026-01-23T14:41:15+00:00\" \/>\n<meta property=\"og:image\" content=\"https:\/\/www.fireware.nl\/wp-content\/uploads\/2019\/01\/025-021-003-Nebula-AR-Blindmaskerset-maxi.jpg\" \/>\n\t<meta property=\"og:image:width\" content=\"600\" \/>\n\t<meta property=\"og:image:height\" content=\"600\" \/>\n\t<meta property=\"og:image:type\" content=\"image\/jpeg\" \/>\n<meta name=\"twitter:card\" content=\"summary_large_image\" \/>\n<meta name=\"twitter:site\" content=\"@FireWarebv\" \/>\n<meta name=\"twitter:label1\" content=\"Gesch\u00e4tzte Lesezeit\" \/>\n\t<meta name=\"twitter:data1\" content=\"2\u00a0Minuten\" \/>\n<script type=\"application\/ld+json\" class=\"yoast-schema-graph\">{\"@context\":\"https:\\\/\\\/schema.org\",\"@graph\":[{\"@type\":\"WebPage\",\"@id\":\"https:\\\/\\\/www.fireware.nl\\\/de\\\/product\\\/ar-nebula-blindmaske\\\/\",\"url\":\"https:\\\/\\\/www.fireware.nl\\\/de\\\/product\\\/ar-nebula-blindmaske\\\/\",\"name\":\"Nebula Blindmaske V2 - FireWare\",\"isPartOf\":{\"@id\":\"https:\\\/\\\/www.fireware.nl\\\/de\\\/#website\"},\"primaryImageOfPage\":{\"@id\":\"https:\\\/\\\/www.fireware.nl\\\/de\\\/product\\\/ar-nebula-blindmaske\\\/#primaryimage\"},\"image\":{\"@id\":\"https:\\\/\\\/www.fireware.nl\\\/de\\\/product\\\/ar-nebula-blindmaske\\\/#primaryimage\"},\"thumbnailUrl\":\"https:\\\/\\\/www.fireware.nl\\\/wp-content\\\/uploads\\\/2019\\\/01\\\/025-021-003-Nebula-AR-Blindmaskerset-maxi.jpg\",\"datePublished\":\"2024-11-27T12:19:32+00:00\",\"dateModified\":\"2026-01-23T14:41:15+00:00\",\"breadcrumb\":{\"@id\":\"https:\\\/\\\/www.fireware.nl\\\/de\\\/product\\\/ar-nebula-blindmaske\\\/#breadcrumb\"},\"inLanguage\":\"de\",\"potentialAction\":[{\"@type\":\"ReadAction\",\"target\":[\"https:\\\/\\\/www.fireware.nl\\\/de\\\/product\\\/ar-nebula-blindmaske\\\/\"]}]},{\"@type\":\"ImageObject\",\"inLanguage\":\"de\",\"@id\":\"https:\\\/\\\/www.fireware.nl\\\/de\\\/product\\\/ar-nebula-blindmaske\\\/#primaryimage\",\"url\":\"https:\\\/\\\/www.fireware.nl\\\/wp-content\\\/uploads\\\/2019\\\/01\\\/025-021-003-Nebula-AR-Blindmaskerset-maxi.jpg\",\"contentUrl\":\"https:\\\/\\\/www.fireware.nl\\\/wp-content\\\/uploads\\\/2019\\\/01\\\/025-021-003-Nebula-AR-Blindmaskerset-maxi.jpg\",\"width\":600,\"height\":600},{\"@type\":\"BreadcrumbList\",\"@id\":\"https:\\\/\\\/www.fireware.nl\\\/de\\\/product\\\/ar-nebula-blindmaske\\\/#breadcrumb\",\"itemListElement\":[{\"@type\":\"ListItem\",\"position\":1,\"name\":\"Home\",\"item\":\"https:\\\/\\\/www.fireware.nl\\\/de\\\/\"},{\"@type\":\"ListItem\",\"position\":2,\"name\":\"Produkte\",\"item\":\"https:\\\/\\\/www.fireware.nl\\\/de\\\/produkte\\\/\"},{\"@type\":\"ListItem\",\"position\":3,\"name\":\"Nebula Blindmaske V2\"}]},{\"@type\":\"WebSite\",\"@id\":\"https:\\\/\\\/www.fireware.nl\\\/de\\\/#website\",\"url\":\"https:\\\/\\\/www.fireware.nl\\\/de\\\/\",\"name\":\"FireWare\",\"description\":\"CREATING REALISTIC  TRAINING ENVIRONMENTS\",\"publisher\":{\"@id\":\"https:\\\/\\\/www.fireware.nl\\\/de\\\/#organization\"},\"potentialAction\":[{\"@type\":\"SearchAction\",\"target\":{\"@type\":\"EntryPoint\",\"urlTemplate\":\"https:\\\/\\\/www.fireware.nl\\\/de\\\/?s={search_term_string}\"},\"query-input\":{\"@type\":\"PropertyValueSpecification\",\"valueRequired\":true,\"valueName\":\"search_term_string\"}}],\"inLanguage\":\"de\"},{\"@type\":\"Organization\",\"@id\":\"https:\\\/\\\/www.fireware.nl\\\/de\\\/#organization\",\"name\":\"FireWare\",\"url\":\"https:\\\/\\\/www.fireware.nl\\\/de\\\/\",\"logo\":{\"@type\":\"ImageObject\",\"inLanguage\":\"de\",\"@id\":\"https:\\\/\\\/www.fireware.nl\\\/de\\\/#\\\/schema\\\/logo\\\/image\\\/\",\"url\":\"https:\\\/\\\/www.fireware.nl\\\/wp-content\\\/uploads\\\/2018\\\/10\\\/fireware-logo.png\",\"contentUrl\":\"https:\\\/\\\/www.fireware.nl\\\/wp-content\\\/uploads\\\/2018\\\/10\\\/fireware-logo.png\",\"width\":200,\"height\":86,\"caption\":\"FireWare\"},\"image\":{\"@id\":\"https:\\\/\\\/www.fireware.nl\\\/de\\\/#\\\/schema\\\/logo\\\/image\\\/\"},\"sameAs\":[\"https:\\\/\\\/www.facebook.com\\\/FireWareBV\\\/\",\"https:\\\/\\\/x.com\\\/FireWarebv\",\"https:\\\/\\\/www.instagram.com\\\/fireware_nl\\\/\",\"https:\\\/\\\/www.linkedin.com\\\/company\\\/3586017\\\/\",\"https:\\\/\\\/www.youtube.com\\\/user\\\/firesalesrentconsult\"]}]}<\/script>\n<!-- \/ Yoast SEO plugin. -->","yoast_head_json":{"title":"Nebula Blindmaske V2 - FireWare","robots":{"index":"index","follow":"follow","max-snippet":"max-snippet:-1","max-image-preview":"max-image-preview:large","max-video-preview":"max-video-preview:-1"},"canonical":"https:\/\/www.fireware.nl\/de\/product\/ar-nebula-blindmaske\/","og_locale":"de_DE","og_type":"article","og_title":"Nebula Blindmaske V2 - FireWare","og_description":"Rauch simulieren ohne Rauchmaschine. Elektronische Blindmaske mit 6 verschiedenen Rauchdichten und Zufallsmodus. Die Masken werden mit einer Funkfernbedienung angesteuert. Erh\u00e4ltlich in einem MAXI- und einem MINI-Set.","og_url":"https:\/\/www.fireware.nl\/de\/product\/ar-nebula-blindmaske\/","og_site_name":"FireWare","article_publisher":"https:\/\/www.facebook.com\/FireWareBV\/","article_modified_time":"2026-01-23T14:41:15+00:00","og_image":[{"width":600,"height":600,"url":"https:\/\/www.fireware.nl\/wp-content\/uploads\/2019\/01\/025-021-003-Nebula-AR-Blindmaskerset-maxi.jpg","type":"image\/jpeg"}],"twitter_card":"summary_large_image","twitter_site":"@FireWarebv","twitter_misc":{"Gesch\u00e4tzte Lesezeit":"2\u00a0Minuten"},"schema":{"@context":"https:\/\/schema.org","@graph":[{"@type":"WebPage","@id":"https:\/\/www.fireware.nl\/de\/product\/ar-nebula-blindmaske\/","url":"https:\/\/www.fireware.nl\/de\/product\/ar-nebula-blindmaske\/","name":"Nebula Blindmaske V2 - FireWare","isPartOf":{"@id":"https:\/\/www.fireware.nl\/de\/#website"},"primaryImageOfPage":{"@id":"https:\/\/www.fireware.nl\/de\/product\/ar-nebula-blindmaske\/#primaryimage"},"image":{"@id":"https:\/\/www.fireware.nl\/de\/product\/ar-nebula-blindmaske\/#primaryimage"},"thumbnailUrl":"https:\/\/www.fireware.nl\/wp-content\/uploads\/2019\/01\/025-021-003-Nebula-AR-Blindmaskerset-maxi.jpg","datePublished":"2024-11-27T12:19:32+00:00","dateModified":"2026-01-23T14:41:15+00:00","breadcrumb":{"@id":"https:\/\/www.fireware.nl\/de\/product\/ar-nebula-blindmaske\/#breadcrumb"},"inLanguage":"de","potentialAction":[{"@type":"ReadAction","target":["https:\/\/www.fireware.nl\/de\/product\/ar-nebula-blindmaske\/"]}]},{"@type":"ImageObject","inLanguage":"de","@id":"https:\/\/www.fireware.nl\/de\/product\/ar-nebula-blindmaske\/#primaryimage","url":"https:\/\/www.fireware.nl\/wp-content\/uploads\/2019\/01\/025-021-003-Nebula-AR-Blindmaskerset-maxi.jpg","contentUrl":"https:\/\/www.fireware.nl\/wp-content\/uploads\/2019\/01\/025-021-003-Nebula-AR-Blindmaskerset-maxi.jpg","width":600,"height":600},{"@type":"BreadcrumbList","@id":"https:\/\/www.fireware.nl\/de\/product\/ar-nebula-blindmaske\/#breadcrumb","itemListElement":[{"@type":"ListItem","position":1,"name":"Home","item":"https:\/\/www.fireware.nl\/de\/"},{"@type":"ListItem","position":2,"name":"Produkte","item":"https:\/\/www.fireware.nl\/de\/produkte\/"},{"@type":"ListItem","position":3,"name":"Nebula Blindmaske V2"}]},{"@type":"WebSite","@id":"https:\/\/www.fireware.nl\/de\/#website","url":"https:\/\/www.fireware.nl\/de\/","name":"FireWare","description":"CREATING REALISTIC  TRAINING ENVIRONMENTS","publisher":{"@id":"https:\/\/www.fireware.nl\/de\/#organization"},"potentialAction":[{"@type":"SearchAction","target":{"@type":"EntryPoint","urlTemplate":"https:\/\/www.fireware.nl\/de\/?s={search_term_string}"},"query-input":{"@type":"PropertyValueSpecification","valueRequired":true,"valueName":"search_term_string"}}],"inLanguage":"de"},{"@type":"Organization","@id":"https:\/\/www.fireware.nl\/de\/#organization","name":"FireWare","url":"https:\/\/www.fireware.nl\/de\/","logo":{"@type":"ImageObject","inLanguage":"de","@id":"https:\/\/www.fireware.nl\/de\/#\/schema\/logo\/image\/","url":"https:\/\/www.fireware.nl\/wp-content\/uploads\/2018\/10\/fireware-logo.png","contentUrl":"https:\/\/www.fireware.nl\/wp-content\/uploads\/2018\/10\/fireware-logo.png","width":200,"height":86,"caption":"FireWare"},"image":{"@id":"https:\/\/www.fireware.nl\/de\/#\/schema\/logo\/image\/"},"sameAs":["https:\/\/www.facebook.com\/FireWareBV\/","https:\/\/x.com\/FireWarebv","https:\/\/www.instagram.com\/fireware_nl\/","https:\/\/www.linkedin.com\/company\/3586017\/","https:\/\/www.youtube.com\/user\/firesalesrentconsult"]}]}},"publishpress_future_workflow_manual_trigger":{"enabledWorkflows":[]},"_links":{"self":[{"href":"https:\/\/www.fireware.nl\/de\/wp-json\/wp\/v2\/product\/18509","targetHints":{"allow":["GET"]}}],"collection":[{"href":"https:\/\/www.fireware.nl\/de\/wp-json\/wp\/v2\/product"}],"about":[{"href":"https:\/\/www.fireware.nl\/de\/wp-json\/wp\/v2\/types\/product"}],"wp:featuredmedia":[{"embeddable":true,"href":"https:\/\/www.fireware.nl\/de\/wp-json\/wp\/v2\/media\/67004"}],"wp:attachment":[{"href":"https:\/\/www.fireware.nl\/de\/wp-json\/wp\/v2\/media?parent=18509"}],"wp:term":[{"taxonomy":"product_brand","embeddable":true,"href":"https:\/\/www.fireware.nl\/de\/wp-json\/wp\/v2\/product_brand?post=18509"},{"taxonomy":"product_cat","embeddable":true,"href":"https:\/\/www.fireware.nl\/de\/wp-json\/wp\/v2\/product_cat?post=18509"},{"taxonomy":"product_tag","embeddable":true,"href":"https:\/\/www.fireware.nl\/de\/wp-json\/wp\/v2\/product_tag?post=18509"}],"curies":[{"name":"wp","href":"https:\/\/api.w.org\/{rel}","templated":true}]}}