
{"id":128939,"date":"2025-08-18T12:36:26","date_gmt":"2025-08-18T12:36:26","guid":{"rendered":"https:\/\/www.fireware.nl\/?post_type=product&#038;p=128939"},"modified":"2025-08-20T13:26:56","modified_gmt":"2025-08-20T13:26:56","slug":"fuellklemme-fuer-neptune-uebungsloescher-druckgriff","status":"publish","type":"product","link":"https:\/\/www.fireware.nl\/de\/product\/fuellklemme-fuer-neptune-uebungsloescher-druckgriff\/","title":{"rendered":"F\u00fcllklemme f\u00fcr Neptune \u00dcbungsl\u00f6scher Druckgriff"},"content":{"rendered":"<p data-start=\"50\" data-end=\"372\">Die Neptune-F\u00fcllklemme ist ein unverzichtbares Hilfsmittel beim Bef\u00fcllen von <a href=\"https:\/\/www.fireware.nl\/de\/product\/neptune-uebungsloescher-druckgriff\/\" target=\"_blank\" rel=\"noopener\">Neptune \u00dcbungsl\u00f6scher Druckgriff<\/a> \u00fcber das <a href=\"https:\/\/www.fireware.nl\/de\/product\/neptune-befuellungssystem\/\" target=\"_blank\" rel=\"noopener\">Neptune Bef\u00fcllungsystem<\/a>. Unser Team stellt dieses Produkt selbst in unserem CreaLab mithilfe von 3D-Druckern her. So schaffen wir ein praktisches Werkzeug f\u00fcr die Neptune-\u00dcbungsfeuerl\u00f6scher!<\/p>\n<h2 data-start=\"374\" data-end=\"409\">So funktioniert das Bef\u00fcllen:<\/h2>\n<p data-start=\"411\" data-end=\"694\">Schlie\u00dfen Sie das Neptune-F\u00fcllsystem an eine Wasserleitung und einen <a href=\"https:\/\/www.fireware.nl\/de\/product\/kompressor-fuer-neptune\/\" target=\"_blank\" rel=\"noopener\">Kompressor<\/a> an. Optional kann <a href=\"https:\/\/www.fireware.nl\/de\/product\/uebungsschaum\/\" target=\"_blank\" rel=\"noopener\">\u00dcbungsschaum<\/a> hinzugef\u00fcgt werden. Trennen Sie anschlie\u00dfend die Spritzd\u00fcse des L\u00f6schers und verbinden Sie bis zu drei Feuerl\u00f6scher gleichzeitig \u00fcber den F\u00fcllschlauch mit dem F\u00fcllsystem.<\/p>\n<p data-start=\"696\" data-end=\"947\">Sobald Sie den Bedienknopf des F\u00fcllsystems bet\u00e4tigen, werden die Feuerl\u00f6scher unter Druck gesetzt. Diese m\u00fcssen jedoch zun\u00e4chst \u201ege\u00f6ffnet\u201c werden \u2013 was schwierig sein kann, wenn mehrere L\u00f6scher gleichzeitig bef\u00fcllt werden. Hier hilft die F\u00fcllklemme!<\/p>\n<p data-start=\"949\" data-end=\"1075\">Schieben Sie die F\u00fcllklemme \u00fcber den Handgriff, um ihn eingeklemmt zu halten \u2013 und das Neptune-F\u00fcllsystem erledigt den Rest!<\/p>\n","protected":false},"excerpt":{"rendered":"<ul>\n<li data-start=\"51\" data-end=\"145\">Spezielles Hilfsmittel zum Bef\u00fcllen von Neptune-Feuerl\u00f6schern mit dem Neptune-F\u00fcllsystem<\/li>\n<li data-start=\"148\" data-end=\"185\">Einfach und schnell anzubringen<\/li>\n<li data-start=\"188\" data-end=\"258\">Unterst\u00fctzt das Bef\u00fcllen von bis zu 3 Feuerl\u00f6schern gleichzeitig<\/li>\n<li data-start=\"261\" data-end=\"307\">Wird als Set mit 3 F\u00fcllklemmen geliefert<\/li>\n<li data-start=\"310\" data-end=\"347\">Hergestellt im FireWare CreaLab<\/li>\n<\/ul>\n","protected":false},"featured_media":128890,"template":"","meta":[],"product_brand":[],"product_cat":[102],"product_tag":[],"class_list":{"0":"post-128939","1":"product","2":"type-product","3":"status-publish","4":"has-post-thumbnail","6":"product_cat-uebungs-loeschmittel","8":"first","9":"instock","10":"taxable","11":"shipping-taxable","12":"purchasable","13":"product-type-simple"},"yoast_head":"<!-- This site is optimized with the Yoast SEO plugin v27.4 - https:\/\/yoast.com\/product\/yoast-seo-wordpress\/ -->\n<title>F\u00fcllklemme f\u00fcr Neptune \u00dcbungsl\u00f6scher Druckgriff - FireWare<\/title>\n<meta name=\"robots\" content=\"index, follow, max-snippet:-1, max-image-preview:large, max-video-preview:-1\" \/>\n<link rel=\"canonical\" href=\"https:\/\/www.fireware.nl\/de\/product\/fuellklemme-fuer-neptune-uebungsloescher-druckgriff\/\" \/>\n<meta property=\"og:locale\" content=\"de_DE\" \/>\n<meta property=\"og:type\" content=\"article\" \/>\n<meta property=\"og:title\" content=\"F\u00fcllklemme f\u00fcr Neptune \u00dcbungsl\u00f6scher Druckgriff - FireWare\" \/>\n<meta property=\"og:description\" content=\"Spezielles Hilfsmittel zum Bef\u00fcllen von Neptune-Feuerl\u00f6schern mit dem Neptune-F\u00fcllsystem  Einfach und schnell anzubringen  Unterst\u00fctzt das Bef\u00fcllen von bis zu 3 Feuerl\u00f6schern gleichzeitig  Wird als Set mit 3 F\u00fcllklemmen geliefert  Hergestellt im FireWare CreaLab\" \/>\n<meta property=\"og:url\" content=\"https:\/\/www.fireware.nl\/de\/product\/fuellklemme-fuer-neptune-uebungsloescher-druckgriff\/\" \/>\n<meta property=\"og:site_name\" content=\"FireWare\" \/>\n<meta property=\"article:publisher\" content=\"https:\/\/www.facebook.com\/FireWareBV\/\" \/>\n<meta property=\"article:modified_time\" content=\"2025-08-20T13:26:56+00:00\" \/>\n<meta property=\"og:image\" content=\"https:\/\/www.fireware.nl\/wp-content\/uploads\/2025\/08\/20250501-Neptune-vulklem_knijphandvat_015_600x600.jpg\" \/>\n\t<meta property=\"og:image:width\" content=\"600\" \/>\n\t<meta property=\"og:image:height\" content=\"600\" \/>\n\t<meta property=\"og:image:type\" content=\"image\/jpeg\" \/>\n<meta name=\"twitter:card\" content=\"summary_large_image\" \/>\n<meta name=\"twitter:site\" content=\"@FireWarebv\" \/>\n<meta name=\"twitter:label1\" content=\"Gesch\u00e4tzte Lesezeit\" \/>\n\t<meta name=\"twitter:data1\" content=\"1\u00a0Minute\" \/>\n<script type=\"application\/ld+json\" class=\"yoast-schema-graph\">{\"@context\":\"https:\\\/\\\/schema.org\",\"@graph\":[{\"@type\":\"WebPage\",\"@id\":\"https:\\\/\\\/www.fireware.nl\\\/de\\\/product\\\/fuellklemme-fuer-neptune-uebungsloescher-druckgriff\\\/\",\"url\":\"https:\\\/\\\/www.fireware.nl\\\/de\\\/product\\\/fuellklemme-fuer-neptune-uebungsloescher-druckgriff\\\/\",\"name\":\"F\u00fcllklemme f\u00fcr Neptune \u00dcbungsl\u00f6scher Druckgriff - FireWare\",\"isPartOf\":{\"@id\":\"https:\\\/\\\/www.fireware.nl\\\/de\\\/#website\"},\"primaryImageOfPage\":{\"@id\":\"https:\\\/\\\/www.fireware.nl\\\/de\\\/product\\\/fuellklemme-fuer-neptune-uebungsloescher-druckgriff\\\/#primaryimage\"},\"image\":{\"@id\":\"https:\\\/\\\/www.fireware.nl\\\/de\\\/product\\\/fuellklemme-fuer-neptune-uebungsloescher-druckgriff\\\/#primaryimage\"},\"thumbnailUrl\":\"https:\\\/\\\/www.fireware.nl\\\/wp-content\\\/uploads\\\/2025\\\/08\\\/20250501-Neptune-vulklem_knijphandvat_015_600x600.jpg\",\"datePublished\":\"2025-08-18T12:36:26+00:00\",\"dateModified\":\"2025-08-20T13:26:56+00:00\",\"breadcrumb\":{\"@id\":\"https:\\\/\\\/www.fireware.nl\\\/de\\\/product\\\/fuellklemme-fuer-neptune-uebungsloescher-druckgriff\\\/#breadcrumb\"},\"inLanguage\":\"de\",\"potentialAction\":[{\"@type\":\"ReadAction\",\"target\":[\"https:\\\/\\\/www.fireware.nl\\\/de\\\/product\\\/fuellklemme-fuer-neptune-uebungsloescher-druckgriff\\\/\"]}]},{\"@type\":\"ImageObject\",\"inLanguage\":\"de\",\"@id\":\"https:\\\/\\\/www.fireware.nl\\\/de\\\/product\\\/fuellklemme-fuer-neptune-uebungsloescher-druckgriff\\\/#primaryimage\",\"url\":\"https:\\\/\\\/www.fireware.nl\\\/wp-content\\\/uploads\\\/2025\\\/08\\\/20250501-Neptune-vulklem_knijphandvat_015_600x600.jpg\",\"contentUrl\":\"https:\\\/\\\/www.fireware.nl\\\/wp-content\\\/uploads\\\/2025\\\/08\\\/20250501-Neptune-vulklem_knijphandvat_015_600x600.jpg\",\"width\":600,\"height\":600},{\"@type\":\"BreadcrumbList\",\"@id\":\"https:\\\/\\\/www.fireware.nl\\\/de\\\/product\\\/fuellklemme-fuer-neptune-uebungsloescher-druckgriff\\\/#breadcrumb\",\"itemListElement\":[{\"@type\":\"ListItem\",\"position\":1,\"name\":\"Home\",\"item\":\"https:\\\/\\\/www.fireware.nl\\\/de\\\/\"},{\"@type\":\"ListItem\",\"position\":2,\"name\":\"Produkte\",\"item\":\"https:\\\/\\\/www.fireware.nl\\\/de\\\/produkte\\\/\"},{\"@type\":\"ListItem\",\"position\":3,\"name\":\"F\u00fcllklemme f\u00fcr Neptune \u00dcbungsl\u00f6scher Druckgriff\"}]},{\"@type\":\"WebSite\",\"@id\":\"https:\\\/\\\/www.fireware.nl\\\/de\\\/#website\",\"url\":\"https:\\\/\\\/www.fireware.nl\\\/de\\\/\",\"name\":\"FireWare\",\"description\":\"CREATING REALISTIC  TRAINING ENVIRONMENTS\",\"publisher\":{\"@id\":\"https:\\\/\\\/www.fireware.nl\\\/de\\\/#organization\"},\"potentialAction\":[{\"@type\":\"SearchAction\",\"target\":{\"@type\":\"EntryPoint\",\"urlTemplate\":\"https:\\\/\\\/www.fireware.nl\\\/de\\\/?s={search_term_string}\"},\"query-input\":{\"@type\":\"PropertyValueSpecification\",\"valueRequired\":true,\"valueName\":\"search_term_string\"}}],\"inLanguage\":\"de\"},{\"@type\":\"Organization\",\"@id\":\"https:\\\/\\\/www.fireware.nl\\\/de\\\/#organization\",\"name\":\"FireWare\",\"url\":\"https:\\\/\\\/www.fireware.nl\\\/de\\\/\",\"logo\":{\"@type\":\"ImageObject\",\"inLanguage\":\"de\",\"@id\":\"https:\\\/\\\/www.fireware.nl\\\/de\\\/#\\\/schema\\\/logo\\\/image\\\/\",\"url\":\"https:\\\/\\\/www.fireware.nl\\\/wp-content\\\/uploads\\\/2018\\\/10\\\/fireware-logo.png\",\"contentUrl\":\"https:\\\/\\\/www.fireware.nl\\\/wp-content\\\/uploads\\\/2018\\\/10\\\/fireware-logo.png\",\"width\":200,\"height\":86,\"caption\":\"FireWare\"},\"image\":{\"@id\":\"https:\\\/\\\/www.fireware.nl\\\/de\\\/#\\\/schema\\\/logo\\\/image\\\/\"},\"sameAs\":[\"https:\\\/\\\/www.facebook.com\\\/FireWareBV\\\/\",\"https:\\\/\\\/x.com\\\/FireWarebv\",\"https:\\\/\\\/www.instagram.com\\\/fireware_nl\\\/\",\"https:\\\/\\\/www.linkedin.com\\\/company\\\/3586017\\\/\",\"https:\\\/\\\/www.youtube.com\\\/user\\\/firesalesrentconsult\"]}]}<\/script>\n<!-- \/ Yoast SEO plugin. -->","yoast_head_json":{"title":"F\u00fcllklemme f\u00fcr Neptune \u00dcbungsl\u00f6scher Druckgriff - FireWare","robots":{"index":"index","follow":"follow","max-snippet":"max-snippet:-1","max-image-preview":"max-image-preview:large","max-video-preview":"max-video-preview:-1"},"canonical":"https:\/\/www.fireware.nl\/de\/product\/fuellklemme-fuer-neptune-uebungsloescher-druckgriff\/","og_locale":"de_DE","og_type":"article","og_title":"F\u00fcllklemme f\u00fcr Neptune \u00dcbungsl\u00f6scher Druckgriff - FireWare","og_description":"Spezielles Hilfsmittel zum Bef\u00fcllen von Neptune-Feuerl\u00f6schern mit dem Neptune-F\u00fcllsystem  Einfach und schnell anzubringen  Unterst\u00fctzt das Bef\u00fcllen von bis zu 3 Feuerl\u00f6schern gleichzeitig  Wird als Set mit 3 F\u00fcllklemmen geliefert  Hergestellt im FireWare CreaLab","og_url":"https:\/\/www.fireware.nl\/de\/product\/fuellklemme-fuer-neptune-uebungsloescher-druckgriff\/","og_site_name":"FireWare","article_publisher":"https:\/\/www.facebook.com\/FireWareBV\/","article_modified_time":"2025-08-20T13:26:56+00:00","og_image":[{"width":600,"height":600,"url":"https:\/\/www.fireware.nl\/wp-content\/uploads\/2025\/08\/20250501-Neptune-vulklem_knijphandvat_015_600x600.jpg","type":"image\/jpeg"}],"twitter_card":"summary_large_image","twitter_site":"@FireWarebv","twitter_misc":{"Gesch\u00e4tzte Lesezeit":"1\u00a0Minute"},"schema":{"@context":"https:\/\/schema.org","@graph":[{"@type":"WebPage","@id":"https:\/\/www.fireware.nl\/de\/product\/fuellklemme-fuer-neptune-uebungsloescher-druckgriff\/","url":"https:\/\/www.fireware.nl\/de\/product\/fuellklemme-fuer-neptune-uebungsloescher-druckgriff\/","name":"F\u00fcllklemme f\u00fcr Neptune \u00dcbungsl\u00f6scher Druckgriff - FireWare","isPartOf":{"@id":"https:\/\/www.fireware.nl\/de\/#website"},"primaryImageOfPage":{"@id":"https:\/\/www.fireware.nl\/de\/product\/fuellklemme-fuer-neptune-uebungsloescher-druckgriff\/#primaryimage"},"image":{"@id":"https:\/\/www.fireware.nl\/de\/product\/fuellklemme-fuer-neptune-uebungsloescher-druckgriff\/#primaryimage"},"thumbnailUrl":"https:\/\/www.fireware.nl\/wp-content\/uploads\/2025\/08\/20250501-Neptune-vulklem_knijphandvat_015_600x600.jpg","datePublished":"2025-08-18T12:36:26+00:00","dateModified":"2025-08-20T13:26:56+00:00","breadcrumb":{"@id":"https:\/\/www.fireware.nl\/de\/product\/fuellklemme-fuer-neptune-uebungsloescher-druckgriff\/#breadcrumb"},"inLanguage":"de","potentialAction":[{"@type":"ReadAction","target":["https:\/\/www.fireware.nl\/de\/product\/fuellklemme-fuer-neptune-uebungsloescher-druckgriff\/"]}]},{"@type":"ImageObject","inLanguage":"de","@id":"https:\/\/www.fireware.nl\/de\/product\/fuellklemme-fuer-neptune-uebungsloescher-druckgriff\/#primaryimage","url":"https:\/\/www.fireware.nl\/wp-content\/uploads\/2025\/08\/20250501-Neptune-vulklem_knijphandvat_015_600x600.jpg","contentUrl":"https:\/\/www.fireware.nl\/wp-content\/uploads\/2025\/08\/20250501-Neptune-vulklem_knijphandvat_015_600x600.jpg","width":600,"height":600},{"@type":"BreadcrumbList","@id":"https:\/\/www.fireware.nl\/de\/product\/fuellklemme-fuer-neptune-uebungsloescher-druckgriff\/#breadcrumb","itemListElement":[{"@type":"ListItem","position":1,"name":"Home","item":"https:\/\/www.fireware.nl\/de\/"},{"@type":"ListItem","position":2,"name":"Produkte","item":"https:\/\/www.fireware.nl\/de\/produkte\/"},{"@type":"ListItem","position":3,"name":"F\u00fcllklemme f\u00fcr Neptune \u00dcbungsl\u00f6scher Druckgriff"}]},{"@type":"WebSite","@id":"https:\/\/www.fireware.nl\/de\/#website","url":"https:\/\/www.fireware.nl\/de\/","name":"FireWare","description":"CREATING REALISTIC  TRAINING ENVIRONMENTS","publisher":{"@id":"https:\/\/www.fireware.nl\/de\/#organization"},"potentialAction":[{"@type":"SearchAction","target":{"@type":"EntryPoint","urlTemplate":"https:\/\/www.fireware.nl\/de\/?s={search_term_string}"},"query-input":{"@type":"PropertyValueSpecification","valueRequired":true,"valueName":"search_term_string"}}],"inLanguage":"de"},{"@type":"Organization","@id":"https:\/\/www.fireware.nl\/de\/#organization","name":"FireWare","url":"https:\/\/www.fireware.nl\/de\/","logo":{"@type":"ImageObject","inLanguage":"de","@id":"https:\/\/www.fireware.nl\/de\/#\/schema\/logo\/image\/","url":"https:\/\/www.fireware.nl\/wp-content\/uploads\/2018\/10\/fireware-logo.png","contentUrl":"https:\/\/www.fireware.nl\/wp-content\/uploads\/2018\/10\/fireware-logo.png","width":200,"height":86,"caption":"FireWare"},"image":{"@id":"https:\/\/www.fireware.nl\/de\/#\/schema\/logo\/image\/"},"sameAs":["https:\/\/www.facebook.com\/FireWareBV\/","https:\/\/x.com\/FireWarebv","https:\/\/www.instagram.com\/fireware_nl\/","https:\/\/www.linkedin.com\/company\/3586017\/","https:\/\/www.youtube.com\/user\/firesalesrentconsult"]}]}},"publishpress_future_workflow_manual_trigger":{"enabledWorkflows":[]},"_links":{"self":[{"href":"https:\/\/www.fireware.nl\/de\/wp-json\/wp\/v2\/product\/128939","targetHints":{"allow":["GET"]}}],"collection":[{"href":"https:\/\/www.fireware.nl\/de\/wp-json\/wp\/v2\/product"}],"about":[{"href":"https:\/\/www.fireware.nl\/de\/wp-json\/wp\/v2\/types\/product"}],"wp:featuredmedia":[{"embeddable":true,"href":"https:\/\/www.fireware.nl\/de\/wp-json\/wp\/v2\/media\/128890"}],"wp:attachment":[{"href":"https:\/\/www.fireware.nl\/de\/wp-json\/wp\/v2\/media?parent=128939"}],"wp:term":[{"taxonomy":"product_brand","embeddable":true,"href":"https:\/\/www.fireware.nl\/de\/wp-json\/wp\/v2\/product_brand?post=128939"},{"taxonomy":"product_cat","embeddable":true,"href":"https:\/\/www.fireware.nl\/de\/wp-json\/wp\/v2\/product_cat?post=128939"},{"taxonomy":"product_tag","embeddable":true,"href":"https:\/\/www.fireware.nl\/de\/wp-json\/wp\/v2\/product_tag?post=128939"}],"curies":[{"name":"wp","href":"https:\/\/api.w.org\/{rel}","templated":true}]}}