
{"id":100449,"date":"2024-09-05T12:10:04","date_gmt":"2024-09-10T13:30:14","guid":{"rendered":"https:\/\/www.fireware.nl\/?post_type=product&#038;p=100449"},"modified":"2025-06-02T07:19:46","modified_gmt":"2025-06-02T07:19:46","slug":"100449","status":"publish","type":"product","link":"https:\/\/www.fireware.nl\/de\/product\/ubungsset-abc-einsatz\/","title":{"rendered":"\u00dcbungsset ABC-Einsatz"},"content":{"rendered":"\r\n<p>Alles, was Sie f\u00fcr Ihre ABC-Einsatz Simulation ben\u00f6tigen, passt in eine Kiste. Mit diesem Set k\u00f6nnen Sie einfach verschiedene Vorf\u00e4lle mit gef\u00e4hrlichen Stoffen simulieren.<\/p>\r\n<h2>Simulation f\u00fcr den Umgang mit Gefahrstoffen<\/h2>\r\n<p>Es ist nicht immer einfach, Lernziele in Bezug auf Unf\u00e4lle mit gef\u00e4hrlichen Stoffen auf interessante Weise in ein Szenario zu integrieren. Oftmals f\u00fchrt dies zu reinen Verfahrenstrainings. Wenn Sie die Gefahrensituation realistischer darstellen k\u00f6nnen, erreichen Sie mehr Lernziele. FireWare bietet eine Reihe von Produkten, die Ihnen dabei helfen k\u00f6nnen. Speziell f\u00fcr Einsatzkr\u00e4fte, die in diesem Bereich geschult werden m\u00fcssen, haben wir diese in einem \u00dcbungset geb\u00fcndelt.<\/p>\r\n<h2>Realismus<\/h2>\r\n<p>Wenn Einsatzkr\u00e4fte glauben, dass ein Training kein Spiel ist, wird es effektiver. Eine realistische Gefahrensituation l\u00f6st die Spannung aus, die bei einem echten Vorfall entsteht. Man ist fokussierter und ber\u00fccksichtigt die Vor- und Nachteile der Situation. Stellen Sie sicher, dass Chemikalien so aussehen und riechen, wie sie in der Realit\u00e4t auch w\u00e4ren. Verwenden Sie echte Warnschilder und keine Pappst\u00fccke, auf die etwas geschrieben oder gezeichnet wurde. So werden die Teilnehmer ohne Ablenkung durch unrealistische Hinweise in das Szenario eingetaucht. Es klingt einfach, aber FireWare hilft Ihnen dabei.<\/p>\r\n<h2>Farbe und Geruch<\/h2>\r\n<p>Um chemische Stoffe oder Verdampfungen zu simulieren, stellen wir Ihnen 6 Farbfl\u00fcssigkeiten und Rauchpatronen in 6 verschiedenen Farben zur Verf\u00fcgung. Damit es nicht nur realistisch aussieht, ist auch ein Chemical Smell Spray im Set enthalten. Denn je mehr Sinne Sie ansprechen, desto \u00fcberzeugender wird die Simulation.<\/p>\r\n<h2>Magnetische Kennzeichnung f\u00fcr den Transport<\/h2>\r\n<p>Mit den Magnets\u00e4tzen k\u00f6nnen Sie ganz einfach die erforderlichen Markierungen auf Fahrzeugen oder Containern anbringen. GHS-Gefahrensymbole, ein realistisches ADR-Nummernschild (Kemler-Tafel) und ein Set mit allen Bauteilen, um ein NFPA-Gefahrendiagramm zu erstellen, d\u00fcrfen ebenfalls nicht fehlen. Damit k\u00f6nnen Sie die Einsatzkr\u00e4fte auf realistische Weise auf die Gefahren aufmerksam machen, denen sie ausgesetzt sind.<\/p>\r\n<h2>Inhalt<\/h2>\r\n<p>Alle \u00dcbungsmittel in diesem Set werden in einem robusten Transportbeh\u00e4lter geliefert.<\/p>\r\n<p>Das \u00dcbungset enth\u00e4lt:<\/p>\r\n<ul>\r\n<li><a href=\"https:\/\/www.fireware.nl\/de\/product\/farbige-rauchpatronen\/\" target=\"_blank\" rel=\"noopener\">ADR Zahlenset Magnetisch<\/a>\r\n<ul>\r\n<li>Inklusive Kunststoffkiste von 40 x 30 x 8 cm<\/li>\r\n<\/ul>\r\n<\/li>\r\n<li><a href=\"https:\/\/www.fireware.nl\/de\/product\/gefahrendiamanten-set-magnetisch\/\" target=\"_blank\" rel=\"noopener\">Gefahrendiamanten Set Magnetisch<\/a>\r\n<ul>\r\n<li>Inklusive Kunststoffkiste von 40 x 30 x 8 cm<\/li>\r\n<\/ul>\r\n<\/li>\r\n<li><a href=\"https:\/\/www.fireware.nl\/de\/product\/set-mit-magnetische-gefahrsymbolen\/\" target=\"_blank\" rel=\"noopener\">Set mit Magnetische Gefahrsymbolen<\/a>\r\n<ul>\r\n<li>Inklusive Kunststoffkiste von 40 x 30 x 8 cm<\/li>\r\n<\/ul>\r\n<\/li>\r\n<li><a href=\"https:\/\/www.fireware.nl\/de\/produkt\/chemical-smell-spray\/\" target=\"_blank\" rel=\"noopener\">Chemical Smell Spray<\/a><\/li>\r\n<li><a href=\"https:\/\/www.fireware.nl\/de\/product\/farbige-rauchpatronen\/\" target=\"_blank\" rel=\"noopener\">Farbige Rauchpatronen<\/a>\r\n<ul>\r\n<li>5 Blau<\/li>\r\n<li>5 Grau<\/li>\r\n<li>5 Gelb<\/li>\r\n<li>5 Gr\u00fcn<\/li>\r\n<li>5 Orange<\/li>\r\n<li>5 Rot<\/li>\r\n<\/ul>\r\n<\/li>\r\n<li><a href=\"https:\/\/www.fireware.nl\/de\/product\/farbe-fluessigkeit-set\/\" target=\"_blank\" rel=\"noopener\">Farbe Fl\u00fcssigkeit Set<\/a>\r\n<ul>\r\n<li>Gelb<\/li>\r\n<li>Gr\u00fcn<\/li>\r\n<li>Blau<\/li>\r\n<li>Rot<\/li>\r\n<li>Schwarz<\/li>\r\n<li>Wei\u00df<\/li>\r\n<li>Inklusive Kunststoffkiste von 30 x 20 x 22 cm<\/li>\r\n<\/ul>\r\n<\/li>\r\n<li>FireWare Kunststoffkiste (40 x 60 x 44 cm)<\/li>\r\n<\/ul>\r\n<p><strong>Interessiert an unseren anderen \u00dcbungss\u00e4tzen? Klicken Sie <a href=\"https:\/\/www.fireware.nl\/de\/product-categorie\/uebungssaetze\/\" target=\"_blank\" rel=\"noopener\">hier<\/a>!<\/strong><\/p>\r\n<h2>Sehen Sie sich das Video an<\/h2>\r\n<p><iframe src=\"https:\/\/player.vimeo.com\/video\/1056790253?hl=nl&amp;cc_lang_pref=nl&amp;cc_load_policy=1\" width=\"1920\" height=\"1080\" frameborder=\"0\" allowfullscreen=\"allowfullscreen\"><\/iframe><\/p>\r\n","protected":false},"excerpt":{"rendered":"<ul>\n<li>Einfach und schnell Gefahrstoff-Szenarien inszenieren<\/li>\n<li>Effektives Training durch realistische Gefahrensituationen<\/li>\n<li>Magnets\u00e4tze f\u00fcr Transportkennzeichnung (ADR, NFPA und Kemler-Tafel)<\/li>\n<li>6 x Farbfl\u00fcssigkeiten<\/li>\n<li>6 x Rauchpatronen<\/li>\n<li>Geruchsstoff f\u00fcr erh\u00f6hte Realit\u00e4tsn\u00e4he<\/li>\n<\/ul>\n","protected":false},"featured_media":100178,"template":"","meta":[],"product_brand":[],"product_cat":[219,3686],"product_tag":[],"class_list":{"0":"post-100449","1":"product","2":"type-product","3":"status-publish","4":"has-post-thumbnail","6":"product_cat-cbrne-de","7":"product_cat-uebungssaetze","9":"first","10":"instock","11":"taxable","12":"shipping-taxable","13":"purchasable","14":"product-type-simple"},"yoast_head":"<!-- This site is optimized with the Yoast SEO plugin v27.4 - https:\/\/yoast.com\/product\/yoast-seo-wordpress\/ -->\n<title>\u00dcbungsset ABC-Einsatz - FireWare<\/title>\n<meta name=\"robots\" content=\"index, follow, max-snippet:-1, max-image-preview:large, max-video-preview:-1\" \/>\n<link rel=\"canonical\" href=\"https:\/\/www.fireware.nl\/de\/product\/ubungsset-abc-einsatz\/\" \/>\n<meta property=\"og:locale\" content=\"de_DE\" \/>\n<meta property=\"og:type\" content=\"article\" \/>\n<meta property=\"og:title\" content=\"\u00dcbungsset ABC-Einsatz - FireWare\" \/>\n<meta property=\"og:description\" content=\"Einfach und schnell Gefahrstoff-Szenarien inszenieren Effektives Training durch realistische Gefahrensituationen Magnets\u00e4tze f\u00fcr Transportkennzeichnung (ADR, NFPA und Kemler-Tafel) 6 x Farbfl\u00fcssigkeiten 6 x Rauchpatronen Geruchsstoff f\u00fcr erh\u00f6hte Realit\u00e4tsn\u00e4he\" \/>\n<meta property=\"og:url\" content=\"https:\/\/www.fireware.nl\/de\/product\/ubungsset-abc-einsatz\/\" \/>\n<meta property=\"og:site_name\" content=\"FireWare\" \/>\n<meta property=\"article:publisher\" content=\"https:\/\/www.facebook.com\/FireWareBV\/\" \/>\n<meta property=\"article:modified_time\" content=\"2025-06-02T07:19:46+00:00\" \/>\n<meta property=\"og:image\" content=\"https:\/\/www.fireware.nl\/wp-content\/uploads\/2024\/09\/20240809-IBGS-Oefenset_003_004_web.jpg\" \/>\n\t<meta property=\"og:image:width\" content=\"600\" \/>\n\t<meta property=\"og:image:height\" content=\"600\" \/>\n\t<meta property=\"og:image:type\" content=\"image\/jpeg\" \/>\n<meta name=\"twitter:card\" content=\"summary_large_image\" \/>\n<meta name=\"twitter:site\" content=\"@FireWarebv\" \/>\n<meta name=\"twitter:label1\" content=\"Gesch\u00e4tzte Lesezeit\" \/>\n\t<meta name=\"twitter:data1\" content=\"2\u00a0Minuten\" \/>\n<script type=\"application\/ld+json\" class=\"yoast-schema-graph\">{\"@context\":\"https:\\\/\\\/schema.org\",\"@graph\":[{\"@type\":\"WebPage\",\"@id\":\"https:\\\/\\\/www.fireware.nl\\\/de\\\/product\\\/ubungsset-abc-einsatz\\\/\",\"url\":\"https:\\\/\\\/www.fireware.nl\\\/de\\\/product\\\/ubungsset-abc-einsatz\\\/\",\"name\":\"\u00dcbungsset ABC-Einsatz - FireWare\",\"isPartOf\":{\"@id\":\"https:\\\/\\\/www.fireware.nl\\\/de\\\/#website\"},\"primaryImageOfPage\":{\"@id\":\"https:\\\/\\\/www.fireware.nl\\\/de\\\/product\\\/ubungsset-abc-einsatz\\\/#primaryimage\"},\"image\":{\"@id\":\"https:\\\/\\\/www.fireware.nl\\\/de\\\/product\\\/ubungsset-abc-einsatz\\\/#primaryimage\"},\"thumbnailUrl\":\"https:\\\/\\\/www.fireware.nl\\\/wp-content\\\/uploads\\\/2024\\\/09\\\/20240809-IBGS-Oefenset_003_004_web.jpg\",\"datePublished\":\"2024-09-10T13:30:14+00:00\",\"dateModified\":\"2025-06-02T07:19:46+00:00\",\"breadcrumb\":{\"@id\":\"https:\\\/\\\/www.fireware.nl\\\/de\\\/product\\\/ubungsset-abc-einsatz\\\/#breadcrumb\"},\"inLanguage\":\"de\",\"potentialAction\":[{\"@type\":\"ReadAction\",\"target\":[\"https:\\\/\\\/www.fireware.nl\\\/de\\\/product\\\/ubungsset-abc-einsatz\\\/\"]}]},{\"@type\":\"ImageObject\",\"inLanguage\":\"de\",\"@id\":\"https:\\\/\\\/www.fireware.nl\\\/de\\\/product\\\/ubungsset-abc-einsatz\\\/#primaryimage\",\"url\":\"https:\\\/\\\/www.fireware.nl\\\/wp-content\\\/uploads\\\/2024\\\/09\\\/20240809-IBGS-Oefenset_003_004_web.jpg\",\"contentUrl\":\"https:\\\/\\\/www.fireware.nl\\\/wp-content\\\/uploads\\\/2024\\\/09\\\/20240809-IBGS-Oefenset_003_004_web.jpg\",\"width\":600,\"height\":600},{\"@type\":\"BreadcrumbList\",\"@id\":\"https:\\\/\\\/www.fireware.nl\\\/de\\\/product\\\/ubungsset-abc-einsatz\\\/#breadcrumb\",\"itemListElement\":[{\"@type\":\"ListItem\",\"position\":1,\"name\":\"Home\",\"item\":\"https:\\\/\\\/www.fireware.nl\\\/de\\\/\"},{\"@type\":\"ListItem\",\"position\":2,\"name\":\"Produkte\",\"item\":\"https:\\\/\\\/www.fireware.nl\\\/de\\\/produkte\\\/\"},{\"@type\":\"ListItem\",\"position\":3,\"name\":\"\u00dcbungsset ABC-Einsatz\"}]},{\"@type\":\"WebSite\",\"@id\":\"https:\\\/\\\/www.fireware.nl\\\/de\\\/#website\",\"url\":\"https:\\\/\\\/www.fireware.nl\\\/de\\\/\",\"name\":\"FireWare\",\"description\":\"CREATING REALISTIC  TRAINING ENVIRONMENTS\",\"publisher\":{\"@id\":\"https:\\\/\\\/www.fireware.nl\\\/de\\\/#organization\"},\"potentialAction\":[{\"@type\":\"SearchAction\",\"target\":{\"@type\":\"EntryPoint\",\"urlTemplate\":\"https:\\\/\\\/www.fireware.nl\\\/de\\\/?s={search_term_string}\"},\"query-input\":{\"@type\":\"PropertyValueSpecification\",\"valueRequired\":true,\"valueName\":\"search_term_string\"}}],\"inLanguage\":\"de\"},{\"@type\":\"Organization\",\"@id\":\"https:\\\/\\\/www.fireware.nl\\\/de\\\/#organization\",\"name\":\"FireWare\",\"url\":\"https:\\\/\\\/www.fireware.nl\\\/de\\\/\",\"logo\":{\"@type\":\"ImageObject\",\"inLanguage\":\"de\",\"@id\":\"https:\\\/\\\/www.fireware.nl\\\/de\\\/#\\\/schema\\\/logo\\\/image\\\/\",\"url\":\"https:\\\/\\\/www.fireware.nl\\\/wp-content\\\/uploads\\\/2018\\\/10\\\/fireware-logo.png\",\"contentUrl\":\"https:\\\/\\\/www.fireware.nl\\\/wp-content\\\/uploads\\\/2018\\\/10\\\/fireware-logo.png\",\"width\":200,\"height\":86,\"caption\":\"FireWare\"},\"image\":{\"@id\":\"https:\\\/\\\/www.fireware.nl\\\/de\\\/#\\\/schema\\\/logo\\\/image\\\/\"},\"sameAs\":[\"https:\\\/\\\/www.facebook.com\\\/FireWareBV\\\/\",\"https:\\\/\\\/x.com\\\/FireWarebv\",\"https:\\\/\\\/www.instagram.com\\\/fireware_nl\\\/\",\"https:\\\/\\\/www.linkedin.com\\\/company\\\/3586017\\\/\",\"https:\\\/\\\/www.youtube.com\\\/user\\\/firesalesrentconsult\"]}]}<\/script>\n<!-- \/ Yoast SEO plugin. -->","yoast_head_json":{"title":"\u00dcbungsset ABC-Einsatz - FireWare","robots":{"index":"index","follow":"follow","max-snippet":"max-snippet:-1","max-image-preview":"max-image-preview:large","max-video-preview":"max-video-preview:-1"},"canonical":"https:\/\/www.fireware.nl\/de\/product\/ubungsset-abc-einsatz\/","og_locale":"de_DE","og_type":"article","og_title":"\u00dcbungsset ABC-Einsatz - FireWare","og_description":"Einfach und schnell Gefahrstoff-Szenarien inszenieren Effektives Training durch realistische Gefahrensituationen Magnets\u00e4tze f\u00fcr Transportkennzeichnung (ADR, NFPA und Kemler-Tafel) 6 x Farbfl\u00fcssigkeiten 6 x Rauchpatronen Geruchsstoff f\u00fcr erh\u00f6hte Realit\u00e4tsn\u00e4he","og_url":"https:\/\/www.fireware.nl\/de\/product\/ubungsset-abc-einsatz\/","og_site_name":"FireWare","article_publisher":"https:\/\/www.facebook.com\/FireWareBV\/","article_modified_time":"2025-06-02T07:19:46+00:00","og_image":[{"width":600,"height":600,"url":"https:\/\/www.fireware.nl\/wp-content\/uploads\/2024\/09\/20240809-IBGS-Oefenset_003_004_web.jpg","type":"image\/jpeg"}],"twitter_card":"summary_large_image","twitter_site":"@FireWarebv","twitter_misc":{"Gesch\u00e4tzte Lesezeit":"2\u00a0Minuten"},"schema":{"@context":"https:\/\/schema.org","@graph":[{"@type":"WebPage","@id":"https:\/\/www.fireware.nl\/de\/product\/ubungsset-abc-einsatz\/","url":"https:\/\/www.fireware.nl\/de\/product\/ubungsset-abc-einsatz\/","name":"\u00dcbungsset ABC-Einsatz - FireWare","isPartOf":{"@id":"https:\/\/www.fireware.nl\/de\/#website"},"primaryImageOfPage":{"@id":"https:\/\/www.fireware.nl\/de\/product\/ubungsset-abc-einsatz\/#primaryimage"},"image":{"@id":"https:\/\/www.fireware.nl\/de\/product\/ubungsset-abc-einsatz\/#primaryimage"},"thumbnailUrl":"https:\/\/www.fireware.nl\/wp-content\/uploads\/2024\/09\/20240809-IBGS-Oefenset_003_004_web.jpg","datePublished":"2024-09-10T13:30:14+00:00","dateModified":"2025-06-02T07:19:46+00:00","breadcrumb":{"@id":"https:\/\/www.fireware.nl\/de\/product\/ubungsset-abc-einsatz\/#breadcrumb"},"inLanguage":"de","potentialAction":[{"@type":"ReadAction","target":["https:\/\/www.fireware.nl\/de\/product\/ubungsset-abc-einsatz\/"]}]},{"@type":"ImageObject","inLanguage":"de","@id":"https:\/\/www.fireware.nl\/de\/product\/ubungsset-abc-einsatz\/#primaryimage","url":"https:\/\/www.fireware.nl\/wp-content\/uploads\/2024\/09\/20240809-IBGS-Oefenset_003_004_web.jpg","contentUrl":"https:\/\/www.fireware.nl\/wp-content\/uploads\/2024\/09\/20240809-IBGS-Oefenset_003_004_web.jpg","width":600,"height":600},{"@type":"BreadcrumbList","@id":"https:\/\/www.fireware.nl\/de\/product\/ubungsset-abc-einsatz\/#breadcrumb","itemListElement":[{"@type":"ListItem","position":1,"name":"Home","item":"https:\/\/www.fireware.nl\/de\/"},{"@type":"ListItem","position":2,"name":"Produkte","item":"https:\/\/www.fireware.nl\/de\/produkte\/"},{"@type":"ListItem","position":3,"name":"\u00dcbungsset ABC-Einsatz"}]},{"@type":"WebSite","@id":"https:\/\/www.fireware.nl\/de\/#website","url":"https:\/\/www.fireware.nl\/de\/","name":"FireWare","description":"CREATING REALISTIC  TRAINING ENVIRONMENTS","publisher":{"@id":"https:\/\/www.fireware.nl\/de\/#organization"},"potentialAction":[{"@type":"SearchAction","target":{"@type":"EntryPoint","urlTemplate":"https:\/\/www.fireware.nl\/de\/?s={search_term_string}"},"query-input":{"@type":"PropertyValueSpecification","valueRequired":true,"valueName":"search_term_string"}}],"inLanguage":"de"},{"@type":"Organization","@id":"https:\/\/www.fireware.nl\/de\/#organization","name":"FireWare","url":"https:\/\/www.fireware.nl\/de\/","logo":{"@type":"ImageObject","inLanguage":"de","@id":"https:\/\/www.fireware.nl\/de\/#\/schema\/logo\/image\/","url":"https:\/\/www.fireware.nl\/wp-content\/uploads\/2018\/10\/fireware-logo.png","contentUrl":"https:\/\/www.fireware.nl\/wp-content\/uploads\/2018\/10\/fireware-logo.png","width":200,"height":86,"caption":"FireWare"},"image":{"@id":"https:\/\/www.fireware.nl\/de\/#\/schema\/logo\/image\/"},"sameAs":["https:\/\/www.facebook.com\/FireWareBV\/","https:\/\/x.com\/FireWarebv","https:\/\/www.instagram.com\/fireware_nl\/","https:\/\/www.linkedin.com\/company\/3586017\/","https:\/\/www.youtube.com\/user\/firesalesrentconsult"]}]}},"publishpress_future_workflow_manual_trigger":{"enabledWorkflows":[]},"_links":{"self":[{"href":"https:\/\/www.fireware.nl\/de\/wp-json\/wp\/v2\/product\/100449","targetHints":{"allow":["GET"]}}],"collection":[{"href":"https:\/\/www.fireware.nl\/de\/wp-json\/wp\/v2\/product"}],"about":[{"href":"https:\/\/www.fireware.nl\/de\/wp-json\/wp\/v2\/types\/product"}],"wp:featuredmedia":[{"embeddable":true,"href":"https:\/\/www.fireware.nl\/de\/wp-json\/wp\/v2\/media\/100178"}],"wp:attachment":[{"href":"https:\/\/www.fireware.nl\/de\/wp-json\/wp\/v2\/media?parent=100449"}],"wp:term":[{"taxonomy":"product_brand","embeddable":true,"href":"https:\/\/www.fireware.nl\/de\/wp-json\/wp\/v2\/product_brand?post=100449"},{"taxonomy":"product_cat","embeddable":true,"href":"https:\/\/www.fireware.nl\/de\/wp-json\/wp\/v2\/product_cat?post=100449"},{"taxonomy":"product_tag","embeddable":true,"href":"https:\/\/www.fireware.nl\/de\/wp-json\/wp\/v2\/product_tag?post=100449"}],"curies":[{"name":"wp","href":"https:\/\/api.w.org\/{rel}","templated":true}]}}