
{"id":7803,"date":"2018-05-23T13:56:35","date_gmt":"2018-05-23T13:56:35","guid":{"rendered":"http:\/\/fireware.sites.hyperhosting.co\/?page_id=7803"},"modified":"2023-03-07T09:58:31","modified_gmt":"2023-03-07T09:58:31","slug":"impressum","status":"publish","type":"page","link":"https:\/\/www.fireware.nl\/de\/impressum\/","title":{"rendered":"Datenschutzerkl\u00e4rung"},"content":{"rendered":"\r\n\t<h2>Datenschutzerkl\u00e4rung von FireWare<\/h2>\r\n<p>Wenn Sie etwas bei <a href=\"https:\/\/fireware.nl\/de\/kontakt\/\">FireWare<\/a> bestellen, einen Kurs besuchen oder bei uns etwas mieten oder einen Service von uns erwerben, ben\u00f6tigen wir personenbezogene Daten von Ihnen. Sie k\u00f6nnen davon ausgehen, dass wir gut auf diese Daten aufpassen. Schlie\u00dflich m\u00f6chten Sie nicht, dass alle Ihre Daten auf der Stra\u00dfe landen und f\u00fcr jeden sichtbar sind. Wir werden alles tun, um Ihre privaten Daten wirklich privat zu halten. Wir speichern Ihre Daten sicher. Und wir teilen sie nicht mit Dritten f\u00fcr kommerzielle Zwecke.<\/p>\r\n<p>Wir teilen Informationen \u00fcber Sie sehr wohl mit anderen, damit wir unsere Vereinbarungen mit Ihnen einhalten k\u00f6nnen. Denken Sie zum Beispiel an einen Transporteur. Er braucht wirklich Ihre Adresse, um das Paket bei Ihnen abzuliefern. Wir treffen sehr klare Vereinbarungen mit diesen Organisationen, dass sie Ihre Daten nur verwenden k\u00f6nnen, um die mit FireWare getroffene Vereinbarung zu erf\u00fcllen: und nicht f\u00fcr andere Zwecke!<\/p>\r\n<p>Dar\u00fcber hinaus kann es vorkommen, dass wir Ihre Daten an einen unserer H\u00e4ndler weitergeben. Wir machen das nur, wenn Sie dies erlauben. Wir tun dies, weil der H\u00e4ndler in manchen F\u00e4llen besser in der Lage ist, Ihnen zu helfen, als wir k\u00f6nnen. Zum Beispiel, weil ein H\u00e4ndler mehr \u00fcber die Situation in Ihrem Land wei\u00df.<\/p>\r\n<p>Um unsere Arbeit zu erledigen, ben\u00f6tigen wir eine Reihe von pers\u00f6nlichen Daten von Ihnen:<\/p>\r\n<h2>Welche Daten ben\u00f6tigen wir von Ihnen?<\/h2>\r\n\t<style>\r\ntable, th, td {\r\n}\r\nth, td {\r\n  padding: 15px;\r\n}\r\n<\/style>\r\n<table border=\"0\">\r\n  <tr>\r\n    <td>Ihr Vor- und Nachname:<\/td>\r\n    <td>Wir m\u00f6chten gern, dass Ihre Bestellung wirklich bei Ihnen ankommt. Wir m\u00f6chten aber auch ein Zertifikat nach einem Kurs auf Ihren Namen ausstellen k\u00f6nnen.<\/td>\r\n  <\/tr>\r\n  <tr>\r\n    <td>Die Organisation, f\u00fcr die Sie arbeiten:<\/td>\r\n    <td>FireWare liefert nur B2B. Wir ben\u00f6tigen einen Firmennamen f\u00fcr die Rechnungsstellung und Lieferung Ihrer Artikel.<\/td>\r\n  <\/tr>\r\n  <tr>\r\n    <td>Adresse und Wohnort:<\/td>\r\n    <td>Ohne Ihre Adressdaten k\u00f6nnen wir keine Sachen bei Ihnen bekommen. Und haben Sie mehrere Adressen? Zum Beispiel eine separate Lieferadresse und Rechnungsadresse? Dann brauchen wir nat\u00fcrlich alle.<\/td>\r\n  <\/tr>\r\n    <tr>\r\n    <td>IP-Adresse:<\/td>\r\n    <td>Wenn Sie unsere Website besuchen, sehen wir Ihre IP-Adresse. Wir erinnern uns so an Ihre Vorlieben.<\/td>\r\n  <\/tr>\r\n  <tr>\r\n    <td>Telefonnummern:<\/td>\r\n    <td>Es kann sein, dass wir in dem Moment Fragen an Sie haben, an denen wir f\u00fcr Sie arbeiten. Oder dass es beim Transport Probleme gibt. Dann ist es sch\u00f6n, auch einen Telefonkontakt miteinander zu haben. Und wir denken, es ist wichtig zu pr\u00fcfen, ob wir alles wie gew\u00fcnscht gemacht haben. Zu diesem Thema k\u00f6nnen wir Sie auch anrufen.<\/td>\r\n  <\/tr>\r\n    <tr>\r\n    <td>E-Mail-Adresse:<\/td>\r\n    <td>Wir werden Sie \u00fcber den Fortschritt Ihrer Bestellung per E-Mail auf dem Laufenden halten. Wir senden Ihnen auch die Rechnung an die von Ihnen angegebene Rechnungsadresse. Wir ver\u00f6ffentlichen mehrmals im Jahr einen Newsletter. Wenn Sie die Erlaubnis dazu geben, senden wir Ihnen diesen zu. Und wenn Sie es sich anders \u00fcberlegen und den Newsletter nicht mehr erhalten wollen? Dann stellen wir sicher, dass Sie sich mit einem Link am Ende des Newsletters schnell davon abmelden k\u00f6nnen.<\/td>\r\n  <\/tr>\r\n    <tr>\r\n    <td>Umsatzsteuernummer:<\/td>\r\n    <td>Sind Sie ein Kunde au\u00dferhalb der Niederlande? Dann brauchen wir Ihre Umsatzsteuer-Identifikationsnummer um f\u00fcr 0% Mehrwertsteuer liefern zu k\u00f6nnen.<\/td>\r\n  <\/tr>\r\n    <tr>\r\n    <td>Zahlungsdetails:<\/td>\r\n    <td>Sobald Sie eine Rechnung an uns bezahlen, kennen wir Ihre Kontonummer. Wir verarbeiten diese Nummer in unserer Verwaltung. Dar\u00fcber hinaus verwenden wir Ihre Kontonummer f\u00fcr nichts.<\/td>\r\n  <\/tr>\r\n<\/table>\r\n\t<h2>Wof\u00fcr verwenden wir diese Daten?<\/h2>\r\n\t<style>\r\ntable, th, td {\r\n}\r\nth, td {\r\n  padding: 15px;\r\n}\r\n<\/style>\r\n<table border=\"0\">\r\n  <tr>\r\n    <td>Ihr Konto:<\/td>\r\n    <td>Wir verfolgen, welche Produkte Sie bestellt haben. Aber auch Ihre Rechnungs- und Angebotshistorie. So k\u00f6nnen wir Ihnen bei zuk\u00fcnftigen Bestellungen helfen, aber auch bei bereits get\u00e4tigten Bestellungen. Zum Beispiel mit einer Reparatur. Wenn wir zus\u00e4tzliche Informationen von Ihnen angefordert haben, werden wir dies in Ihrem Konto aufzeichnen. Denken Sie zum Beispiel an ein Geburtsdatum, das wir f\u00fcr ein Zertifikat eines Kurses verwenden, den Sie bei uns absolviert haben.<\/td>\r\n  <\/tr>\r\n  <tr>\r\n    <td>Kundendienst:<\/td>\r\n    <td>Wir m\u00f6chten Ihnen so gut wie m\u00f6glich helfen. Deshalb machen wir zum Beispiel auch Gespr\u00e4chsnotizen. Diese stellen sicher, dass Sie nicht jedes Mal Ihre Geschichte erz\u00e4hlen m\u00fcssen und dass die autorisierten Mitarbeiter von FireWare Ihnen schnell und effektiv helfen k\u00f6nnen.<\/td>\r\n  <\/tr>\r\n  <tr>\r\n    <td>Newsletter:<\/td>\r\n    <td>Wir ver\u00f6ffentlichen mehrmals im Jahr einen Newsletter. Wenn Sie die Erlaubnis dazu geben, senden wir Ihnen diesen zu. Und wenn Sie es sich anders \u00fcberlegen und den Newsletter nicht mehr erhalten wollen? Dann stellen wir sicher, dass Sie sich mit einem Link am Ende des Newsletters schnell davon abmelden k\u00f6nnen.<\/td>\r\n  <\/tr>\r\n    <tr>\r\n    <td>Hinweis:<\/td>\r\n    <td>FireWare steht nicht still. Wir entwerfen kontinuierliche geniale, neue L\u00f6sungen. Und wenn wir denken, dass eine dieser L\u00f6sungen f\u00fcr Sie ideal ist, dann m\u00f6chten wir Sie informieren. Per E-Mail, Telefon oder Post.<\/td>\r\n  <\/tr>\r\n  <tr>\r\n    <td>Verbesserung:<\/td>\r\n    <td>Kontinuierliche Verbesserung ist einer der Kernwerte von FireWare. Wir brauchen Daten daf\u00fcr. Auf der Website betrachten wir Ihr Surfverhalten. Das machen wir zum Beispiel \u00fcber Cookies. Wir k\u00f6nnen aber auch zum Beispiel auf Sie zukommen, um Teil eines Testpanels zu werden. Mit Ihren Daten machen wir bessere Produkte und Dienstleistungen. Wir werden Ihre Daten selbstverst\u00e4ndlich ordnungsgem\u00e4\u00df behandeln.<\/td>\r\n  <\/tr>\r\n    <tr>\r\n    <td>Betrugspr\u00e4vention:<\/td>\r\n    <td>Betrug kommt leider vor. Und das wollen wir vermeiden: Zum Beispiel meldet sich jemand anderes auf unserer Website an und erteilt Bestellungen unter Ihrem Namen. Oder jemand mietet Material und bringt es nicht zur\u00fcck. Aus diesem Grund k\u00f6nnen wir Ihre Daten verwenden, um zu \u00fcberpr\u00fcfen, ob Sie wirklich der sind, von dem Sie sagen, dass Sie es sind. Wir gehen immer vom Guten im Menschen aus. Sollten wir jedoch auf Betrug sto\u00dfen, m\u00fcssen wir Ihre Daten an die Beh\u00f6rden weitergeben.<\/td>\r\n  <\/tr>\r\n    <tr>\r\n    <td>Kauf auf Rechnung:<\/td>\r\n    <td>Wenn Sie eine Bestellung auf Rechnung aufgeben, k\u00f6nnen wir Ihre Kreditw\u00fcrdigkeit \u00fcberpr\u00fcfen. Und manchmal kommt es vor, dass wir einen Anwalt, ein Inkassob\u00fcro oder einen Gerichtsvollzieher benutzen m\u00fcssen, um unbezahlte Rechnungen einzutreiben. Wir verwenden daf\u00fcr externe Parteien. Nat\u00fcrlich teilen wir Ihre Daten mit diesen. Diese Parteien d\u00fcrfen diese Informationen nur f\u00fcr diesen Zweck verwenden.<\/td>\r\n  <\/tr>\r\n<\/table>\r\n\t<h2>Daten einsehen, \u00e4ndern oder l\u00f6schen?<\/h2>\r\n<p>M\u00f6chten Sie die Daten, die wir von Ihnen haben, einsehen? Kein Problem! Senden Sie eine E-Mail an <a href=\"mailto:info@FireWare.nl\">info@FireWare.nl<\/a> und wir zeigen Ihnen, welche Daten wir \u00fcber Sie haben. Nat\u00fcrlich ist es auch m\u00f6glich, Ihre Daten \u00fcber Jacqueline zu \u00e4ndern oder aus unserem System zu entfernen.<\/p>\r\n<p>Wenn Sie jedoch eine Bestellung bei uns aufgegeben haben, werden Ihre Daten auf der Rechnung f\u00fcr 7 Jahre aufbewahrt. Wir k\u00f6nnen und d\u00fcrfen diese nicht entfernen. Nach 7 Jahren l\u00f6schen wir dann alle Daten.<\/p>\r\n","protected":false},"excerpt":{"rendered":"<p>Datenschutzerkl\u00e4rung von FireWare Wenn Sie etwas bei FireWare bestellen, einen Kurs besuchen oder bei uns etwas mieten oder einen Service<span class=\"excerpt-ellipsis\">&#8230;<\/span><\/p>\n","protected":false},"author":2,"featured_media":0,"parent":0,"menu_order":0,"comment_status":"closed","ping_status":"closed","template":"","meta":{"footnotes":""},"class_list":["post-7803","page","type-page","status-publish","hentry"],"yoast_head":"<!-- This site is optimized with the Yoast SEO plugin v27.4 - https:\/\/yoast.com\/product\/yoast-seo-wordpress\/ -->\n<title>Datenschutzerkl\u00e4rung - FireWare<\/title>\n<meta name=\"robots\" content=\"index, follow, max-snippet:-1, max-image-preview:large, max-video-preview:-1\" \/>\n<link rel=\"canonical\" href=\"https:\/\/www.fireware.nl\/de\/impressum\/\" \/>\n<meta property=\"og:locale\" content=\"de_DE\" \/>\n<meta property=\"og:type\" content=\"article\" \/>\n<meta property=\"og:title\" content=\"Datenschutzerkl\u00e4rung - FireWare\" \/>\n<meta property=\"og:description\" content=\"Datenschutzerkl\u00e4rung von FireWare Wenn Sie etwas bei FireWare bestellen, einen Kurs besuchen oder bei uns etwas mieten oder einen Service...\" \/>\n<meta property=\"og:url\" content=\"https:\/\/www.fireware.nl\/de\/impressum\/\" \/>\n<meta property=\"og:site_name\" content=\"FireWare\" \/>\n<meta property=\"article:publisher\" content=\"https:\/\/www.facebook.com\/FireWareBV\/\" \/>\n<meta property=\"article:modified_time\" content=\"2023-03-07T09:58:31+00:00\" \/>\n<meta name=\"twitter:card\" content=\"summary_large_image\" \/>\n<meta name=\"twitter:site\" content=\"@FireWarebv\" \/>\n<meta name=\"twitter:label1\" content=\"Gesch\u00e4tzte Lesezeit\" \/>\n\t<meta name=\"twitter:data1\" content=\"5\u00a0Minuten\" \/>\n<script type=\"application\/ld+json\" class=\"yoast-schema-graph\">{\"@context\":\"https:\\\/\\\/schema.org\",\"@graph\":[{\"@type\":\"WebPage\",\"@id\":\"https:\\\/\\\/www.fireware.nl\\\/de\\\/impressum\\\/\",\"url\":\"https:\\\/\\\/www.fireware.nl\\\/de\\\/impressum\\\/\",\"name\":\"Datenschutzerkl\u00e4rung - FireWare\",\"isPartOf\":{\"@id\":\"https:\\\/\\\/www.fireware.nl\\\/de\\\/#website\"},\"datePublished\":\"2018-05-23T13:56:35+00:00\",\"dateModified\":\"2023-03-07T09:58:31+00:00\",\"breadcrumb\":{\"@id\":\"https:\\\/\\\/www.fireware.nl\\\/de\\\/impressum\\\/#breadcrumb\"},\"inLanguage\":\"de\",\"potentialAction\":[{\"@type\":\"ReadAction\",\"target\":[\"https:\\\/\\\/www.fireware.nl\\\/de\\\/impressum\\\/\"]}]},{\"@type\":\"BreadcrumbList\",\"@id\":\"https:\\\/\\\/www.fireware.nl\\\/de\\\/impressum\\\/#breadcrumb\",\"itemListElement\":[{\"@type\":\"ListItem\",\"position\":1,\"name\":\"Home\",\"item\":\"https:\\\/\\\/www.fireware.nl\\\/de\\\/\"},{\"@type\":\"ListItem\",\"position\":2,\"name\":\"Datenschutzerkl\u00e4rung\"}]},{\"@type\":\"WebSite\",\"@id\":\"https:\\\/\\\/www.fireware.nl\\\/de\\\/#website\",\"url\":\"https:\\\/\\\/www.fireware.nl\\\/de\\\/\",\"name\":\"FireWare\",\"description\":\"CREATING REALISTIC  TRAINING ENVIRONMENTS\",\"publisher\":{\"@id\":\"https:\\\/\\\/www.fireware.nl\\\/de\\\/#organization\"},\"potentialAction\":[{\"@type\":\"SearchAction\",\"target\":{\"@type\":\"EntryPoint\",\"urlTemplate\":\"https:\\\/\\\/www.fireware.nl\\\/de\\\/?s={search_term_string}\"},\"query-input\":{\"@type\":\"PropertyValueSpecification\",\"valueRequired\":true,\"valueName\":\"search_term_string\"}}],\"inLanguage\":\"de\"},{\"@type\":\"Organization\",\"@id\":\"https:\\\/\\\/www.fireware.nl\\\/de\\\/#organization\",\"name\":\"FireWare\",\"url\":\"https:\\\/\\\/www.fireware.nl\\\/de\\\/\",\"logo\":{\"@type\":\"ImageObject\",\"inLanguage\":\"de\",\"@id\":\"https:\\\/\\\/www.fireware.nl\\\/de\\\/#\\\/schema\\\/logo\\\/image\\\/\",\"url\":\"https:\\\/\\\/www.fireware.nl\\\/wp-content\\\/uploads\\\/2018\\\/10\\\/fireware-logo.png\",\"contentUrl\":\"https:\\\/\\\/www.fireware.nl\\\/wp-content\\\/uploads\\\/2018\\\/10\\\/fireware-logo.png\",\"width\":200,\"height\":86,\"caption\":\"FireWare\"},\"image\":{\"@id\":\"https:\\\/\\\/www.fireware.nl\\\/de\\\/#\\\/schema\\\/logo\\\/image\\\/\"},\"sameAs\":[\"https:\\\/\\\/www.facebook.com\\\/FireWareBV\\\/\",\"https:\\\/\\\/x.com\\\/FireWarebv\",\"https:\\\/\\\/www.instagram.com\\\/fireware_nl\\\/\",\"https:\\\/\\\/www.linkedin.com\\\/company\\\/3586017\\\/\",\"https:\\\/\\\/www.youtube.com\\\/user\\\/firesalesrentconsult\"]}]}<\/script>\n<!-- \/ Yoast SEO plugin. -->","yoast_head_json":{"title":"Datenschutzerkl\u00e4rung - FireWare","robots":{"index":"index","follow":"follow","max-snippet":"max-snippet:-1","max-image-preview":"max-image-preview:large","max-video-preview":"max-video-preview:-1"},"canonical":"https:\/\/www.fireware.nl\/de\/impressum\/","og_locale":"de_DE","og_type":"article","og_title":"Datenschutzerkl\u00e4rung - FireWare","og_description":"Datenschutzerkl\u00e4rung von FireWare Wenn Sie etwas bei FireWare bestellen, einen Kurs besuchen oder bei uns etwas mieten oder einen Service...","og_url":"https:\/\/www.fireware.nl\/de\/impressum\/","og_site_name":"FireWare","article_publisher":"https:\/\/www.facebook.com\/FireWareBV\/","article_modified_time":"2023-03-07T09:58:31+00:00","twitter_card":"summary_large_image","twitter_site":"@FireWarebv","twitter_misc":{"Gesch\u00e4tzte Lesezeit":"5\u00a0Minuten"},"schema":{"@context":"https:\/\/schema.org","@graph":[{"@type":"WebPage","@id":"https:\/\/www.fireware.nl\/de\/impressum\/","url":"https:\/\/www.fireware.nl\/de\/impressum\/","name":"Datenschutzerkl\u00e4rung - FireWare","isPartOf":{"@id":"https:\/\/www.fireware.nl\/de\/#website"},"datePublished":"2018-05-23T13:56:35+00:00","dateModified":"2023-03-07T09:58:31+00:00","breadcrumb":{"@id":"https:\/\/www.fireware.nl\/de\/impressum\/#breadcrumb"},"inLanguage":"de","potentialAction":[{"@type":"ReadAction","target":["https:\/\/www.fireware.nl\/de\/impressum\/"]}]},{"@type":"BreadcrumbList","@id":"https:\/\/www.fireware.nl\/de\/impressum\/#breadcrumb","itemListElement":[{"@type":"ListItem","position":1,"name":"Home","item":"https:\/\/www.fireware.nl\/de\/"},{"@type":"ListItem","position":2,"name":"Datenschutzerkl\u00e4rung"}]},{"@type":"WebSite","@id":"https:\/\/www.fireware.nl\/de\/#website","url":"https:\/\/www.fireware.nl\/de\/","name":"FireWare","description":"CREATING REALISTIC  TRAINING ENVIRONMENTS","publisher":{"@id":"https:\/\/www.fireware.nl\/de\/#organization"},"potentialAction":[{"@type":"SearchAction","target":{"@type":"EntryPoint","urlTemplate":"https:\/\/www.fireware.nl\/de\/?s={search_term_string}"},"query-input":{"@type":"PropertyValueSpecification","valueRequired":true,"valueName":"search_term_string"}}],"inLanguage":"de"},{"@type":"Organization","@id":"https:\/\/www.fireware.nl\/de\/#organization","name":"FireWare","url":"https:\/\/www.fireware.nl\/de\/","logo":{"@type":"ImageObject","inLanguage":"de","@id":"https:\/\/www.fireware.nl\/de\/#\/schema\/logo\/image\/","url":"https:\/\/www.fireware.nl\/wp-content\/uploads\/2018\/10\/fireware-logo.png","contentUrl":"https:\/\/www.fireware.nl\/wp-content\/uploads\/2018\/10\/fireware-logo.png","width":200,"height":86,"caption":"FireWare"},"image":{"@id":"https:\/\/www.fireware.nl\/de\/#\/schema\/logo\/image\/"},"sameAs":["https:\/\/www.facebook.com\/FireWareBV\/","https:\/\/x.com\/FireWarebv","https:\/\/www.instagram.com\/fireware_nl\/","https:\/\/www.linkedin.com\/company\/3586017\/","https:\/\/www.youtube.com\/user\/firesalesrentconsult"]}]}},"publishpress_future_action":{"enabled":false,"date":"2026-04-29 08:25:31","action":"change-status","newStatus":"draft","terms":[],"taxonomy":"translation_priority","extraData":[]},"publishpress_future_workflow_manual_trigger":{"enabledWorkflows":[]},"_links":{"self":[{"href":"https:\/\/www.fireware.nl\/de\/wp-json\/wp\/v2\/pages\/7803","targetHints":{"allow":["GET"]}}],"collection":[{"href":"https:\/\/www.fireware.nl\/de\/wp-json\/wp\/v2\/pages"}],"about":[{"href":"https:\/\/www.fireware.nl\/de\/wp-json\/wp\/v2\/types\/page"}],"author":[{"embeddable":true,"href":"https:\/\/www.fireware.nl\/de\/wp-json\/wp\/v2\/users\/2"}],"replies":[{"embeddable":true,"href":"https:\/\/www.fireware.nl\/de\/wp-json\/wp\/v2\/comments?post=7803"}],"version-history":[{"count":0,"href":"https:\/\/www.fireware.nl\/de\/wp-json\/wp\/v2\/pages\/7803\/revisions"}],"wp:attachment":[{"href":"https:\/\/www.fireware.nl\/de\/wp-json\/wp\/v2\/media?parent=7803"}],"curies":[{"name":"wp","href":"https:\/\/api.w.org\/{rel}","templated":true}]}}