
{"id":58616,"date":"2021-03-22T13:24:30","date_gmt":"2021-03-22T13:24:30","guid":{"rendered":"https:\/\/www.fireware.nl\/design\/fireware-studio\/"},"modified":"2021-03-22T13:25:24","modified_gmt":"2021-03-22T13:25:24","slug":"fireware-studio","status":"publish","type":"page","link":"https:\/\/www.fireware.nl\/de\/design\/fireware-studio\/","title":{"rendered":"FireWare-Studio"},"content":{"rendered":"\n\n\t\t\t\t<img decoding=\"async\" src=\"https:\/\/www.fireware.nl\/wp-content\/uploads\/2020\/09\/FireWare-studio.jpg\" alt=\"FireWare studio\" itemprop=\"image\" height=\"800\" width=\"2200\" title=\"FireWare studio\" onerror=\"this.style.display='none'\"  \/>\n\t\n\t\t\t\t<img decoding=\"async\" src=\"https:\/\/www.fireware.nl\/wp-content\/uploads\/2020\/09\/Studio-Melissa.jpg\" alt=\"Studio Melissa\" itemprop=\"image\" height=\"800\" width=\"800\" title=\"Studio Melissa\" onerror=\"this.style.display='none'\"  \/>\n\t<h2>Das k\u00f6nnen Sie erwarten<\/h2>\n<ul>\n<li>ein ger\u00e4umiges Studio, in dem Sie mit sicherem Abstand voneinander arbeiten k\u00f6nnen;<\/li>\n<li>Aufnahmen in Ihrem Hausstil; Farbe, Logos, Countdown-Uhr und Schlussinsert;<\/li>\n<li>virtuelle Dekors mittels Greenscreen und Bluescreen;<\/li>\n<li>kristallklarer Sound und drahtlose Mikrofone;<\/li>\n<li>den Dialog mit Ihrem Publikum \u00fcber Ihren eigenen Videoserver unter Ihrer eigenen Regie;<\/li>\n<li>Live-Umschaltung zwischen bis zu 5 HD-Kameras durch unseren Schalttechniker;<\/li>\n<li>die Verwendung von 360-Grad-Kameras und 3D-Kameras;<\/li>\n<li>ein Moderator, der Ihre digitale Sitzung managet;<\/li>\n<li>ausreichende Bandbreite mithilfe von zwei Glasfaserverbindungen;<\/li>\n<li>digitale Sitzungen werden aufgezeichnet und Ihnen anschlie\u00dfend mitgegeben;<\/li>\n<li>unser Designteam steht bereit, um die Aufnahmen nachzubearbeiten;<\/li>\n<li>die Verf\u00fcgbarkeit einer Tonaufnahmekabine und eines Produktfototisches;<\/li>\n<li>unbegrenzt Kaffee, Tee, Erfrischungsgetr\u00e4nke und eine kostenlose Reinigung;<\/li>\n<li>Parken vor der T\u00fcr ohne mobile Apps.<\/li>\n<li>Sind Sie Interessiert? Laden Sie sich sofort ein Angebot herunter!<\/li>\n<\/ul>\n\t<h2>Haben Sie Interesse?<\/h2>\n\t<p>M\u00f6chten Sie das FireWare-Studio verwenden? Wir bieten verschiedene Optionen im Bereich der Studiovermietung an. Zum Beispiel haben wir praktische Gesamtpakete f\u00fcr Sie zusammengestellt. Dann wissen Sie sofort, welche Kosten auf Sie zukommen, ohne \u00dcberraschungen. Haben Sie noch Fragen oder m\u00f6chten Sie mehr \u00fcber die M\u00f6glichkeiten erfahren? Z\u00f6gern Sie nicht, uns anzurufen. Gerne beantworten wir alle Ihre Fragen.<\/p>\n\t\t\t\t<a href=\"https:\/\/www.fireware.nl\/wp-content\/uploads\/2020\/10\/Illustraties-1.jpg\" target=\"_self\" itemprop=\"url\" rel=\"noopener\">\n\t\t\t\t<img decoding=\"async\" src=\"https:\/\/www.fireware.nl\/wp-content\/uploads\/2020\/10\/Illustraties-1.jpg\" alt=\"Illustraties\" itemprop=\"image\" height=\"400\" width=\"715\" title=\"Illustraties\" onerror=\"this.style.display='none'\"  \/>\n\t\t\t\t<\/a>\n\t\t\t\t<a href=\"https:\/\/www.fireware.nl\/wp-content\/uploads\/2020\/10\/Klussen.jpg\" target=\"_self\" itemprop=\"url\" rel=\"noopener\">\n\t\t\t\t<img decoding=\"async\" src=\"https:\/\/www.fireware.nl\/wp-content\/uploads\/2020\/10\/Klussen.jpg\" alt=\"Klussen\" itemprop=\"image\" height=\"400\" width=\"715\" title=\"Klussen\" onerror=\"this.style.display='none'\"  \/>\n\t\t\t\t<\/a>\n\t\t\t\t<a href=\"https:\/\/www.fireware.nl\/wp-content\/uploads\/2020\/10\/Fototafel.jpg\" target=\"_self\" itemprop=\"url\" rel=\"noopener\">\n\t\t\t\t<img decoding=\"async\" src=\"https:\/\/www.fireware.nl\/wp-content\/uploads\/2020\/10\/Fototafel.jpg\" alt=\"Fototafel\" itemprop=\"image\" height=\"400\" width=\"715\" title=\"Fototafel\" onerror=\"this.style.display='none'\"  \/>\n\t\t\t\t<\/a>\n\t\t\t\t<a href=\"https:\/\/www.fireware.nl\/wp-content\/uploads\/2020\/10\/Lego-tafel.jpg\" target=\"_self\" itemprop=\"url\" rel=\"noopener\">\n\t\t\t\t<img decoding=\"async\" src=\"https:\/\/www.fireware.nl\/wp-content\/uploads\/2020\/10\/Lego-tafel.jpg\" alt=\"Lego tafel\" itemprop=\"image\" height=\"400\" width=\"715\" title=\"Lego tafel\" onerror=\"this.style.display='none'\"  \/>\n\t\t\t\t<\/a>\n\t\t\t\t<a href=\"https:\/\/www.fireware.nl\/wp-content\/uploads\/2020\/10\/Geluidsstudio.jpg\" target=\"_self\" itemprop=\"url\" rel=\"noopener\">\n\t\t\t\t<img decoding=\"async\" src=\"https:\/\/www.fireware.nl\/wp-content\/uploads\/2020\/10\/Geluidsstudio.jpg\" alt=\"Geluidsstudio\" itemprop=\"image\" height=\"400\" width=\"715\" title=\"Geluidsstudio\" onerror=\"this.style.display='none'\"  \/>\n\t\t\t\t<\/a>\n\t\t\t\t<a href=\"https:\/\/www.fireware.nl\/wp-content\/uploads\/2020\/10\/Greenscreen.jpg\" target=\"_self\" itemprop=\"url\" rel=\"noopener\">\n\t\t\t\t<img decoding=\"async\" src=\"https:\/\/www.fireware.nl\/wp-content\/uploads\/2020\/10\/Greenscreen.jpg\" alt=\"Greenscreen\" itemprop=\"image\" height=\"400\" width=\"715\" title=\"Greenscreen\" onerror=\"this.style.display='none'\"  \/>\n\t\t\t\t<\/a>\n\n","protected":false},"excerpt":{"rendered":"<p>Das k\u00f6nnen Sie erwarten ein ger\u00e4umiges Studio, in dem Sie mit sicherem Abstand voneinander arbeiten k\u00f6nnen; Aufnahmen in Ihrem Hausstil;<span class=\"excerpt-ellipsis\">&#8230;<\/span><\/p>\n","protected":false},"author":9,"featured_media":0,"parent":10299,"menu_order":0,"comment_status":"closed","ping_status":"closed","template":"","meta":{"footnotes":""},"class_list":["post-58616","page","type-page","status-publish","hentry"],"yoast_head":"<!-- This site is optimized with the Yoast SEO plugin v27.4 - https:\/\/yoast.com\/product\/yoast-seo-wordpress\/ -->\n<title>FireWare-Studio - FireWare<\/title>\n<meta name=\"robots\" content=\"index, follow, max-snippet:-1, max-image-preview:large, max-video-preview:-1\" \/>\n<link rel=\"canonical\" href=\"https:\/\/www.fireware.nl\/de\/design\/fireware-studio\/\" \/>\n<meta property=\"og:locale\" content=\"de_DE\" \/>\n<meta property=\"og:type\" content=\"article\" \/>\n<meta property=\"og:title\" content=\"FireWare Studio: Laden Sie die kostenlose Brosch\u00fcre herunter\" \/>\n<meta property=\"og:description\" content=\"Wissen digital in Ihrer eigenen Corporate Identity \u00fcbertragen!\" \/>\n<meta property=\"og:url\" content=\"https:\/\/www.fireware.nl\/de\/design\/fireware-studio\/\" \/>\n<meta property=\"og:site_name\" content=\"FireWare\" \/>\n<meta property=\"article:publisher\" content=\"https:\/\/www.facebook.com\/FireWareBV\/\" \/>\n<meta property=\"article:modified_time\" content=\"2021-03-22T13:25:24+00:00\" \/>\n<meta property=\"og:image\" content=\"https:\/\/www.fireware.nl\/wp-content\/uploads\/2020\/10\/Studio-brochure.jpg\" \/>\n<meta name=\"twitter:card\" content=\"summary_large_image\" \/>\n<meta name=\"twitter:site\" content=\"@FireWarebv\" \/>\n<meta name=\"twitter:label1\" content=\"Gesch\u00e4tzte Lesezeit\" \/>\n\t<meta name=\"twitter:data1\" content=\"1\u00a0Minute\" \/>\n<script type=\"application\/ld+json\" class=\"yoast-schema-graph\">{\"@context\":\"https:\\\/\\\/schema.org\",\"@graph\":[{\"@type\":\"WebPage\",\"@id\":\"https:\\\/\\\/www.fireware.nl\\\/de\\\/design\\\/fireware-studio\\\/\",\"url\":\"https:\\\/\\\/www.fireware.nl\\\/de\\\/design\\\/fireware-studio\\\/\",\"name\":\"FireWare-Studio - FireWare\",\"isPartOf\":{\"@id\":\"https:\\\/\\\/www.fireware.nl\\\/de\\\/#website\"},\"primaryImageOfPage\":{\"@id\":\"https:\\\/\\\/www.fireware.nl\\\/de\\\/design\\\/fireware-studio\\\/#primaryimage\"},\"image\":{\"@id\":\"https:\\\/\\\/www.fireware.nl\\\/de\\\/design\\\/fireware-studio\\\/#primaryimage\"},\"thumbnailUrl\":\"https:\\\/\\\/www.fireware.nl\\\/wp-content\\\/uploads\\\/2020\\\/09\\\/FireWare-studio.jpg\",\"datePublished\":\"2021-03-22T13:24:30+00:00\",\"dateModified\":\"2021-03-22T13:25:24+00:00\",\"breadcrumb\":{\"@id\":\"https:\\\/\\\/www.fireware.nl\\\/de\\\/design\\\/fireware-studio\\\/#breadcrumb\"},\"inLanguage\":\"de\",\"potentialAction\":[{\"@type\":\"ReadAction\",\"target\":[\"https:\\\/\\\/www.fireware.nl\\\/de\\\/design\\\/fireware-studio\\\/\"]}]},{\"@type\":\"ImageObject\",\"inLanguage\":\"de\",\"@id\":\"https:\\\/\\\/www.fireware.nl\\\/de\\\/design\\\/fireware-studio\\\/#primaryimage\",\"url\":\"https:\\\/\\\/www.fireware.nl\\\/wp-content\\\/uploads\\\/2020\\\/09\\\/FireWare-studio.jpg\",\"contentUrl\":\"https:\\\/\\\/www.fireware.nl\\\/wp-content\\\/uploads\\\/2020\\\/09\\\/FireWare-studio.jpg\"},{\"@type\":\"BreadcrumbList\",\"@id\":\"https:\\\/\\\/www.fireware.nl\\\/de\\\/design\\\/fireware-studio\\\/#breadcrumb\",\"itemListElement\":[{\"@type\":\"ListItem\",\"position\":1,\"name\":\"Home\",\"item\":\"https:\\\/\\\/www.fireware.nl\\\/de\\\/\"},{\"@type\":\"ListItem\",\"position\":2,\"name\":\"Design\",\"item\":\"https:\\\/\\\/www.fireware.nl\\\/de\\\/design\\\/\"},{\"@type\":\"ListItem\",\"position\":3,\"name\":\"FireWare-Studio\"}]},{\"@type\":\"WebSite\",\"@id\":\"https:\\\/\\\/www.fireware.nl\\\/de\\\/#website\",\"url\":\"https:\\\/\\\/www.fireware.nl\\\/de\\\/\",\"name\":\"FireWare\",\"description\":\"CREATING REALISTIC  TRAINING ENVIRONMENTS\",\"publisher\":{\"@id\":\"https:\\\/\\\/www.fireware.nl\\\/de\\\/#organization\"},\"potentialAction\":[{\"@type\":\"SearchAction\",\"target\":{\"@type\":\"EntryPoint\",\"urlTemplate\":\"https:\\\/\\\/www.fireware.nl\\\/de\\\/?s={search_term_string}\"},\"query-input\":{\"@type\":\"PropertyValueSpecification\",\"valueRequired\":true,\"valueName\":\"search_term_string\"}}],\"inLanguage\":\"de\"},{\"@type\":\"Organization\",\"@id\":\"https:\\\/\\\/www.fireware.nl\\\/de\\\/#organization\",\"name\":\"FireWare\",\"url\":\"https:\\\/\\\/www.fireware.nl\\\/de\\\/\",\"logo\":{\"@type\":\"ImageObject\",\"inLanguage\":\"de\",\"@id\":\"https:\\\/\\\/www.fireware.nl\\\/de\\\/#\\\/schema\\\/logo\\\/image\\\/\",\"url\":\"https:\\\/\\\/www.fireware.nl\\\/wp-content\\\/uploads\\\/2018\\\/10\\\/fireware-logo.png\",\"contentUrl\":\"https:\\\/\\\/www.fireware.nl\\\/wp-content\\\/uploads\\\/2018\\\/10\\\/fireware-logo.png\",\"width\":200,\"height\":86,\"caption\":\"FireWare\"},\"image\":{\"@id\":\"https:\\\/\\\/www.fireware.nl\\\/de\\\/#\\\/schema\\\/logo\\\/image\\\/\"},\"sameAs\":[\"https:\\\/\\\/www.facebook.com\\\/FireWareBV\\\/\",\"https:\\\/\\\/x.com\\\/FireWarebv\",\"https:\\\/\\\/www.instagram.com\\\/fireware_nl\\\/\",\"https:\\\/\\\/www.linkedin.com\\\/company\\\/3586017\\\/\",\"https:\\\/\\\/www.youtube.com\\\/user\\\/firesalesrentconsult\"]}]}<\/script>\n<!-- \/ Yoast SEO plugin. -->","yoast_head_json":{"title":"FireWare-Studio - FireWare","robots":{"index":"index","follow":"follow","max-snippet":"max-snippet:-1","max-image-preview":"max-image-preview:large","max-video-preview":"max-video-preview:-1"},"canonical":"https:\/\/www.fireware.nl\/de\/design\/fireware-studio\/","og_locale":"de_DE","og_type":"article","og_title":"FireWare Studio: Laden Sie die kostenlose Brosch\u00fcre herunter","og_description":"Wissen digital in Ihrer eigenen Corporate Identity \u00fcbertragen!","og_url":"https:\/\/www.fireware.nl\/de\/design\/fireware-studio\/","og_site_name":"FireWare","article_publisher":"https:\/\/www.facebook.com\/FireWareBV\/","article_modified_time":"2021-03-22T13:25:24+00:00","og_image":[{"url":"https:\/\/www.fireware.nl\/wp-content\/uploads\/2020\/10\/Studio-brochure.jpg","type":"","width":"","height":""}],"twitter_card":"summary_large_image","twitter_site":"@FireWarebv","twitter_misc":{"Gesch\u00e4tzte Lesezeit":"1\u00a0Minute"},"schema":{"@context":"https:\/\/schema.org","@graph":[{"@type":"WebPage","@id":"https:\/\/www.fireware.nl\/de\/design\/fireware-studio\/","url":"https:\/\/www.fireware.nl\/de\/design\/fireware-studio\/","name":"FireWare-Studio - FireWare","isPartOf":{"@id":"https:\/\/www.fireware.nl\/de\/#website"},"primaryImageOfPage":{"@id":"https:\/\/www.fireware.nl\/de\/design\/fireware-studio\/#primaryimage"},"image":{"@id":"https:\/\/www.fireware.nl\/de\/design\/fireware-studio\/#primaryimage"},"thumbnailUrl":"https:\/\/www.fireware.nl\/wp-content\/uploads\/2020\/09\/FireWare-studio.jpg","datePublished":"2021-03-22T13:24:30+00:00","dateModified":"2021-03-22T13:25:24+00:00","breadcrumb":{"@id":"https:\/\/www.fireware.nl\/de\/design\/fireware-studio\/#breadcrumb"},"inLanguage":"de","potentialAction":[{"@type":"ReadAction","target":["https:\/\/www.fireware.nl\/de\/design\/fireware-studio\/"]}]},{"@type":"ImageObject","inLanguage":"de","@id":"https:\/\/www.fireware.nl\/de\/design\/fireware-studio\/#primaryimage","url":"https:\/\/www.fireware.nl\/wp-content\/uploads\/2020\/09\/FireWare-studio.jpg","contentUrl":"https:\/\/www.fireware.nl\/wp-content\/uploads\/2020\/09\/FireWare-studio.jpg"},{"@type":"BreadcrumbList","@id":"https:\/\/www.fireware.nl\/de\/design\/fireware-studio\/#breadcrumb","itemListElement":[{"@type":"ListItem","position":1,"name":"Home","item":"https:\/\/www.fireware.nl\/de\/"},{"@type":"ListItem","position":2,"name":"Design","item":"https:\/\/www.fireware.nl\/de\/design\/"},{"@type":"ListItem","position":3,"name":"FireWare-Studio"}]},{"@type":"WebSite","@id":"https:\/\/www.fireware.nl\/de\/#website","url":"https:\/\/www.fireware.nl\/de\/","name":"FireWare","description":"CREATING REALISTIC  TRAINING ENVIRONMENTS","publisher":{"@id":"https:\/\/www.fireware.nl\/de\/#organization"},"potentialAction":[{"@type":"SearchAction","target":{"@type":"EntryPoint","urlTemplate":"https:\/\/www.fireware.nl\/de\/?s={search_term_string}"},"query-input":{"@type":"PropertyValueSpecification","valueRequired":true,"valueName":"search_term_string"}}],"inLanguage":"de"},{"@type":"Organization","@id":"https:\/\/www.fireware.nl\/de\/#organization","name":"FireWare","url":"https:\/\/www.fireware.nl\/de\/","logo":{"@type":"ImageObject","inLanguage":"de","@id":"https:\/\/www.fireware.nl\/de\/#\/schema\/logo\/image\/","url":"https:\/\/www.fireware.nl\/wp-content\/uploads\/2018\/10\/fireware-logo.png","contentUrl":"https:\/\/www.fireware.nl\/wp-content\/uploads\/2018\/10\/fireware-logo.png","width":200,"height":86,"caption":"FireWare"},"image":{"@id":"https:\/\/www.fireware.nl\/de\/#\/schema\/logo\/image\/"},"sameAs":["https:\/\/www.facebook.com\/FireWareBV\/","https:\/\/x.com\/FireWarebv","https:\/\/www.instagram.com\/fireware_nl\/","https:\/\/www.linkedin.com\/company\/3586017\/","https:\/\/www.youtube.com\/user\/firesalesrentconsult"]}]}},"publishpress_future_action":{"enabled":false,"date":"2026-04-26 14:22:52","action":"change-status","newStatus":"draft","terms":[],"taxonomy":"translation_priority","extraData":[]},"publishpress_future_workflow_manual_trigger":{"enabledWorkflows":[]},"_links":{"self":[{"href":"https:\/\/www.fireware.nl\/de\/wp-json\/wp\/v2\/pages\/58616","targetHints":{"allow":["GET"]}}],"collection":[{"href":"https:\/\/www.fireware.nl\/de\/wp-json\/wp\/v2\/pages"}],"about":[{"href":"https:\/\/www.fireware.nl\/de\/wp-json\/wp\/v2\/types\/page"}],"author":[{"embeddable":true,"href":"https:\/\/www.fireware.nl\/de\/wp-json\/wp\/v2\/users\/9"}],"replies":[{"embeddable":true,"href":"https:\/\/www.fireware.nl\/de\/wp-json\/wp\/v2\/comments?post=58616"}],"version-history":[{"count":0,"href":"https:\/\/www.fireware.nl\/de\/wp-json\/wp\/v2\/pages\/58616\/revisions"}],"up":[{"embeddable":true,"href":"https:\/\/www.fireware.nl\/de\/wp-json\/wp\/v2\/pages\/10299"}],"wp:attachment":[{"href":"https:\/\/www.fireware.nl\/de\/wp-json\/wp\/v2\/media?parent=58616"}],"curies":[{"name":"wp","href":"https:\/\/api.w.org\/{rel}","templated":true}]}}