
{"id":3287,"date":"2017-08-18T09:41:38","date_gmt":"2017-08-18T09:41:38","guid":{"rendered":"http:\/\/exclusive-it-development.nl\/?page_id=3287"},"modified":"2019-02-26T08:56:39","modified_gmt":"2019-02-26T08:56:39","slug":"feuerwehr-ohne-grenzen","status":"publish","type":"page","link":"https:\/\/www.fireware.nl\/de\/sozialverantwortung-und-nachhaltigkeit\/feuerwehr-ohne-grenzen\/","title":{"rendered":"Feuerwehr ohne Grenzen"},"content":{"rendered":"\n\t\t\t\t<img decoding=\"async\" src=\"https:\/\/fireware.nl\/wp-content\/uploads\/2019\/02\/Brandweer-Zonder-Grenzen.jpg\" alt=\"Brandweer Zonder Grenzen\" itemprop=\"image\" title=\"Brandweer Zonder Grenzen\" onerror=\"this.style.display='none'\"  \/>\n\t<p>FireWare hat sich 2015 f\u00fcr einen Zeitraum von 5 Jahren als &#8220;Gold Partner&#8221; mit der Stiftung Feuerwehr ohne Grenzen zusammengeschlossen. Diese Organisation hat zum Ziel, Feuerwehranlagen und -material in den Niederlanden zu sammeln und in Teilen der Welt zur Verf\u00fcgung zu stellen, wo es Feuerwehrorganisationen wesentlich schlechter geht. FireWare unterst\u00fctzt die Stiftung Feuerwehr ohne Grenzen finanziell, mit \u00dcbungsmaterialien und Inszenierungstrainings f\u00fcr ihre Ausbilder.<\/p>\n<p><em>Sie k\u00f6nnen auch helfen!<\/em><\/p>\n<p>FireWare hat ein einzigartiges Sammelprojekt f\u00fcr alte \u00dcbungsmaterialien. \u00dcbungsmaterialien, die in den Niederlanden nicht mehr gebraucht werden, k\u00f6nnen h\u00e4ufig noch in anderen L\u00e4ndern eingesetzt werden.<\/p>\n<p>Sie k\u00f6nnen Ihre alten \u00dcbungsmaterialien bei FireWare abgeben. Gut funktionierende \u00dcbungsmaterialien werden bei FireWare \u00fcberpr\u00fcft und gelagert. Diese Materialien stehen Feuerwehr ohne Grenzen anschlie\u00dfend auf Abruf f\u00fcr verschiedene Projekte zur Verf\u00fcgung. So vermeiden wir ein Lagerproblem bei Feuerwehr ohne Grenzen.<\/p>\n<p>Nicht l\u00e4nger verwendete \u00dcbungsmaterialien werden auseinandergebaut und wiederverwertet. Die Metalle werden verkauft und der Erl\u00f6s kommt vollumf\u00e4nglich der Stiftung Feuerwehr ohne Grenzen zugute. Die Kosten f\u00fcr die Abholung der \u00fcbrigen Abfallstr\u00f6me gehen zu Lasten von FireWare.<\/p>\n<p>Verf\u00fcgen Sie \u00fcber alte \u00dcbungsmaterialien? Dann kontaktieren Sie uns unter\u00a0Info@FireWare.nl. Neugierig auf\u00a0<a href=\"http:\/\/i79136.wix.com\/firefighterswoborder\">Feuerwehr ohne Grenzen<\/a>?<\/p>\n","protected":false},"excerpt":{"rendered":"<p>FireWare hat sich 2015 f\u00fcr einen Zeitraum von 5 Jahren als &#8220;Gold Partner&#8221; mit der Stiftung Feuerwehr ohne Grenzen zusammengeschlossen.<span class=\"excerpt-ellipsis\">&#8230;<\/span><\/p>\n","protected":false},"author":2,"featured_media":0,"parent":2620,"menu_order":0,"comment_status":"closed","ping_status":"closed","template":"","meta":{"footnotes":""},"class_list":["post-3287","page","type-page","status-publish","hentry"],"yoast_head":"<!-- This site is optimized with the Yoast SEO plugin v27.4 - https:\/\/yoast.com\/product\/yoast-seo-wordpress\/ -->\n<title>Feuerwehr ohne Grenzen - FireWare<\/title>\n<meta name=\"robots\" content=\"index, follow, max-snippet:-1, max-image-preview:large, max-video-preview:-1\" \/>\n<link rel=\"canonical\" href=\"https:\/\/www.fireware.nl\/de\/sozialverantwortung-und-nachhaltigkeit\/feuerwehr-ohne-grenzen\/\" \/>\n<meta property=\"og:locale\" content=\"de_DE\" \/>\n<meta property=\"og:type\" content=\"article\" \/>\n<meta property=\"og:title\" content=\"Feuerwehr ohne Grenzen - FireWare\" \/>\n<meta property=\"og:description\" content=\"FireWare hat sich 2015 f\u00fcr einen Zeitraum von 5 Jahren als &#8220;Gold Partner&#8221; mit der Stiftung Feuerwehr ohne Grenzen zusammengeschlossen....\" \/>\n<meta property=\"og:url\" content=\"https:\/\/www.fireware.nl\/de\/sozialverantwortung-und-nachhaltigkeit\/feuerwehr-ohne-grenzen\/\" \/>\n<meta property=\"og:site_name\" content=\"FireWare\" \/>\n<meta property=\"article:publisher\" content=\"https:\/\/www.facebook.com\/FireWareBV\/\" \/>\n<meta property=\"article:modified_time\" content=\"2019-02-26T08:56:39+00:00\" \/>\n<meta property=\"og:image\" content=\"https:\/\/fireware.nl\/wp-content\/uploads\/2019\/02\/Brandweer-Zonder-Grenzen.jpg\" \/>\n<meta name=\"twitter:card\" content=\"summary_large_image\" \/>\n<meta name=\"twitter:site\" content=\"@FireWarebv\" \/>\n<meta name=\"twitter:label1\" content=\"Gesch\u00e4tzte Lesezeit\" \/>\n\t<meta name=\"twitter:data1\" content=\"1\u00a0Minute\" \/>\n<script type=\"application\/ld+json\" class=\"yoast-schema-graph\">{\"@context\":\"https:\\\/\\\/schema.org\",\"@graph\":[{\"@type\":\"WebPage\",\"@id\":\"https:\\\/\\\/www.fireware.nl\\\/de\\\/sozialverantwortung-und-nachhaltigkeit\\\/feuerwehr-ohne-grenzen\\\/\",\"url\":\"https:\\\/\\\/www.fireware.nl\\\/de\\\/sozialverantwortung-und-nachhaltigkeit\\\/feuerwehr-ohne-grenzen\\\/\",\"name\":\"Feuerwehr ohne Grenzen - FireWare\",\"isPartOf\":{\"@id\":\"https:\\\/\\\/www.fireware.nl\\\/de\\\/#website\"},\"primaryImageOfPage\":{\"@id\":\"https:\\\/\\\/www.fireware.nl\\\/de\\\/sozialverantwortung-und-nachhaltigkeit\\\/feuerwehr-ohne-grenzen\\\/#primaryimage\"},\"image\":{\"@id\":\"https:\\\/\\\/www.fireware.nl\\\/de\\\/sozialverantwortung-und-nachhaltigkeit\\\/feuerwehr-ohne-grenzen\\\/#primaryimage\"},\"thumbnailUrl\":\"https:\\\/\\\/fireware.nl\\\/wp-content\\\/uploads\\\/2019\\\/02\\\/Brandweer-Zonder-Grenzen.jpg\",\"datePublished\":\"2017-08-18T09:41:38+00:00\",\"dateModified\":\"2019-02-26T08:56:39+00:00\",\"breadcrumb\":{\"@id\":\"https:\\\/\\\/www.fireware.nl\\\/de\\\/sozialverantwortung-und-nachhaltigkeit\\\/feuerwehr-ohne-grenzen\\\/#breadcrumb\"},\"inLanguage\":\"de\",\"potentialAction\":[{\"@type\":\"ReadAction\",\"target\":[\"https:\\\/\\\/www.fireware.nl\\\/de\\\/sozialverantwortung-und-nachhaltigkeit\\\/feuerwehr-ohne-grenzen\\\/\"]}]},{\"@type\":\"ImageObject\",\"inLanguage\":\"de\",\"@id\":\"https:\\\/\\\/www.fireware.nl\\\/de\\\/sozialverantwortung-und-nachhaltigkeit\\\/feuerwehr-ohne-grenzen\\\/#primaryimage\",\"url\":\"https:\\\/\\\/fireware.nl\\\/wp-content\\\/uploads\\\/2019\\\/02\\\/Brandweer-Zonder-Grenzen.jpg\",\"contentUrl\":\"https:\\\/\\\/fireware.nl\\\/wp-content\\\/uploads\\\/2019\\\/02\\\/Brandweer-Zonder-Grenzen.jpg\"},{\"@type\":\"BreadcrumbList\",\"@id\":\"https:\\\/\\\/www.fireware.nl\\\/de\\\/sozialverantwortung-und-nachhaltigkeit\\\/feuerwehr-ohne-grenzen\\\/#breadcrumb\",\"itemListElement\":[{\"@type\":\"ListItem\",\"position\":1,\"name\":\"Home\",\"item\":\"https:\\\/\\\/www.fireware.nl\\\/de\\\/\"},{\"@type\":\"ListItem\",\"position\":2,\"name\":\"Sozialverantwortung und Nachhaltigkeit\",\"item\":\"https:\\\/\\\/www.fireware.nl\\\/de\\\/sozialverantwortung-und-nachhaltigkeit\\\/\"},{\"@type\":\"ListItem\",\"position\":3,\"name\":\"Feuerwehr ohne Grenzen\"}]},{\"@type\":\"WebSite\",\"@id\":\"https:\\\/\\\/www.fireware.nl\\\/de\\\/#website\",\"url\":\"https:\\\/\\\/www.fireware.nl\\\/de\\\/\",\"name\":\"FireWare\",\"description\":\"CREATING REALISTIC  TRAINING ENVIRONMENTS\",\"publisher\":{\"@id\":\"https:\\\/\\\/www.fireware.nl\\\/de\\\/#organization\"},\"potentialAction\":[{\"@type\":\"SearchAction\",\"target\":{\"@type\":\"EntryPoint\",\"urlTemplate\":\"https:\\\/\\\/www.fireware.nl\\\/de\\\/?s={search_term_string}\"},\"query-input\":{\"@type\":\"PropertyValueSpecification\",\"valueRequired\":true,\"valueName\":\"search_term_string\"}}],\"inLanguage\":\"de\"},{\"@type\":\"Organization\",\"@id\":\"https:\\\/\\\/www.fireware.nl\\\/de\\\/#organization\",\"name\":\"FireWare\",\"url\":\"https:\\\/\\\/www.fireware.nl\\\/de\\\/\",\"logo\":{\"@type\":\"ImageObject\",\"inLanguage\":\"de\",\"@id\":\"https:\\\/\\\/www.fireware.nl\\\/de\\\/#\\\/schema\\\/logo\\\/image\\\/\",\"url\":\"https:\\\/\\\/www.fireware.nl\\\/wp-content\\\/uploads\\\/2018\\\/10\\\/fireware-logo.png\",\"contentUrl\":\"https:\\\/\\\/www.fireware.nl\\\/wp-content\\\/uploads\\\/2018\\\/10\\\/fireware-logo.png\",\"width\":200,\"height\":86,\"caption\":\"FireWare\"},\"image\":{\"@id\":\"https:\\\/\\\/www.fireware.nl\\\/de\\\/#\\\/schema\\\/logo\\\/image\\\/\"},\"sameAs\":[\"https:\\\/\\\/www.facebook.com\\\/FireWareBV\\\/\",\"https:\\\/\\\/x.com\\\/FireWarebv\",\"https:\\\/\\\/www.instagram.com\\\/fireware_nl\\\/\",\"https:\\\/\\\/www.linkedin.com\\\/company\\\/3586017\\\/\",\"https:\\\/\\\/www.youtube.com\\\/user\\\/firesalesrentconsult\"]}]}<\/script>\n<!-- \/ Yoast SEO plugin. -->","yoast_head_json":{"title":"Feuerwehr ohne Grenzen - FireWare","robots":{"index":"index","follow":"follow","max-snippet":"max-snippet:-1","max-image-preview":"max-image-preview:large","max-video-preview":"max-video-preview:-1"},"canonical":"https:\/\/www.fireware.nl\/de\/sozialverantwortung-und-nachhaltigkeit\/feuerwehr-ohne-grenzen\/","og_locale":"de_DE","og_type":"article","og_title":"Feuerwehr ohne Grenzen - FireWare","og_description":"FireWare hat sich 2015 f\u00fcr einen Zeitraum von 5 Jahren als &#8220;Gold Partner&#8221; mit der Stiftung Feuerwehr ohne Grenzen zusammengeschlossen....","og_url":"https:\/\/www.fireware.nl\/de\/sozialverantwortung-und-nachhaltigkeit\/feuerwehr-ohne-grenzen\/","og_site_name":"FireWare","article_publisher":"https:\/\/www.facebook.com\/FireWareBV\/","article_modified_time":"2019-02-26T08:56:39+00:00","og_image":[{"url":"https:\/\/fireware.nl\/wp-content\/uploads\/2019\/02\/Brandweer-Zonder-Grenzen.jpg","type":"","width":"","height":""}],"twitter_card":"summary_large_image","twitter_site":"@FireWarebv","twitter_misc":{"Gesch\u00e4tzte Lesezeit":"1\u00a0Minute"},"schema":{"@context":"https:\/\/schema.org","@graph":[{"@type":"WebPage","@id":"https:\/\/www.fireware.nl\/de\/sozialverantwortung-und-nachhaltigkeit\/feuerwehr-ohne-grenzen\/","url":"https:\/\/www.fireware.nl\/de\/sozialverantwortung-und-nachhaltigkeit\/feuerwehr-ohne-grenzen\/","name":"Feuerwehr ohne Grenzen - FireWare","isPartOf":{"@id":"https:\/\/www.fireware.nl\/de\/#website"},"primaryImageOfPage":{"@id":"https:\/\/www.fireware.nl\/de\/sozialverantwortung-und-nachhaltigkeit\/feuerwehr-ohne-grenzen\/#primaryimage"},"image":{"@id":"https:\/\/www.fireware.nl\/de\/sozialverantwortung-und-nachhaltigkeit\/feuerwehr-ohne-grenzen\/#primaryimage"},"thumbnailUrl":"https:\/\/fireware.nl\/wp-content\/uploads\/2019\/02\/Brandweer-Zonder-Grenzen.jpg","datePublished":"2017-08-18T09:41:38+00:00","dateModified":"2019-02-26T08:56:39+00:00","breadcrumb":{"@id":"https:\/\/www.fireware.nl\/de\/sozialverantwortung-und-nachhaltigkeit\/feuerwehr-ohne-grenzen\/#breadcrumb"},"inLanguage":"de","potentialAction":[{"@type":"ReadAction","target":["https:\/\/www.fireware.nl\/de\/sozialverantwortung-und-nachhaltigkeit\/feuerwehr-ohne-grenzen\/"]}]},{"@type":"ImageObject","inLanguage":"de","@id":"https:\/\/www.fireware.nl\/de\/sozialverantwortung-und-nachhaltigkeit\/feuerwehr-ohne-grenzen\/#primaryimage","url":"https:\/\/fireware.nl\/wp-content\/uploads\/2019\/02\/Brandweer-Zonder-Grenzen.jpg","contentUrl":"https:\/\/fireware.nl\/wp-content\/uploads\/2019\/02\/Brandweer-Zonder-Grenzen.jpg"},{"@type":"BreadcrumbList","@id":"https:\/\/www.fireware.nl\/de\/sozialverantwortung-und-nachhaltigkeit\/feuerwehr-ohne-grenzen\/#breadcrumb","itemListElement":[{"@type":"ListItem","position":1,"name":"Home","item":"https:\/\/www.fireware.nl\/de\/"},{"@type":"ListItem","position":2,"name":"Sozialverantwortung und Nachhaltigkeit","item":"https:\/\/www.fireware.nl\/de\/sozialverantwortung-und-nachhaltigkeit\/"},{"@type":"ListItem","position":3,"name":"Feuerwehr ohne Grenzen"}]},{"@type":"WebSite","@id":"https:\/\/www.fireware.nl\/de\/#website","url":"https:\/\/www.fireware.nl\/de\/","name":"FireWare","description":"CREATING REALISTIC  TRAINING ENVIRONMENTS","publisher":{"@id":"https:\/\/www.fireware.nl\/de\/#organization"},"potentialAction":[{"@type":"SearchAction","target":{"@type":"EntryPoint","urlTemplate":"https:\/\/www.fireware.nl\/de\/?s={search_term_string}"},"query-input":{"@type":"PropertyValueSpecification","valueRequired":true,"valueName":"search_term_string"}}],"inLanguage":"de"},{"@type":"Organization","@id":"https:\/\/www.fireware.nl\/de\/#organization","name":"FireWare","url":"https:\/\/www.fireware.nl\/de\/","logo":{"@type":"ImageObject","inLanguage":"de","@id":"https:\/\/www.fireware.nl\/de\/#\/schema\/logo\/image\/","url":"https:\/\/www.fireware.nl\/wp-content\/uploads\/2018\/10\/fireware-logo.png","contentUrl":"https:\/\/www.fireware.nl\/wp-content\/uploads\/2018\/10\/fireware-logo.png","width":200,"height":86,"caption":"FireWare"},"image":{"@id":"https:\/\/www.fireware.nl\/de\/#\/schema\/logo\/image\/"},"sameAs":["https:\/\/www.facebook.com\/FireWareBV\/","https:\/\/x.com\/FireWarebv","https:\/\/www.instagram.com\/fireware_nl\/","https:\/\/www.linkedin.com\/company\/3586017\/","https:\/\/www.youtube.com\/user\/firesalesrentconsult"]}]}},"publishpress_future_action":{"enabled":false,"date":"2026-04-24 18:26:10","action":"change-status","newStatus":"draft","terms":[],"taxonomy":"translation_priority","extraData":[]},"publishpress_future_workflow_manual_trigger":{"enabledWorkflows":[]},"_links":{"self":[{"href":"https:\/\/www.fireware.nl\/de\/wp-json\/wp\/v2\/pages\/3287","targetHints":{"allow":["GET"]}}],"collection":[{"href":"https:\/\/www.fireware.nl\/de\/wp-json\/wp\/v2\/pages"}],"about":[{"href":"https:\/\/www.fireware.nl\/de\/wp-json\/wp\/v2\/types\/page"}],"author":[{"embeddable":true,"href":"https:\/\/www.fireware.nl\/de\/wp-json\/wp\/v2\/users\/2"}],"replies":[{"embeddable":true,"href":"https:\/\/www.fireware.nl\/de\/wp-json\/wp\/v2\/comments?post=3287"}],"version-history":[{"count":0,"href":"https:\/\/www.fireware.nl\/de\/wp-json\/wp\/v2\/pages\/3287\/revisions"}],"up":[{"embeddable":true,"href":"https:\/\/www.fireware.nl\/de\/wp-json\/wp\/v2\/pages\/2620"}],"wp:attachment":[{"href":"https:\/\/www.fireware.nl\/de\/wp-json\/wp\/v2\/media?parent=3287"}],"curies":[{"name":"wp","href":"https:\/\/api.w.org\/{rel}","templated":true}]}}