
{"id":28876,"date":"2019-04-04T11:20:40","date_gmt":"2019-04-04T11:20:40","guid":{"rendered":"https:\/\/fireware.nl\/konzept\/projektansatz\/"},"modified":"2019-04-04T11:22:22","modified_gmt":"2019-04-04T11:22:22","slug":"projektansatz","status":"publish","type":"page","link":"https:\/\/www.fireware.nl\/de\/design\/projektansatz\/","title":{"rendered":"Projektansatz"},"content":{"rendered":"\n\t<p>Wenn man etwas Gro\u00dfes erreichen will, braucht man manchmal etwas Hilfe von au\u00dfen. Man hat zum Beispiel genau vor Augen, was man erreichen will, wei\u00df aber nicht, wie man es erreichen kann. Oder man hat ein Szenario vor Augen, aber man wei\u00df nicht, wie man es umsetzen soll. Bei FireWare tun wir nichts lieber, als uns zusammensetzen, um ein Projekt zu realisieren. Vom Brainstorming bis zur Auswertung und alles, was auf dem Weg liegt.<\/p>\n<h2>Co-Creation<\/h2>\n<p>Bei FireWare kommen alle Projekte mithilfe der Co-Creation zustande: ein Form der Zusammenarbeit, bei der alle Teilnehmer sowohl Einfluss auf den Prozess als auch auf das Ergebnis dieses Prozesses haben. Alle Kenntnisse und Erfahrungswerte sind f\u00fcr die Schaffung eines gelungenen Projekts nat\u00fcrlich wertvoll. Dar\u00fcber hinaus der Prozess durch den Einsatz der Co-Creation f\u00fcr alle Beteiligten transparent und es kann am Ergebnis gefeilt werden, wobei sich Wunsch und M\u00f6glichkeiten optimal miteinander verbunden werden.<\/p>\n<h2>Die Projektphasen<\/h2>\n<p>Ein Projekt beginnt immer mit einer Brainstorming-Sitzung. Diese kann in dem speziell entwickelten FireWare Brainstorming-Raum in Wieringerwerf oder bei Ihnen vor Ort stattfinden. Man kann das Brainstorming als Teil der <strong><em>Initiativphase<\/em><\/strong> ansehen. Wir haben einen sch\u00f6nen ersten Schritt unternommen, um gemeinsam eine neue Entwicklung einzuleiten. Wir haben dabei unsere Vorstellungen \u00fcber die Form der neuen Entwicklung ausgetauscht.<\/p>\n<p>Nach der inspirierenden Brainstorming-Sitzung ist es gut, \u00fcber die Frage nachzudenken: Wie k\u00f6nnen wir den Output dieses Brainstormings in ein sch\u00f6nes, spannendes Endergebnis umsetzen? Welche Schritte m\u00fcssen wir in welcher Reihenfolge unternehmen und welchen Zeitplan stellen wir uns vor? Damit dies strukturiert abl\u00e4uft, bestehen alle unsere Projekte aus mehreren Phasen:<\/p>\n<ul>\n<li>Initiativphase: <em>Was genau ist das Projekt?<\/em><\/li>\n<li>Definitionsphase: <em>Welche W\u00fcnsche bestehen hinsichtlich des Ergebnisses?<\/em><\/li>\n<li>Designphase: <em>Wie sieht dieses Ergebnis aus?<\/em><\/li>\n<li>Vorbereitungsphase: <em>Was muss alles passieren, bevor wir dieses Ergebnis erreichen k\u00f6nnen?<\/em><\/li>\n<li>Realisierungsphase: <em>Wir bauen es wirklich!<\/em><\/li>\n<li>Nachsorgephase: <em>Pflege und Verwaltung der L\u00f6sung<\/em><\/li>\n<\/ul>\n<p>Nach der Brainstorming-Sitzung\u00a0 folgt die <strong><em>Definitionsphase<\/em><\/strong>. In dieser Phase werden wir das Projekt inhaltlich weiter ausgestalten. Beispielsweise kann ein Programm f\u00fcr die Anforderungen erstellt werden. Wir denken auch \u00fcber die Managementseite dieses Projekts nach. Denken Sie beispielsweise an Aspekte Finanzierung und Zeitplan.<\/p>\n<p>In der <strong><em>Entwurfsphase<\/em><\/strong> erstellen wir einen (endg\u00fcltigen) Entwurf. Wir machen dies auf Basis einer Reihe von Skizzenentw\u00fcrfen, die wir miteinander besprechen. Dazu geh\u00f6rt nat\u00fcrlich auch ein Budget, das zu den Ausgangspunkten der Definitionsphase passt.<\/p>\n<p>Die <strong><em>Vorbereitungsphase<\/em><\/strong> dient, wie der Name schon sagt, zur Vorbereitung der Umsetzungsphase. Denken Sie an die Beschaffungs- und Ausschreibungsprozesse und die Fertigstellung der Planung.<\/p>\n<p>Nach all diesen Vorbereitungen ist es endlich Zeit f\u00fcr die <strong><em>Ausf\u00fchrungsphase<\/em><\/strong>. Es wird tats\u00e4chlich an der L\u00f6sung gebaut. Und wenn alles gut geht, l\u00e4uft die Ausf\u00fchrungsphase dank der guten Vorbereitung reibungslos!<\/p>\n<p>Schlie\u00dflich gibt es die <strong><em>Nachsorgephase<\/em><\/strong>. Hier regeln wir Angelegenheiten wie Garantie, Wartung und kleinere Anpassungen, die anschlie\u00dfend erforderlich werden k\u00f6nnen.<\/p>\n<p>Sind Sie neugierig auf die Projekte, die wir in den letzten Jahren realisiert haben? Klicken Sie dann <a href=\"https:\/\/fireware.nl\/de\/projekten\/\">hier<\/a>.<\/p>\n<p>Haben Sie eine geniale Idee und m\u00f6chten einen Termin f\u00fcr ein Brainstorming vereinbaren? Klicken Sie dann <a href=\"https:\/\/fireware.nl\/de\/kontakt\/\">hier<\/a>.<\/p>\n","protected":false},"excerpt":{"rendered":"<p>Wenn man etwas Gro\u00dfes erreichen will, braucht man manchmal etwas Hilfe von au\u00dfen. Man hat zum Beispiel genau vor Augen,<span class=\"excerpt-ellipsis\">&#8230;<\/span><\/p>\n","protected":false},"author":9,"featured_media":0,"parent":10299,"menu_order":0,"comment_status":"closed","ping_status":"closed","template":"","meta":{"footnotes":""},"class_list":["post-28876","page","type-page","status-publish","hentry"],"yoast_head":"<!-- This site is optimized with the Yoast SEO plugin v27.4 - https:\/\/yoast.com\/product\/yoast-seo-wordpress\/ -->\n<title>Projektansatz - FireWare<\/title>\n<meta name=\"robots\" content=\"index, follow, max-snippet:-1, max-image-preview:large, max-video-preview:-1\" \/>\n<link rel=\"canonical\" href=\"https:\/\/www.fireware.nl\/de\/design\/projektansatz\/\" \/>\n<meta property=\"og:locale\" content=\"de_DE\" \/>\n<meta property=\"og:type\" content=\"article\" \/>\n<meta property=\"og:title\" content=\"Projektansatz - FireWare\" \/>\n<meta property=\"og:description\" content=\"Wenn man etwas Gro\u00dfes erreichen will, braucht man manchmal etwas Hilfe von au\u00dfen. Man hat zum Beispiel genau vor Augen,...\" \/>\n<meta property=\"og:url\" content=\"https:\/\/www.fireware.nl\/de\/design\/projektansatz\/\" \/>\n<meta property=\"og:site_name\" content=\"FireWare\" \/>\n<meta property=\"article:publisher\" content=\"https:\/\/www.facebook.com\/FireWareBV\/\" \/>\n<meta property=\"article:modified_time\" content=\"2019-04-04T11:22:22+00:00\" \/>\n<meta name=\"twitter:card\" content=\"summary_large_image\" \/>\n<meta name=\"twitter:site\" content=\"@FireWarebv\" \/>\n<meta name=\"twitter:label1\" content=\"Gesch\u00e4tzte Lesezeit\" \/>\n\t<meta name=\"twitter:data1\" content=\"3\u00a0Minuten\" \/>\n<script type=\"application\/ld+json\" class=\"yoast-schema-graph\">{\"@context\":\"https:\\\/\\\/schema.org\",\"@graph\":[{\"@type\":\"WebPage\",\"@id\":\"https:\\\/\\\/www.fireware.nl\\\/de\\\/design\\\/projektansatz\\\/\",\"url\":\"https:\\\/\\\/www.fireware.nl\\\/de\\\/design\\\/projektansatz\\\/\",\"name\":\"Projektansatz - FireWare\",\"isPartOf\":{\"@id\":\"https:\\\/\\\/www.fireware.nl\\\/de\\\/#website\"},\"datePublished\":\"2019-04-04T11:20:40+00:00\",\"dateModified\":\"2019-04-04T11:22:22+00:00\",\"breadcrumb\":{\"@id\":\"https:\\\/\\\/www.fireware.nl\\\/de\\\/design\\\/projektansatz\\\/#breadcrumb\"},\"inLanguage\":\"de\",\"potentialAction\":[{\"@type\":\"ReadAction\",\"target\":[\"https:\\\/\\\/www.fireware.nl\\\/de\\\/design\\\/projektansatz\\\/\"]}]},{\"@type\":\"BreadcrumbList\",\"@id\":\"https:\\\/\\\/www.fireware.nl\\\/de\\\/design\\\/projektansatz\\\/#breadcrumb\",\"itemListElement\":[{\"@type\":\"ListItem\",\"position\":1,\"name\":\"Home\",\"item\":\"https:\\\/\\\/www.fireware.nl\\\/de\\\/\"},{\"@type\":\"ListItem\",\"position\":2,\"name\":\"Design\",\"item\":\"https:\\\/\\\/www.fireware.nl\\\/de\\\/design\\\/\"},{\"@type\":\"ListItem\",\"position\":3,\"name\":\"Projektansatz\"}]},{\"@type\":\"WebSite\",\"@id\":\"https:\\\/\\\/www.fireware.nl\\\/de\\\/#website\",\"url\":\"https:\\\/\\\/www.fireware.nl\\\/de\\\/\",\"name\":\"FireWare\",\"description\":\"CREATING REALISTIC  TRAINING ENVIRONMENTS\",\"publisher\":{\"@id\":\"https:\\\/\\\/www.fireware.nl\\\/de\\\/#organization\"},\"potentialAction\":[{\"@type\":\"SearchAction\",\"target\":{\"@type\":\"EntryPoint\",\"urlTemplate\":\"https:\\\/\\\/www.fireware.nl\\\/de\\\/?s={search_term_string}\"},\"query-input\":{\"@type\":\"PropertyValueSpecification\",\"valueRequired\":true,\"valueName\":\"search_term_string\"}}],\"inLanguage\":\"de\"},{\"@type\":\"Organization\",\"@id\":\"https:\\\/\\\/www.fireware.nl\\\/de\\\/#organization\",\"name\":\"FireWare\",\"url\":\"https:\\\/\\\/www.fireware.nl\\\/de\\\/\",\"logo\":{\"@type\":\"ImageObject\",\"inLanguage\":\"de\",\"@id\":\"https:\\\/\\\/www.fireware.nl\\\/de\\\/#\\\/schema\\\/logo\\\/image\\\/\",\"url\":\"https:\\\/\\\/www.fireware.nl\\\/wp-content\\\/uploads\\\/2018\\\/10\\\/fireware-logo.png\",\"contentUrl\":\"https:\\\/\\\/www.fireware.nl\\\/wp-content\\\/uploads\\\/2018\\\/10\\\/fireware-logo.png\",\"width\":200,\"height\":86,\"caption\":\"FireWare\"},\"image\":{\"@id\":\"https:\\\/\\\/www.fireware.nl\\\/de\\\/#\\\/schema\\\/logo\\\/image\\\/\"},\"sameAs\":[\"https:\\\/\\\/www.facebook.com\\\/FireWareBV\\\/\",\"https:\\\/\\\/x.com\\\/FireWarebv\",\"https:\\\/\\\/www.instagram.com\\\/fireware_nl\\\/\",\"https:\\\/\\\/www.linkedin.com\\\/company\\\/3586017\\\/\",\"https:\\\/\\\/www.youtube.com\\\/user\\\/firesalesrentconsult\"]}]}<\/script>\n<!-- \/ Yoast SEO plugin. -->","yoast_head_json":{"title":"Projektansatz - FireWare","robots":{"index":"index","follow":"follow","max-snippet":"max-snippet:-1","max-image-preview":"max-image-preview:large","max-video-preview":"max-video-preview:-1"},"canonical":"https:\/\/www.fireware.nl\/de\/design\/projektansatz\/","og_locale":"de_DE","og_type":"article","og_title":"Projektansatz - FireWare","og_description":"Wenn man etwas Gro\u00dfes erreichen will, braucht man manchmal etwas Hilfe von au\u00dfen. Man hat zum Beispiel genau vor Augen,...","og_url":"https:\/\/www.fireware.nl\/de\/design\/projektansatz\/","og_site_name":"FireWare","article_publisher":"https:\/\/www.facebook.com\/FireWareBV\/","article_modified_time":"2019-04-04T11:22:22+00:00","twitter_card":"summary_large_image","twitter_site":"@FireWarebv","twitter_misc":{"Gesch\u00e4tzte Lesezeit":"3\u00a0Minuten"},"schema":{"@context":"https:\/\/schema.org","@graph":[{"@type":"WebPage","@id":"https:\/\/www.fireware.nl\/de\/design\/projektansatz\/","url":"https:\/\/www.fireware.nl\/de\/design\/projektansatz\/","name":"Projektansatz - FireWare","isPartOf":{"@id":"https:\/\/www.fireware.nl\/de\/#website"},"datePublished":"2019-04-04T11:20:40+00:00","dateModified":"2019-04-04T11:22:22+00:00","breadcrumb":{"@id":"https:\/\/www.fireware.nl\/de\/design\/projektansatz\/#breadcrumb"},"inLanguage":"de","potentialAction":[{"@type":"ReadAction","target":["https:\/\/www.fireware.nl\/de\/design\/projektansatz\/"]}]},{"@type":"BreadcrumbList","@id":"https:\/\/www.fireware.nl\/de\/design\/projektansatz\/#breadcrumb","itemListElement":[{"@type":"ListItem","position":1,"name":"Home","item":"https:\/\/www.fireware.nl\/de\/"},{"@type":"ListItem","position":2,"name":"Design","item":"https:\/\/www.fireware.nl\/de\/design\/"},{"@type":"ListItem","position":3,"name":"Projektansatz"}]},{"@type":"WebSite","@id":"https:\/\/www.fireware.nl\/de\/#website","url":"https:\/\/www.fireware.nl\/de\/","name":"FireWare","description":"CREATING REALISTIC  TRAINING ENVIRONMENTS","publisher":{"@id":"https:\/\/www.fireware.nl\/de\/#organization"},"potentialAction":[{"@type":"SearchAction","target":{"@type":"EntryPoint","urlTemplate":"https:\/\/www.fireware.nl\/de\/?s={search_term_string}"},"query-input":{"@type":"PropertyValueSpecification","valueRequired":true,"valueName":"search_term_string"}}],"inLanguage":"de"},{"@type":"Organization","@id":"https:\/\/www.fireware.nl\/de\/#organization","name":"FireWare","url":"https:\/\/www.fireware.nl\/de\/","logo":{"@type":"ImageObject","inLanguage":"de","@id":"https:\/\/www.fireware.nl\/de\/#\/schema\/logo\/image\/","url":"https:\/\/www.fireware.nl\/wp-content\/uploads\/2018\/10\/fireware-logo.png","contentUrl":"https:\/\/www.fireware.nl\/wp-content\/uploads\/2018\/10\/fireware-logo.png","width":200,"height":86,"caption":"FireWare"},"image":{"@id":"https:\/\/www.fireware.nl\/de\/#\/schema\/logo\/image\/"},"sameAs":["https:\/\/www.facebook.com\/FireWareBV\/","https:\/\/x.com\/FireWarebv","https:\/\/www.instagram.com\/fireware_nl\/","https:\/\/www.linkedin.com\/company\/3586017\/","https:\/\/www.youtube.com\/user\/firesalesrentconsult"]}]}},"publishpress_future_action":{"enabled":false,"date":"2026-04-24 16:18:16","action":"change-status","newStatus":"draft","terms":[],"taxonomy":"translation_priority","extraData":[]},"publishpress_future_workflow_manual_trigger":{"enabledWorkflows":[]},"_links":{"self":[{"href":"https:\/\/www.fireware.nl\/de\/wp-json\/wp\/v2\/pages\/28876","targetHints":{"allow":["GET"]}}],"collection":[{"href":"https:\/\/www.fireware.nl\/de\/wp-json\/wp\/v2\/pages"}],"about":[{"href":"https:\/\/www.fireware.nl\/de\/wp-json\/wp\/v2\/types\/page"}],"author":[{"embeddable":true,"href":"https:\/\/www.fireware.nl\/de\/wp-json\/wp\/v2\/users\/9"}],"replies":[{"embeddable":true,"href":"https:\/\/www.fireware.nl\/de\/wp-json\/wp\/v2\/comments?post=28876"}],"version-history":[{"count":0,"href":"https:\/\/www.fireware.nl\/de\/wp-json\/wp\/v2\/pages\/28876\/revisions"}],"up":[{"embeddable":true,"href":"https:\/\/www.fireware.nl\/de\/wp-json\/wp\/v2\/pages\/10299"}],"wp:attachment":[{"href":"https:\/\/www.fireware.nl\/de\/wp-json\/wp\/v2\/media?parent=28876"}],"curies":[{"name":"wp","href":"https:\/\/api.w.org\/{rel}","templated":true}]}}